{"id":684,"date":"2023-11-27T18:55:18","date_gmt":"2023-11-27T17:55:18","guid":{"rendered":"https:\/\/estudiowebperu.com\/ta\/?post_type=product&#038;p=684"},"modified":"2024-05-14T22:18:24","modified_gmt":"2024-05-15T03:18:24","slug":"pretty-love-abner","status":"publish","type":"product","link":"https:\/\/tiendasamor.com\/index.php\/producto\/pretty-love-abner\/","title":{"rendered":"Pretty Love Abner"},"content":{"rendered":"<ul>\n<li>Huevo vibrador.<\/li>\n<li>12 Modos de vibraci\u00f3n.<\/li>\n<li>Intensidades ajustables.<\/li>\n<li>Super silencioso.<\/li>\n<li>Cuerpo recubierto en silicona.<\/li>\n<li>Inal\u00e1mbrico con control Bluetooth por app (IOS y Android)<\/li>\n<li>Recarga USB.<\/li>\n<li>F\u00e1cil de limpiar.<\/li>\n<li>Material seguro al cuerpo.<\/li>\n<\/ul>\n<p>Procura tu m\u00e1ximo goce!<\/p>\n<p>Disfruta del placer mientras viajas con este peque\u00f1o huevo vibrador remoto incre\u00edblemente discreto.\u00a0Esta bala de huevo es suave y redondeada con una punta c\u00f3nica para una estimulaci\u00f3n perfecta y es ideal para los juegos previos y la estimulaci\u00f3n durante el d\u00eda.\u00a0Lleva tu vida amorosa al siguiente nivel y cede el control a tu pareja.\u00a0Deslice esta belleza er\u00f3tica en su ropa interior, para que pueda recibir un incre\u00edble placer espont\u00e1neo de manos de su pareja, sin importar su ubicaci\u00f3n.\u00a0Avanzado con aplicaciones gratuitas de control de tel\u00e9fonos inteligentes, los huevos est\u00e1n hechos de silicona e incluyen 12 funciones diferentes de vibraci\u00f3n.\u00a0Es algo que definitivamente no te querr\u00e1s perder.<\/p>\n","protected":false},"excerpt":{"rendered":"<p>SKU: BI-014362HP<\/p>\n","protected":false},"featured_media":685,"comment_status":"open","ping_status":"closed","template":"","meta":[],"product_brand":[],"product_cat":[40,18,27],"product_tag":[],"class_list":{"0":"post-684","1":"product","2":"type-product","3":"status-publish","4":"has-post-thumbnail","6":"product_cat-bolas-chinas","7":"product_cat-juguetes","8":"product_cat-vibradores","10":"first","11":"instock","12":"shipping-taxable","13":"purchasable","14":"product-type-simple"},"_links":{"self":[{"href":"https:\/\/tiendasamor.com\/index.php\/wp-json\/wp\/v2\/product\/684","targetHints":{"allow":["GET"]}}],"collection":[{"href":"https:\/\/tiendasamor.com\/index.php\/wp-json\/wp\/v2\/product"}],"about":[{"href":"https:\/\/tiendasamor.com\/index.php\/wp-json\/wp\/v2\/types\/product"}],"replies":[{"embeddable":true,"href":"https:\/\/tiendasamor.com\/index.php\/wp-json\/wp\/v2\/comments?post=684"}],"wp:featuredmedia":[{"embeddable":true,"href":"https:\/\/tiendasamor.com\/index.php\/wp-json\/wp\/v2\/media\/685"}],"wp:attachment":[{"href":"https:\/\/tiendasamor.com\/index.php\/wp-json\/wp\/v2\/media?parent=684"}],"wp:term":[{"taxonomy":"product_brand","embeddable":true,"href":"https:\/\/tiendasamor.com\/index.php\/wp-json\/wp\/v2\/product_brand?post=684"},{"taxonomy":"product_cat","embeddable":true,"href":"https:\/\/tiendasamor.com\/index.php\/wp-json\/wp\/v2\/product_cat?post=684"},{"taxonomy":"product_tag","embeddable":true,"href":"https:\/\/tiendasamor.com\/index.php\/wp-json\/wp\/v2\/product_tag?post=684"}],"curies":[{"name":"wp","href":"https:\/\/api.w.org\/{rel}","templated":true}]}}