{"id":676,"date":"2023-11-27T18:40:53","date_gmt":"2023-11-27T17:40:53","guid":{"rendered":"https:\/\/estudiowebperu.com\/ta\/?post_type=product&#038;p=676"},"modified":"2024-05-14T19:38:05","modified_gmt":"2024-05-15T00:38:05","slug":"alphaman-original","status":"publish","type":"product","link":"https:\/\/tiendasamor.com\/index.php\/producto\/alphaman-original\/","title":{"rendered":"Alphaman Original"},"content":{"rendered":"<p>Su acci\u00f3n principal es aumentar el flujo sangu\u00edneo a los tejidos er\u00e9ctiles.<br \/>\nEstimulante y vigorizante.<br \/>\nPreviene la eyaculaci\u00f3n precoz.<br \/>\nMantiene una ereccion duradera.<br \/>\nTe ayuda mantener una ereccion firme<\/p>\n<p><b>Alpha man potenciador sexual 20 c\u00e1psulas \u2013 energizante y vigorizante.<\/b><\/p>\n<p>Alpha man potenciador sexual es la combinacion de hierbas de la selva y andes\u00a0 que ayudan a mejorar su deseo sexual, eyaculacion precoz, matener una ereccion mas duradera, adem\u00e1s mantiene los niveles altos de testosterona en le cuerpo.<\/p>\n<p>Cuenta tambi\u00e9n con un alto contenido de nutrientes que aportan execelentes beneficios para los deportistas y personas con un alto cargo labral<\/p>\n<p>En naturalmaxx nos esforzamos para ofrecerte\u00a0 un producto de la mejor calidad con ingredientes naturales para brindarle una opci\u00f3n puramente sana y saludable.<\/p>\n<p>Beneficios de alpha man:<\/p>\n<p>Alpha man contiene multiples beneficios en el cuerpo pero estos son alguno de ellos:<\/p>\n<ul>\n<li>Su acci\u00f3n\u00a0principal es aumentar el flujo sangu\u00edneo a los tejidos er\u00e9ctiles.<\/li>\n<li>Estimulante y vigorizante.<\/li>\n<li>Previene la eyaculaci\u00f3n\u00a0precoz.<\/li>\n<li>Mantiene una ereccion duradera.<\/li>\n<li>Te ayuda mantener una ereccion firme<\/li>\n<\/ul>\n<p><strong>Efectos secundarios de <\/strong>alpha man<strong>:<\/strong><\/p>\n<p>Evitar el consumo en personas con hipertensi\u00f3n y problemas al coraz\u00f3n. Precauciones y advertencia: no exceder la dosis recomendada.<\/p>\n<p><strong>Composici\u00f3n<\/strong><\/p>\n<ul>\n<li>Maca<\/li>\n<li>Huanarpo macho<\/li>\n<li>Algarrobo<\/li>\n<li>Malta.<\/li>\n<\/ul>\n<p><strong>Opini\u00f3n Farmac\u00e9utica:<\/strong><\/p>\n<p>No superar la dosis diaria recomendada. Los complementos alimenticios no son sustitutivos de una dieta sana y equilibrada ni de un estilo de vida saludable.<\/p>\n","protected":false},"excerpt":{"rendered":"<p>Su acci\u00f3n principal es aumentar el flujo sangu\u00edneo a los tejidos er\u00e9ctiles. Estimulante y vigorizante. Previene la eyaculaci\u00f3n precoz. Mantiene una ereccion duradera. Te ayuda mantener una ereccion firme Alpha man potenciador sexual 20 c\u00e1psulas \u2013 energizante y vigorizante. Alpha man potenciador sexual es la combinacion de hierbas de la selva y andes\u00a0 que ayudan [&hellip;]<\/p>\n","protected":false},"featured_media":677,"comment_status":"open","ping_status":"closed","template":"","meta":[],"product_brand":[],"product_cat":[39,21],"product_tag":[],"class_list":{"0":"post-676","1":"product","2":"type-product","3":"status-publish","4":"has-post-thumbnail","6":"product_cat-desarrolladores","7":"product_cat-potencia-sexual","9":"first","10":"instock","11":"featured","12":"shipping-taxable","13":"purchasable","14":"product-type-simple"},"_links":{"self":[{"href":"https:\/\/tiendasamor.com\/index.php\/wp-json\/wp\/v2\/product\/676","targetHints":{"allow":["GET"]}}],"collection":[{"href":"https:\/\/tiendasamor.com\/index.php\/wp-json\/wp\/v2\/product"}],"about":[{"href":"https:\/\/tiendasamor.com\/index.php\/wp-json\/wp\/v2\/types\/product"}],"replies":[{"embeddable":true,"href":"https:\/\/tiendasamor.com\/index.php\/wp-json\/wp\/v2\/comments?post=676"}],"wp:featuredmedia":[{"embeddable":true,"href":"https:\/\/tiendasamor.com\/index.php\/wp-json\/wp\/v2\/media\/677"}],"wp:attachment":[{"href":"https:\/\/tiendasamor.com\/index.php\/wp-json\/wp\/v2\/media?parent=676"}],"wp:term":[{"taxonomy":"product_brand","embeddable":true,"href":"https:\/\/tiendasamor.com\/index.php\/wp-json\/wp\/v2\/product_brand?post=676"},{"taxonomy":"product_cat","embeddable":true,"href":"https:\/\/tiendasamor.com\/index.php\/wp-json\/wp\/v2\/product_cat?post=676"},{"taxonomy":"product_tag","embeddable":true,"href":"https:\/\/tiendasamor.com\/index.php\/wp-json\/wp\/v2\/product_tag?post=676"}],"curies":[{"name":"wp","href":"https:\/\/api.w.org\/{rel}","templated":true}]}}