{"id":671,"date":"2023-11-27T18:36:10","date_gmt":"2023-11-27T17:36:10","guid":{"rendered":"https:\/\/estudiowebperu.com\/ta\/?post_type=product&#038;p=671"},"modified":"2024-05-14T19:38:09","modified_gmt":"2024-05-15T00:38:09","slug":"testo-ultra-original","status":"publish","type":"product","link":"https:\/\/tiendasamor.com\/index.php\/producto\/testo-ultra-original\/","title":{"rendered":"Testo Ultra Original"},"content":{"rendered":"<ul class=\"a-unordered-list a-vertical a-spacing-mini\">\n<li class=\"a-spacing-mini\"><span class=\"a-list-item\">Maximizar la construcci\u00f3n muscular y aumentar el nivel de energ\u00eda.<\/span><\/li>\n<li class=\"a-spacing-mini\"><span class=\"a-list-item\">Aumenta el rendimiento del entrenamiento y mejora la resistencia.<\/span><\/li>\n<li class=\"a-spacing-mini\"><span class=\"a-list-item\">Aumenta el deseo y la duraci\u00f3n con su pareja.<\/span><\/li>\n<\/ul>\n<p>\u2022 Mayor virilidad \u2022 Energ\u00eda sexual duradera \u2022 Orgasmos m\u00e1s intensos y potentes \u2022 Apoyo hormonal<\/p>\n<p>TestoUltra es la \u00fanica p\u00edldora 100% natural, segura y eficaz que puede ofrecer la soluci\u00f3n completa a los desaf\u00edos de la vida sexual de un hombre.\u00a0S\u00f3lo TestoUltra puede prometer m\u00e1s virilidad, potencia y placer sin riesgos para la salud y sin receta.\u00a0TestoUltra utiliza componentes clave para aumentar sus niveles de testosterona y aumentar su apetito sexual.<\/p>\n<p>\u2022 Mayor virilidad<\/p>\n<p>\u2022 Energ\u00eda sexual duradera<\/p>\n<p>\u2022 Orgasmos m\u00e1s intensos y potentes<\/p>\n<p>\u2022 Apoyo hormonal<\/p>\n<div><\/div>\n<h3>Datos complementarios<\/h3>\n<div>\n<p><em>Ingredientes<\/em>\u00a0: 742 mg por c\u00e1psula<\/p>\n<p>\u2022 Extracto de ra\u00edz de \u00f1ame silvestre<\/p>\n<p>\u2022 Extracto de ra\u00edz de zarzaparrilla<\/p>\n<p>\u2022 Extracto de ra\u00edz de Tongkat Ali (Eurycoma Longifolia)<\/p>\n<p>\u2022 Extracto de fruto de palma enana americana<\/p>\n<p>\u2022 Extracto de ra\u00edz de ortiga<\/p>\n<p>\u2022 Extracto de hierba de cabra en celo (Epimedium grandifora)<\/p>\n<p>\u2022 Quelato de amino\u00e1cido de boro<\/p>\n<p><em>Otros ingredientes<\/em>\u00a0: Cubierta de la pastilla: Hidroxipropilmetilcelulosa, estearato de magnesio y carbonato de calcio<\/p>\n<p><em>Uso sugerido<\/em>\u00a0: Tomar una [1] c\u00e1psula por la ma\u00f1ana y una [1] c\u00e1psula antes de la actividad f\u00edsica.<\/p>\n<\/div>\n","protected":false},"excerpt":{"rendered":"<p>SKU: Testo Ultra<\/p>\n","protected":false},"featured_media":673,"comment_status":"open","ping_status":"closed","template":"","meta":[],"product_brand":[],"product_cat":[39,21],"product_tag":[],"class_list":{"0":"post-671","1":"product","2":"type-product","3":"status-publish","4":"has-post-thumbnail","6":"product_cat-desarrolladores","7":"product_cat-potencia-sexual","9":"first","10":"instock","11":"featured","12":"shipping-taxable","13":"purchasable","14":"product-type-simple"},"_links":{"self":[{"href":"https:\/\/tiendasamor.com\/index.php\/wp-json\/wp\/v2\/product\/671","targetHints":{"allow":["GET"]}}],"collection":[{"href":"https:\/\/tiendasamor.com\/index.php\/wp-json\/wp\/v2\/product"}],"about":[{"href":"https:\/\/tiendasamor.com\/index.php\/wp-json\/wp\/v2\/types\/product"}],"replies":[{"embeddable":true,"href":"https:\/\/tiendasamor.com\/index.php\/wp-json\/wp\/v2\/comments?post=671"}],"wp:featuredmedia":[{"embeddable":true,"href":"https:\/\/tiendasamor.com\/index.php\/wp-json\/wp\/v2\/media\/673"}],"wp:attachment":[{"href":"https:\/\/tiendasamor.com\/index.php\/wp-json\/wp\/v2\/media?parent=671"}],"wp:term":[{"taxonomy":"product_brand","embeddable":true,"href":"https:\/\/tiendasamor.com\/index.php\/wp-json\/wp\/v2\/product_brand?post=671"},{"taxonomy":"product_cat","embeddable":true,"href":"https:\/\/tiendasamor.com\/index.php\/wp-json\/wp\/v2\/product_cat?post=671"},{"taxonomy":"product_tag","embeddable":true,"href":"https:\/\/tiendasamor.com\/index.php\/wp-json\/wp\/v2\/product_tag?post=671"}],"curies":[{"name":"wp","href":"https:\/\/api.w.org\/{rel}","templated":true}]}}