{"id":668,"date":"2023-11-27T18:12:14","date_gmt":"2023-11-27T17:12:14","guid":{"rendered":"https:\/\/estudiowebperu.com\/ta\/?post_type=product&#038;p=668"},"modified":"2024-05-14T19:38:13","modified_gmt":"2024-05-15T00:38:13","slug":"bio-prost-original","status":"publish","type":"product","link":"https:\/\/tiendasamor.com\/index.php\/producto\/bio-prost-original\/","title":{"rendered":"Bio Prost Original"},"content":{"rendered":"<p><b><strong>Bio prost Per\u00fa 20 C\u00e1psulas \u2013 Energizante natural<\/strong><\/b><\/p>\n<p>Bio prost contiene una poderosa combinaci\u00f3n de plantas de todo el mundo, que fueron seleccionadas por contener propiedades en la ayuda de la desinflamaci\u00f3n de la pr\u00f3stata, defunci\u00f3n er\u00e9ctil, aumento de la resistencia, reduce el tiempo de la recuperaci\u00f3n despu\u00e9s del acto sexual. Este excelente producto gracias a sus propiedades lo ayudar\u00e1n a olvidarse de sus problemas sexuales.<\/p>\n<p><b><strong>Bioprost peru<\/strong><\/b>\u00a0se esfuerza para ofrecerte un producto de la mejor calidad con ingredientes naturales.<\/p>\n<p>Beneficios de Bio prost:<\/p>\n<ul>\n<li>Excelente para aumentar crecimiento del miembro viril masculino.<\/li>\n<li>Su acci\u00f3n\u00a0principal es aumentar el flujo sangu\u00edneo a los tejidos er\u00e9ctiles.<\/li>\n<li>Estimulante y vigorizante.<\/li>\n<li>Previene la eyaculaci\u00f3n\u00a0precoz.<\/li>\n<li>Aumenta la duraci\u00f3n del acto sexual.<\/li>\n<li>Dilataci\u00f3n de los vasos cavernosos del pene<\/li>\n<li>Desarrollo del pene largo y grueso<\/li>\n<\/ul>\n<p><b><strong>Efectos secundarios de\u00a0Bioprost<\/strong><\/b><b><strong>:<\/strong><\/b><\/p>\n<p>Evitar el consumo en personas con hipertensi\u00f3n y problemas al coraz\u00f3n. Precauciones y advertencia: no exceder la dosis recomendada.<\/p>\n<p><b><strong>Composici\u00f3n<\/strong><\/b><\/p>\n<ul>\n<li>saw palmetto<\/li>\n<li>chanca piedra<\/li>\n<li>licopeno<\/li>\n<li>cola de caballo<\/li>\n<li><strong>Achiote o Annato (Bixa Orellana)<\/strong>\u00a0\u2013 Es el componente principal del producto es el extracto de achiote, una planta tropical que ayuda a aliviar la inflamaci\u00f3n y restaurar las funciones urogenitales del cuerpo masculino.<strong>U\u00f1a de Gato (Uncaria Tomentosa)\u00a0<\/strong>\u2013 Tiene una acci\u00f3n antioxidante y anti-tumoral, proporcionando una protecci\u00f3n confiable contra la prostatitis y el adenoma de la pr\u00f3stata.<strong>Chanca Piedra (Phyllanthus Niruri)<\/strong>\u00a0\u2013 Conocida por su capacidad excepcional para aflojar cualquier formaci\u00f3n de piedra en el sistema urinario, lo que garantiza la salud no solo de los genitales, sino tambi\u00e9n de los ri\u00f1ones.<strong>Licopeno<\/strong>\u00a0\u2013 Se encuentra en los tomates y otras frutas y verduras de color rojo, estudios realizados revelan que su consumo reduce hasta en 45% las posibilidades de desarrollar cancer de pr\u00f3stata<\/li>\n<li><strong>Semillas de calabaza<\/strong>\u00a0\u2013 Tiene un efecto beneficioso para la salud de la pr\u00f3stata, es eficaz como tratamiento complementario contra la hiperplasia benigna de pr\u00f3stata.<strong>Cola de caballo\u00a0<\/strong>\u2013 Al ser una planta diur\u00e9tica se utiliza sobre todo en personas con problemas de vejiga y pr\u00f3stata. Es una planta depurativa, por lo que ayuda a bajar la inflamaci\u00f3n de la pr\u00f3stata.<strong>Graviola\u00a0<\/strong>\u2013 Resulta ser un complemento extremadamente eficaz para prevenir el c\u00e1ncer de pr\u00f3stata.<\/li>\n<\/ul>\n<p><b><strong>Opini\u00f3n Farmac\u00e9utica:<\/strong><\/b><\/p>\n<p>No superar la dosis diaria recomendada. Los complementos alimenticios no son sustitutivos de una dieta sana y equilibrada ni de un estilo de vida saludable.<\/p>\n<p>MODO DE USO:<\/p>\n<p>\u2013 Para aumentar la libido y prolongar la duraci\u00f3n de la eyaculaci\u00f3n, ingerir de 1\u00a0c\u00e1psula (media hora antes de mantener relaciones sexuales).<\/p>\n<p>-tomar de 1 a\u00a0 2 capsula diarias para tratamiento de inflamaci\u00f3n en la pr\u00f3stata.<\/p>\n","protected":false},"excerpt":{"rendered":"<p>SKU: BioProst 20<\/p>\n","protected":false},"featured_media":669,"comment_status":"open","ping_status":"closed","template":"","meta":[],"product_brand":[],"product_cat":[39,21],"product_tag":[],"class_list":{"0":"post-668","1":"product","2":"type-product","3":"status-publish","4":"has-post-thumbnail","6":"product_cat-desarrolladores","7":"product_cat-potencia-sexual","9":"first","10":"instock","11":"featured","12":"shipping-taxable","13":"purchasable","14":"product-type-simple"},"_links":{"self":[{"href":"https:\/\/tiendasamor.com\/index.php\/wp-json\/wp\/v2\/product\/668","targetHints":{"allow":["GET"]}}],"collection":[{"href":"https:\/\/tiendasamor.com\/index.php\/wp-json\/wp\/v2\/product"}],"about":[{"href":"https:\/\/tiendasamor.com\/index.php\/wp-json\/wp\/v2\/types\/product"}],"replies":[{"embeddable":true,"href":"https:\/\/tiendasamor.com\/index.php\/wp-json\/wp\/v2\/comments?post=668"}],"wp:featuredmedia":[{"embeddable":true,"href":"https:\/\/tiendasamor.com\/index.php\/wp-json\/wp\/v2\/media\/669"}],"wp:attachment":[{"href":"https:\/\/tiendasamor.com\/index.php\/wp-json\/wp\/v2\/media?parent=668"}],"wp:term":[{"taxonomy":"product_brand","embeddable":true,"href":"https:\/\/tiendasamor.com\/index.php\/wp-json\/wp\/v2\/product_brand?post=668"},{"taxonomy":"product_cat","embeddable":true,"href":"https:\/\/tiendasamor.com\/index.php\/wp-json\/wp\/v2\/product_cat?post=668"},{"taxonomy":"product_tag","embeddable":true,"href":"https:\/\/tiendasamor.com\/index.php\/wp-json\/wp\/v2\/product_tag?post=668"}],"curies":[{"name":"wp","href":"https:\/\/api.w.org\/{rel}","templated":true}]}}