{"id":659,"date":"2023-11-27T17:51:06","date_gmt":"2023-11-27T16:51:06","guid":{"rendered":"https:\/\/estudiowebperu.com\/ta\/?post_type=product&#038;p=659"},"modified":"2024-05-14T19:38:17","modified_gmt":"2024-05-15T00:38:17","slug":"vigor-360-original","status":"publish","type":"product","link":"https:\/\/tiendasamor.com\/index.php\/producto\/vigor-360-original\/","title":{"rendered":"Vigor 360 Original"},"content":{"rendered":"<p>SEA UN AMANTE INVENCIBLE CON Vigor360<\/p>\n<p class=\"sec1_h3___25_4sf2siV main_subtitle___-xtwELOSzn\">Con Vigor360, cada hombre podr\u00e1 tener el rendimiento sexual y la resistencia que vuelve locas a las mujeres.<\/p>\n<p>Vigor360 es la \u00fanica p\u00edldora 100% natural, segura y efectiva que puede proporcionar la soluci\u00f3n completa a los desaf\u00edos de la vida sexual de un hombre. S\u00f3lo Vigor360 puede prometer m\u00e1s virilidad, fuerza y placer sin riesgos para la salud y sin receta m\u00e9dica. Esto se debe a que Vigor360 combina ingredientes naturales con eficacia probada en la concentraci\u00f3n que usted necesita para obtener los m\u00e1ximos resultados en su libido.<\/p>\n<p class=\"sec1_p2___n17kmKn0Ad main_p___16zGRbKc48\">Imagine las incre\u00edbles noches de placer va a ser capaz de tener con un pene m\u00e1s r\u00edgido durante horas. Imagine la cara de sorpresa de ella cuando vea el tama\u00f1o de su pene erecto gracias a Vigor360. Imagine la vida sexual que siempre quiso, el estado de \u00e1nimo, la salud \u00a1y la seguridad en s\u00ed mismo!<\/p>\n<p class=\"sec1_p3___1eZSI3p3R5 main_p___16zGRbKc48\">Deje de imaginar: Obtenga Vigor360 y tenga a las mujeres a sus pies, pidiendo m\u00e1s<\/p>\n<section class=\"sec2___1n1gqMOKya\">\n<div class=\"container___3QwOzER-_1\">\n<p class=\"sec2_h2___2YJ4QCKMNf main_title___2JwPx5u0J6\">Vigor360 LE PERMITE A UN HOMBRE MEJORAR SU RENDIMIENTO SEXUAL<\/p>\n<p class=\"sec2_h3___11wWymcV93 main_subtitle___-xtwELOSzn\">Al tomar Vigor360 siguiendo las indicaciones, usted sentir\u00e1 estos efectos:<\/p>\n<ul class=\"sec2_ul___1KkEHoQ6Yt\">\n<li class=\"sec2_li1___22dz25-AKw sec2_list___24KG6tZs8X\">ENERG\u00cdA SEXUAL DE LARGA DURACI\u00d3N<\/li>\n<li class=\"sec2_li1___22dz25-AKw sec2_list___24KG6tZs8X\"><small>Adem\u00e1s de tener un mayor apetito sexual y aumento del placer, Vigor360 lo deja lleno de energ\u00eda para disfrutar toda la noche sin parar. Aproveche su nueva potencia sexual.<\/small><\/li>\n<li class=\"sec2_li2___3CTgoaMqyG sec2_list___24KG6tZs8X\">MAYOR VIRILIDAD<small>Con dos p\u00edldoras al d\u00eda, usted sentir\u00e1 los efectos sobre su deseo sexual, potencia y la duraci\u00f3n de sus erecciones en la primera semana. \u00a1M\u00e1s placer y una mejor sexualidad!<\/small><\/li>\n<li class=\"sec2_li3___3oX2-dHeiK sec2_list___24KG6tZs8X\">M\u00c1XIMO PLACER <small>Orgasmos m\u00e1s intensos y potentes, elevan su disfrute a un nivel que ni siquiera usted sab\u00eda que fuera posible. Usted y su pareja \u00a1se sorprender\u00e1n!<\/small><\/li>\n<li>ENTIENDA POR QU\u00c9 Vigor360 FUNCIONA Conozca la acci\u00f3n integrada de las p\u00edldoras y los ejercicios que le ayudar\u00e1n a mejorar su vida sexual<\/li>\n<\/ul>\n<\/div>\n<\/section>\n<section class=\"sec3___1WTidrzLZD\">\n<div class=\"container___3QwOzER-_1\">\n<figure class=\"sec3_img___SQtLC9efEv\"><\/figure>\n<p class=\"sec3_p1___g_-a3Jcbht main_p___16zGRbKc48\">Dentro del pene, existen los cuerpos cavernosos, que son como c\u00e1maras que se llenan de sangre. Cuando estas c\u00e1maras est\u00e1n completamente llenas de sangre, se hinchan y producen una erecci\u00f3n.<\/p>\n<p class=\"sec3_p2___2Rhd-hs6UJ main_p___16zGRbKc48\">Mientras mayor sea la cantidad de sangre que los cuerpos cavernosos pueden almacenar, m\u00e1s potente ser\u00e1 su erecci\u00f3n. Pero para que esto suceda se necesita un cuerpo cavernoso sano, junto con un gran flujo de sangre y un equilibrio hormonal para producir apetito sexual.<\/p>\n<p class=\"sec3_p3___2fZOHL3NXS main_p___16zGRbKc48\">Y ah\u00ed es donde aparecen las p\u00edldoras Vigor360. Ellas trabajan en cuatro frentes que determinan la calidad del sexo y el poder de sus erecciones.<\/p>\n<\/div>\n<\/section>\n","protected":false},"excerpt":{"rendered":"<p>SKU: Vigor 360 Ultra<\/p>\n","protected":false},"featured_media":664,"comment_status":"open","ping_status":"closed","template":"","meta":[],"product_brand":[],"product_cat":[39,21],"product_tag":[],"class_list":{"0":"post-659","1":"product","2":"type-product","3":"status-publish","4":"has-post-thumbnail","6":"product_cat-desarrolladores","7":"product_cat-potencia-sexual","9":"first","10":"instock","11":"featured","12":"shipping-taxable","13":"purchasable","14":"product-type-simple"},"_links":{"self":[{"href":"https:\/\/tiendasamor.com\/index.php\/wp-json\/wp\/v2\/product\/659","targetHints":{"allow":["GET"]}}],"collection":[{"href":"https:\/\/tiendasamor.com\/index.php\/wp-json\/wp\/v2\/product"}],"about":[{"href":"https:\/\/tiendasamor.com\/index.php\/wp-json\/wp\/v2\/types\/product"}],"replies":[{"embeddable":true,"href":"https:\/\/tiendasamor.com\/index.php\/wp-json\/wp\/v2\/comments?post=659"}],"wp:featuredmedia":[{"embeddable":true,"href":"https:\/\/tiendasamor.com\/index.php\/wp-json\/wp\/v2\/media\/664"}],"wp:attachment":[{"href":"https:\/\/tiendasamor.com\/index.php\/wp-json\/wp\/v2\/media?parent=659"}],"wp:term":[{"taxonomy":"product_brand","embeddable":true,"href":"https:\/\/tiendasamor.com\/index.php\/wp-json\/wp\/v2\/product_brand?post=659"},{"taxonomy":"product_cat","embeddable":true,"href":"https:\/\/tiendasamor.com\/index.php\/wp-json\/wp\/v2\/product_cat?post=659"},{"taxonomy":"product_tag","embeddable":true,"href":"https:\/\/tiendasamor.com\/index.php\/wp-json\/wp\/v2\/product_tag?post=659"}],"curies":[{"name":"wp","href":"https:\/\/api.w.org\/{rel}","templated":true}]}}