{"id":656,"date":"2023-11-27T17:44:07","date_gmt":"2023-11-27T16:44:07","guid":{"rendered":"https:\/\/estudiowebperu.com\/ta\/?post_type=product&#038;p=656"},"modified":"2024-05-14T19:38:20","modified_gmt":"2024-05-15T00:38:20","slug":"alfaman-original","status":"publish","type":"product","link":"https:\/\/tiendasamor.com\/index.php\/producto\/alfaman-original\/","title":{"rendered":"Alfaman Original"},"content":{"rendered":"<ul class=\"bluetick\">\n<li><b>Suplementos de mejora masculina l\u00edderes en el mundo<\/b><\/li>\n<li>Ideal para aumentar el tama\u00f1o del pene<\/li>\n<li>Ayuda a mantener el empoderamiento y la sensaci\u00f3n durante la intimidad<\/li>\n<li>Potente mezcla de\u00a0<b>ingredientes naturales.<\/b><\/li>\n<li>Ingredientes energ\u00e9ticos,\u00a0 alcachofa maca negra guanarpo macho para para<\/li>\n<li><b>zinc, ginseng<\/b><\/li>\n<li>Enriquecido con Ginkgo Biloba y Ginseng Coreano para la virilidad<\/li>\n<li><b>una tableta potente todos los d\u00edas.<\/b><\/li>\n<li>30 tabletas \u2013 suministro para 1 mes<\/li>\n<\/ul>\n<p>AlfaMan Original<br \/>\nAlfaMan es una combinaci\u00f3n de ingredientes naturales que, gracias a su fuerza, te ayudar\u00e1 literalmente a destripar tu vida sexual.<br \/>\nLa acci\u00f3n de m\u00faltiples insumos te hace construir tu masculinidad de manera consistente y completa.<br \/>\nSe sabe que los compuestos incluidos en AlfaMan act\u00faan sobre el sistema vascular del pene, que durante la estimulaci\u00f3n act\u00faa como una bomba que aumenta su volumen. \u00bfEn qu\u00e9 manera? Regulan el metabolismo del \u00f3xido n\u00edtrico.<\/p>\n<p>Tres cient\u00edficos estadounidenses Robert Furchgott, Louis Ignarro y Ferid Murad recibieron el Premio Nobel de fisiolog\u00eda y medicina por su investigaci\u00f3n sobre el \u00f3xido n\u00edtrico en 1998. Descubrieron que las c\u00e9lulas que recubren los vasos sangu\u00edneos bajo la influencia de est\u00edmulos producen una mol\u00e9cula de \u00f3xido n\u00edtrico (NO), que luego penetran en el m\u00fasculo liso en la pared del vaso sangu\u00edneo. Esto da como resultado la relajaci\u00f3n de estos m\u00fasculos que conduce a la dilataci\u00f3n y aumenta el flujo sangu\u00edneo.<br \/>\nEso no es todo, los ingredientes contenidos en AlfaMan exhiben antiandrog\u00e9nicos. Causan que la inactivaci\u00f3n de la 5-alfa reductasa cataliza la conversi\u00f3n de testosterona en dihidrotestosterona y la inhibici\u00f3n de la aromatasa, involucrada en el metabolismo de la testosterona a estr\u00f3geno.<\/p>\n<p>Adem\u00e1s, estimulan de forma natural al organismo a regular el sistema endocrino, que es el responsable de la sexualidad masculina, el nivel de libido, la circulaci\u00f3n sangu\u00ednea y el buen funcionamiento de los \u00f3rganos sexuales. Se form\u00f3 emocionalmente al formar cualidades como determinaci\u00f3n, audacia, confianza, coraje, independencia.<\/p>\n<p>Los eleuter\u00f3sidos contenidos en la alcachoda estimulan el sistema nervioso central, aumentan la capacidad mental y f\u00edsica. Mejoran el bienestar general, influyen en los inmunoestimuladores, aumentan la tolerancia al estr\u00e9s. Adem\u00e1s, la combinaci\u00f3n de ingredientes tiene actividad antioxidante, protege contra los radicales libres y fortalece todo el cuerpo.<\/p>\n<p>AlfaMan: una clave para responder al problema<br \/>\nGracias a muchos a\u00f1os de investigaci\u00f3n y al desarrollo de conocimientos sobre el funcionamiento de nuestro cuerpo, la soluci\u00f3n de muchos problemas masculinos est\u00e1 a la vista.<\/p>\n<p>Los compuestos activos contenidos en AlfaMan:<br \/>\nAyudar a regular el sistema endocrino<br \/>\nApoyar el sistema cardiovasular<br \/>\nMejorar el flujo sangu\u00edneo a trav\u00e9s del pene<br \/>\nActo normalizador sobre el sistema nervioso central<br \/>\nLa incre\u00edble eficiencia de AlfaMan es el resultado del efecto de sinergia, que se ha logrado gracias a la proporci\u00f3n adecuada y la calidad m\u00e1s alta, continuamente mejorada.<\/p>\n<p>AlfaMan es un suplemento diet\u00e9tico revolucionario basado en ingredientes herbales naturales que le ayudar\u00e1n a maximizar el tama\u00f1o del pene que se merece.<\/p>\n<p>F\u00f3rmula \u00fanica AlfaMan<br \/>\nEl secreto de AlfaMan es la formulaci\u00f3n, elaborada en los m\u00e1s m\u00ednimos detalles. Los componentes utilizados para la fabricaci\u00f3n son ingredientes naturales y de la m\u00e1s alta calidad con propiedades de soporte corporal. El producto contiene sustancias que influyen positivamente en la mejora de la vida sexual.<\/p>\n<p>Componentes de AlfaMan:<br \/>\nAmpl\u00ede la descripci\u00f3n para conocer el funcionamiento detallado de los componentes AlfaMan. Tenga en cuenta que, debido a la opini\u00f3n del Jefe de Inspecci\u00f3n Sanitaria, el ingrediente epimedium se ha eliminado de la composici\u00f3n.<\/p>\n<p>Alcachofa<br \/>\nAlcachofa es una plata nativa de la cuenca del Amazonas, contiene aceites esenciales, esteroides vegetales, triterpenos, muirapuamie \u2013 alcaloide clave que regula la tensi\u00f3n del m\u00fasculo liso en corporea cavernosa, sesquiterpenos, monoterpenos y alcaloides. Esta planta ha sido utilizada durante siglos por los habitantes nativos de america del Sur en la terapia de la disminuci\u00f3n de la potencia y la libido, un fuerte afrodis\u00edaco. Mejora la resistencia sexual y aumenta la energ\u00eda . \u00a1Los estudios han demostrado una mayor eficiencia del extracto de la Alcachofa sobre otros productos! Alcachofa tambi\u00e9n previene la debilidad corporal, act\u00faa de forma calmante sobre el estr\u00e9s y disminuye la ca\u00edda del cabello, se desconocen los efectos secundarios.<\/p>\n<p>Huanarpo macho<br \/>\nEl huanarpo macho muestran propiedades antiandrog\u00e9nicas, desactivan la 5-alfa reductasa catalizando la transformaci\u00f3n de testosterona en dihidrotestosterona y reduciendo la actividad de la aromatasa, participando en la transformaci\u00f3n de la testosterona en estr\u00f3geno. La preparaci\u00f3n tambi\u00e9n muestra actividad anti-exudativa y antiinflamatoria. Reduce el tono de los m\u00fasculos lisos del tracto urinario, reduce la hinchaz\u00f3n, el flujo sangu\u00edneo excesivo a trav\u00e9s del cuello de la vejiga urinaria, mejora la elasticidad del tejido de la vejiga urinaria y la permeabilidad de la vejiga. La Huanarpo macho muestra actividad diur\u00e9tica y expectorante. Tiene propiedades restauradoras de la juventud. Se desconocen los efectos secundarios.<\/p>\n<p>Para para<br \/>\nEsta especie ya conocida en la medicina china antigua, contiene eleuter\u00f3sidos que estimulan el sistema nervioso central, aumentan la eficiencia adaptativa del cuerpo, aumentan la eficiencia ps\u00edquica y f\u00edsica. Mejoran el bienestar general, tienen un efecto inmunoestimulante, aumentan la tolerancia al estr\u00e9s. Los eleuter\u00f3sidos amplifican y activan los procesos de desintoxicaci\u00f3n y los procesos de eliminaci\u00f3n de metabolitos da\u00f1inos del cuerpo. Regula los trastornos hormonales, tiene un efecto estimulante. Tambi\u00e9n ayuda en los estados de mayor esfuerzo f\u00edsico y mental. \u00datil en problemas de circulaci\u00f3n y disminuci\u00f3n de la libido.<\/p>\n<p>Contradicciones: El ginseng siberiano no debe usarse en personas: con hipertensi\u00f3n, palpitaciones card\u00edacas, individuos nerviosos, con insomnio y mujeres durante el embarazo. No se recomienda mientras se usan preparaciones a base de hormonas.<\/p>\n<p>AlfaMan tratamiento completo<br \/>\nSugerimos el uso simult\u00e1neo de las tabletas, gracias a la combinaci\u00f3n de comprimidos que influyen naturalmente en el crecimiento del pene, los primeros efectos se notar\u00e1n incre\u00edblemente r\u00e1pido.<\/p>\n<p>\u00bfCon qu\u00e9 puedes contar despu\u00e9s?<br \/>\nTodos los impulsos sexuales alcanzan un pene m\u00e1s fuerte con una mejor irrigaci\u00f3n sangu\u00ednea. La erecci\u00f3n es m\u00e1s dura y m\u00e1s grande y va acompa\u00f1ada de una superficie aumentada con la que tu pene ejercer\u00e1 fricci\u00f3n en las paredes de la vagina de tu pareja.<br \/>\nEl efecto de la acci\u00f3n de AlfaMan dar\u00e1 como resultado una mayor estimulaci\u00f3n, una mayor satisfacci\u00f3n y orgasmos c\u00f3smicos.<br \/>\nSi la erecci\u00f3n permanece, se liberan otros mediadores que expanden los vasos sangu\u00edneos y provocan una contracci\u00f3n de los m\u00fasculos p\u00e9lvicos. La presi\u00f3n en corporea cavernosae generalmente excede los 150 mm Hg, lo que permite que tenga lugar el coito.<br \/>\nEl aumento de la erecci\u00f3n va acompa\u00f1ado de rigidez y disposici\u00f3n para la acci\u00f3n. \u00a1Mira c\u00f3mo se siente!<\/p>\n<p>Garantiza placer y una mejor penetraci\u00f3n a tu pareja.<\/p>\n<p>AlfaMan, que se toma con regularidad, bombea sangre al cuerpo cavernoso del pene, que se expande y aumenta r\u00e1pidamente el tama\u00f1o de su pene con el tiempo.<\/p>\n<p>El AlfaMan es el \u00fanico de su tipo cuya creaci\u00f3n requiri\u00f3 muchos a\u00f1os de investigaci\u00f3n y pruebas. Y todo esto para ayudar a miles de hombres en todo el mundo a sentirse realmente varoniles.<\/p>\n<p>\u00bfImporta el tama\u00f1o?<br \/>\nLas relaciones sexuales intensas ayudan a construir relaciones duraderas y gratificantes entre los socios, uno de los elementos fundamentales de una relaci\u00f3n sana y exitosa es una relaci\u00f3n positiva de masculinidad y feminidad.<\/p>\n<p>Se dice que vivimos en un siglo de crisis de masculinidad, las mujeres se quejan m\u00e1s a menudo de la falta de masculinidad de la pareja, resulta que el tama\u00f1o de un miembro no es importante solo para los hombres.<\/p>\n<p>El pene m\u00e1s grande y m\u00e1s grueso durante la estimulaci\u00f3n de la vagina hace que la mujer sienta m\u00e1s placer.<br \/>\n\u2022 Satisfacci\u00f3n sexual, fusiona relaciones, permite una vida m\u00e1s feliz<br \/>\n\u2022 Miembro grande aumenta la confianza en s\u00ed mismo, lo que le permite concentrarse en el aspecto sensual y emocional del acto sexual<br \/>\nLos estereotipos culturales no vienen de la nada, simplemente son. La obsesi\u00f3n de los hombres por el tama\u00f1o no es una sorpresa.<\/p>\n<p>Gracias a AlfaMan podr\u00e1s realizar m\u00e1s posiciones sexuales con tu pareja, que antes no eran alcanzables por motivos f\u00edsicos.<\/p>\n<p>AlfaMan \u2013 cuidado de tu sexualidad:<br \/>\nLas \u00faltimas investigaciones muestran que la longitud del pene no solo se hereda, sino que tambi\u00e9n se modifica por factores ambientales. Factores que pueden alterar enormemente el equilibrio hormonal:<\/p>\n<p>Dieta<br \/>\nFactores culturales<br \/>\nContaminaci\u00f3n ambiental<br \/>\nExposici\u00f3n a productos qu\u00edmicos<br \/>\nEstr\u00e9s<br \/>\nLos niveles bajos de testosterona y el deterioro de la potencia que lo acompa\u00f1a son un problema relacionado con un grupo cada vez mayor de hombres. Los s\u00edntomas cl\u00ednicos observados en tales casos dan como resultado la deformaci\u00f3n de los \u00f3rganos sexuales, incluidos problemas de erecci\u00f3n y tama\u00f1o del pene.<\/p>\n<p>Hasta hace poco, las terapias costosas o las intervenciones quir\u00fargicas estaban reservadas solo para las personas m\u00e1s ricas. Los hombres insatisfechos con el tama\u00f1o de sus \u00f3rganos tuvieron que luchar contra los complejos personales, la falta de satisfacci\u00f3n sexual y la depresi\u00f3n. La masculinidad incompleta fue la fuente de una profunda miseria y la soluci\u00f3n puede resultar simple, completamente natural y producir efectos en un corto per\u00edodo de tiempo.<\/p>\n<p>El funcionamiento del pene est\u00e1 influenciado por una serie de elementos relacionados. Por lo tanto, los mejores resultados se obtienen utilizando una terapia compleja.<\/p>\n<p>La erecci\u00f3n comienza despu\u00e9s de la activaci\u00f3n del centro de erecci\u00f3n en la m\u00e9dula espinal, que env\u00eda un impulso a los \u00f3rganos sexuales.<br \/>\nEl pene est\u00e1 formado por un par de cuerpos cavernosos paralelos, el cuerpo esponjoso que forma el glande del pene y el frenillo, un impulso del cord\u00f3n provoca la liberaci\u00f3n de \u00f3xido nitroso por las c\u00e9lulas mesoteliales y a trav\u00e9s de las terminaciones nerviosas en los cuerpos cavernosos del pene. Las arterias se expanden. La presi\u00f3n dentro de los cuerpos cavernosos aumenta debido a que la sangre se bombea hacia ellos, las cavidades est\u00e1n vac\u00edas en un estado de reposo. Al mismo tiempo, debido al aumento de la presi\u00f3n arterial en los cuerpos cavernosos, las venas se cierran gradualmente, lo que resulta en una menor cantidad de sangre que fluye de regreso. El resultado de los cambios es el agrandamiento y la rigidez del pene.<\/p>\n<p>Mayor satisfacci\u00f3n y confianza en uno mismo<\/p>\n<p>Si usted es un hombre insatisfecho con el tama\u00f1o de su pene , este sentimiento socava su imagen de s\u00ed mismo.<\/p>\n<p>La confianza en uno mismo es una caracter\u00edstica clave de las personas exitosas, no solo en el dormitorio. \u00bfCu\u00e1ntas veces te has preguntado si realmente le diste el placer que desea? \u00bfElla finge?<\/p>\n<p>\u00bfEs usted un hombre insatisfecho con el tama\u00f1o de su pene y este sentimiento socava su confianza en s\u00ed mismo? \u00a1Y se necesita poco para sentirse seguro de su fuerza y \u200b\u200bpoder natural!<\/p>\n<p>\u00bfPor qu\u00e9 AlfaMan se gan\u00f3 la reputaci\u00f3n de l\u00edder?<br \/>\nAlfaMan son productos de alta calidad que, a diferencia de muchas otras formulaciones disponibles en el mercado peruano, son completamente naturales. Los ingredientes a base de hierbas que contiene se obtienen a partir de hierbas cultivadas org\u00e1nicamente. El cultivo, la cosecha y el procesamiento adecuados, de conformidad con los requisitos, garantizan la m\u00e1s alta calidad del producto para usted. Los primeros efectos pueden ocurrir despu\u00e9s de las primeras semanas del inicio del tratamiento.<\/p>\n<p>Aplicaci\u00f3n AlfaMan<br \/>\nUse 1 pastilla al d\u00eda con agua. No exceda la dosis diaria recomendada.<br \/>\nAlfaMan es un producto a base de hierbas, suplemento diet\u00e9tico y no puede utilizarse como sustituto de una dieta variada.<\/p>\n","protected":false},"excerpt":{"rendered":"<p>SKU: Alfaman<\/p>\n","protected":false},"featured_media":666,"comment_status":"open","ping_status":"closed","template":"","meta":[],"product_brand":[],"product_cat":[39,21],"product_tag":[],"class_list":{"0":"post-656","1":"product","2":"type-product","3":"status-publish","4":"has-post-thumbnail","6":"product_cat-desarrolladores","7":"product_cat-potencia-sexual","9":"first","10":"instock","11":"featured","12":"shipping-taxable","13":"purchasable","14":"product-type-simple"},"_links":{"self":[{"href":"https:\/\/tiendasamor.com\/index.php\/wp-json\/wp\/v2\/product\/656","targetHints":{"allow":["GET"]}}],"collection":[{"href":"https:\/\/tiendasamor.com\/index.php\/wp-json\/wp\/v2\/product"}],"about":[{"href":"https:\/\/tiendasamor.com\/index.php\/wp-json\/wp\/v2\/types\/product"}],"replies":[{"embeddable":true,"href":"https:\/\/tiendasamor.com\/index.php\/wp-json\/wp\/v2\/comments?post=656"}],"wp:featuredmedia":[{"embeddable":true,"href":"https:\/\/tiendasamor.com\/index.php\/wp-json\/wp\/v2\/media\/666"}],"wp:attachment":[{"href":"https:\/\/tiendasamor.com\/index.php\/wp-json\/wp\/v2\/media?parent=656"}],"wp:term":[{"taxonomy":"product_brand","embeddable":true,"href":"https:\/\/tiendasamor.com\/index.php\/wp-json\/wp\/v2\/product_brand?post=656"},{"taxonomy":"product_cat","embeddable":true,"href":"https:\/\/tiendasamor.com\/index.php\/wp-json\/wp\/v2\/product_cat?post=656"},{"taxonomy":"product_tag","embeddable":true,"href":"https:\/\/tiendasamor.com\/index.php\/wp-json\/wp\/v2\/product_tag?post=656"}],"curies":[{"name":"wp","href":"https:\/\/api.w.org\/{rel}","templated":true}]}}