{"id":643,"date":"2023-11-27T16:56:51","date_gmt":"2023-11-27T15:56:51","guid":{"rendered":"https:\/\/estudiowebperu.com\/ta\/?post_type=product&#038;p=643"},"modified":"2023-11-28T19:04:02","modified_gmt":"2023-11-28T18:04:02","slug":"pretty-love-callieri","status":"publish","type":"product","link":"https:\/\/tiendasamor.com\/index.php\/producto\/pretty-love-callieri\/","title":{"rendered":"Pretty Love Callieri"},"content":{"rendered":"<p>Pi\u00e9rdete en el placer solo o junto con este huevo del amor.<\/p>\n<p>Puedes jugar solo o disfrutar de la alegr\u00eda con el control remoto.<\/p>\n<p>Transforma los juegos previos o lleva tu estimulaci\u00f3n a aventuras salvajes mientras pones a prueba tu nueva libertad.<\/p>\n<p>Con 12 configuraciones de vibraci\u00f3n y 12 modos de empuje, cada experiencia puede contener placeres incalculables como el huevo del amor en lo profundo del agujero elegido.<\/p>\n<p>Cuando encuentras tu placer favorito en el juego, el huevo del amor recuerda el \u00faltimo modo para que puedas continuar exactamente donde te quedaste.<\/p>\n<p>Nunca te quedes sin energ\u00eda ya que el vibrador tambi\u00e9n es completamente recargable. Funci\u00f3n de memoria 12 configuraciones de vibraci\u00f3n 12 modos de empuje Material:<\/p>\n<p>silicona Resistente al agua para divertirse dentro o fuera de la ducha Recargable por USB (cable incluido)<\/p>\n<p>Satisface las complejidades del cl\u00edtoris Brinda el placer una y otra vez<\/p>\n<p>MEDIDAS: Ancho: 1,22 pulgadas (3,10 cm) Largo : 7,87 pulgadas (19,98 cm)<\/p>\n<p>MEDIDAS: Largo: 4,53 pulgadas (11,50 cm) Ancho: 1,22 pulgadas (3,10 cm)<\/p>\n","protected":false},"excerpt":{"rendered":"<div class=\"elementor-element elementor-element-5bc2cec5 elementor-widget elementor-widget-woocommerce-product-short-description\" data-id=\"5bc2cec5\" data-element_type=\"widget\" data-widget_type=\"woocommerce-product-short-description.default\">\n<div class=\"elementor-widget-container\">\n<div class=\"woocommerce-product-details__short-description\">\n<p><span class=\"meta-label\">SKU:\u00a0<\/span><span class=\"sku\">BI-014892W<\/span><\/p>\n<\/div>\n<\/div>\n<\/div>\n<div class=\"elementor-element elementor-element-4bcb6ef2 elementor-add-to-cart--align-left elementor-add-to-cart-tablet--align-left e-add-to-cart--show-quantity-yes elementor-widget elementor-widget-woocommerce-product-add-to-cart\" data-id=\"4bcb6ef2\" data-element_type=\"widget\" data-widget_type=\"woocommerce-product-add-to-cart.default\">\n<div class=\"elementor-widget-container\">\n<div class=\"elementor-add-to-cart elementor-product-simple\">\n<div class=\"quantity\"><\/div>\n<\/div>\n<\/div>\n<\/div>\n","protected":false},"featured_media":644,"comment_status":"open","ping_status":"closed","template":"","meta":[],"product_brand":[],"product_cat":[40,18,27],"product_tag":[],"class_list":{"0":"post-643","1":"product","2":"type-product","3":"status-publish","4":"has-post-thumbnail","6":"product_cat-bolas-chinas","7":"product_cat-juguetes","8":"product_cat-vibradores","10":"first","11":"instock","12":"shipping-taxable","13":"purchasable","14":"product-type-simple"},"_links":{"self":[{"href":"https:\/\/tiendasamor.com\/index.php\/wp-json\/wp\/v2\/product\/643","targetHints":{"allow":["GET"]}}],"collection":[{"href":"https:\/\/tiendasamor.com\/index.php\/wp-json\/wp\/v2\/product"}],"about":[{"href":"https:\/\/tiendasamor.com\/index.php\/wp-json\/wp\/v2\/types\/product"}],"replies":[{"embeddable":true,"href":"https:\/\/tiendasamor.com\/index.php\/wp-json\/wp\/v2\/comments?post=643"}],"wp:featuredmedia":[{"embeddable":true,"href":"https:\/\/tiendasamor.com\/index.php\/wp-json\/wp\/v2\/media\/644"}],"wp:attachment":[{"href":"https:\/\/tiendasamor.com\/index.php\/wp-json\/wp\/v2\/media?parent=643"}],"wp:term":[{"taxonomy":"product_brand","embeddable":true,"href":"https:\/\/tiendasamor.com\/index.php\/wp-json\/wp\/v2\/product_brand?post=643"},{"taxonomy":"product_cat","embeddable":true,"href":"https:\/\/tiendasamor.com\/index.php\/wp-json\/wp\/v2\/product_cat?post=643"},{"taxonomy":"product_tag","embeddable":true,"href":"https:\/\/tiendasamor.com\/index.php\/wp-json\/wp\/v2\/product_tag?post=643"}],"curies":[{"name":"wp","href":"https:\/\/api.w.org\/{rel}","templated":true}]}}