{"id":5944,"date":"2026-04-28T16:03:31","date_gmt":"2026-04-28T21:03:31","guid":{"rendered":"https:\/\/tiendasamor.com\/?post_type=product&#038;p=5944"},"modified":"2026-04-28T16:03:32","modified_gmt":"2026-04-28T21:03:32","slug":"pretty-love-murray","status":"publish","type":"product","link":"https:\/\/tiendasamor.com\/index.php\/producto\/pretty-love-murray\/","title":{"rendered":"Pretty Love Murray"},"content":{"rendered":"<p>Prep\u00e1rate para una aventura er\u00f3tica que nunca olvidar\u00e1s. \u00a1Puedes usar los controles de botones intuitivos para recorrer 12 funciones de vibraci\u00f3n y pulsaci\u00f3n lateral para encontrar tu m\u00e1ximo placer! La cabeza f\u00e1lica que es perfecta para estimular y la base de ventosa acampanada hacen que este juguete sea seguro para el juego vaginal o anal. La ventosa superfuerte se monta en cualquier superficie plana y s\u00f3lida y se levanta f\u00e1cilmente.<\/p>\n<ul>\n<li>Material: Silicona m\u00e9dica<\/li>\n<li>12 Funciones de vibraci\u00f3n<\/li>\n<li>12 Funciones de ondas de pulso<\/li>\n<li>Superficie lisa y suave<\/li>\n<li>Recargable mediante cable USB (Incluido)<\/li>\n<li>Impermeable<\/li>\n<li>Base con ventosa<\/li>\n<li>F\u00e1cil de usar y limpiar<\/li>\n<li>Largo: 19cm \u2013 Insertable: 17 cm \u2013 Ancho: 3.8 cm.<\/li>\n<\/ul>\n","protected":false},"excerpt":{"rendered":"<p>Prep\u00e1rate para una aventura er\u00f3tica que nunca olvidar\u00e1s. \u00a1Puedes usar los controles de botones intuitivos para recorrer 12 funciones de vibraci\u00f3n y pulsaci\u00f3n lateral para encontrar tu m\u00e1ximo placer! La cabeza f\u00e1lica que es perfecta para estimular y la base de ventosa acampanada hacen que este juguete sea seguro para el juego vaginal o anal. [&hellip;]<\/p>\n","protected":false},"featured_media":5945,"comment_status":"open","ping_status":"closed","template":"","meta":[],"product_brand":[],"product_cat":[27],"product_tag":[],"class_list":{"0":"post-5944","1":"product","2":"type-product","3":"status-publish","4":"has-post-thumbnail","6":"product_cat-vibradores","8":"first","9":"instock","10":"shipping-taxable","11":"purchasable","12":"product-type-simple"},"_links":{"self":[{"href":"https:\/\/tiendasamor.com\/index.php\/wp-json\/wp\/v2\/product\/5944","targetHints":{"allow":["GET"]}}],"collection":[{"href":"https:\/\/tiendasamor.com\/index.php\/wp-json\/wp\/v2\/product"}],"about":[{"href":"https:\/\/tiendasamor.com\/index.php\/wp-json\/wp\/v2\/types\/product"}],"replies":[{"embeddable":true,"href":"https:\/\/tiendasamor.com\/index.php\/wp-json\/wp\/v2\/comments?post=5944"}],"wp:featuredmedia":[{"embeddable":true,"href":"https:\/\/tiendasamor.com\/index.php\/wp-json\/wp\/v2\/media\/5945"}],"wp:attachment":[{"href":"https:\/\/tiendasamor.com\/index.php\/wp-json\/wp\/v2\/media?parent=5944"}],"wp:term":[{"taxonomy":"product_brand","embeddable":true,"href":"https:\/\/tiendasamor.com\/index.php\/wp-json\/wp\/v2\/product_brand?post=5944"},{"taxonomy":"product_cat","embeddable":true,"href":"https:\/\/tiendasamor.com\/index.php\/wp-json\/wp\/v2\/product_cat?post=5944"},{"taxonomy":"product_tag","embeddable":true,"href":"https:\/\/tiendasamor.com\/index.php\/wp-json\/wp\/v2\/product_tag?post=5944"}],"curies":[{"name":"wp","href":"https:\/\/api.w.org\/{rel}","templated":true}]}}