{"id":5927,"date":"2026-04-08T17:06:40","date_gmt":"2026-04-08T22:06:40","guid":{"rendered":"https:\/\/tiendasamor.com\/?post_type=product&#038;p=5927"},"modified":"2026-04-08T17:06:40","modified_gmt":"2026-04-08T22:06:40","slug":"max-vibrador-rotador","status":"publish","type":"product","link":"https:\/\/tiendasamor.com\/index.php\/producto\/max-vibrador-rotador\/","title":{"rendered":"Max Vibrador Rotador"},"content":{"rendered":"<p><span dir=\"auto\">Si eres fan de los penes negros o nunca has probado uno, este es el dildo perfecto para volverte loco y hacerte sentir lo que has estado so\u00f1ando y deseando. La cabeza se estrecha para que puedas empezar con un tama\u00f1o considerable, pero este gran dildo se ensancha r\u00e1pidamente hasta alcanzar 5 cm de di\u00e1metro. Sentir\u00e1s \u00edntimamente cada una de sus venas y detalles del eje a medida que penetras m\u00e1s profundamente. Si nunca has jugado con un juguete sexual tan grande como este dildo, quiz\u00e1s quieras empezar con juguetes m\u00e1s peque\u00f1os o con los dedos. Este dildo es \u00fanico en su clase en cuanto a satisfacci\u00f3n debido a su vibraci\u00f3n m\u00faltiple, venas y detalles del eje, y adem\u00e1s tiene una ventosa para usarlo solo.<\/span><\/p>\n<table border=\"0\" width=\"100%\" cellspacing=\"1\" cellpadding=\"3\" bgcolor=\"#dddddd\">\n<tbody>\n<tr>\n<td align=\"left\" width=\"30%\"><span dir=\"auto\">Funci\u00f3n<\/span><\/td>\n<td align=\"left\" width=\"70%\"><span dir=\"auto\">Rotaci\u00f3n<\/span><\/td>\n<\/tr>\n<tr>\n<td align=\"left\" width=\"30%\"><span dir=\"auto\">Material<\/span><\/td>\n<td align=\"left\" width=\"70%\"><span dir=\"auto\">TPR<\/span><\/td>\n<\/tr>\n<tr>\n<td align=\"left\" width=\"30%\"><span dir=\"auto\">Fuerza<\/span><\/td>\n<td align=\"left\" width=\"70%\"><span dir=\"auto\">2 pilas AA<\/span><\/td>\n<\/tr>\n<\/tbody>\n<\/table>\n","protected":false},"excerpt":{"rendered":"<p>Si eres fan de los penes negros o nunca has probado uno, este es el dildo perfecto para volverte loco y hacerte sentir lo que has estado so\u00f1ando y deseando. La cabeza se estrecha para que puedas empezar con un tama\u00f1o considerable, pero este gran dildo se ensancha r\u00e1pidamente hasta alcanzar 5 cm de di\u00e1metro. [&hellip;]<\/p>\n","protected":false},"featured_media":5928,"comment_status":"open","ping_status":"closed","template":"","meta":[],"product_brand":[],"product_cat":[27],"product_tag":[],"class_list":{"0":"post-5927","1":"product","2":"type-product","3":"status-publish","4":"has-post-thumbnail","6":"product_cat-vibradores","8":"first","9":"instock","10":"shipping-taxable","11":"purchasable","12":"product-type-simple"},"_links":{"self":[{"href":"https:\/\/tiendasamor.com\/index.php\/wp-json\/wp\/v2\/product\/5927","targetHints":{"allow":["GET"]}}],"collection":[{"href":"https:\/\/tiendasamor.com\/index.php\/wp-json\/wp\/v2\/product"}],"about":[{"href":"https:\/\/tiendasamor.com\/index.php\/wp-json\/wp\/v2\/types\/product"}],"replies":[{"embeddable":true,"href":"https:\/\/tiendasamor.com\/index.php\/wp-json\/wp\/v2\/comments?post=5927"}],"wp:featuredmedia":[{"embeddable":true,"href":"https:\/\/tiendasamor.com\/index.php\/wp-json\/wp\/v2\/media\/5928"}],"wp:attachment":[{"href":"https:\/\/tiendasamor.com\/index.php\/wp-json\/wp\/v2\/media?parent=5927"}],"wp:term":[{"taxonomy":"product_brand","embeddable":true,"href":"https:\/\/tiendasamor.com\/index.php\/wp-json\/wp\/v2\/product_brand?post=5927"},{"taxonomy":"product_cat","embeddable":true,"href":"https:\/\/tiendasamor.com\/index.php\/wp-json\/wp\/v2\/product_cat?post=5927"},{"taxonomy":"product_tag","embeddable":true,"href":"https:\/\/tiendasamor.com\/index.php\/wp-json\/wp\/v2\/product_tag?post=5927"}],"curies":[{"name":"wp","href":"https:\/\/api.w.org\/{rel}","templated":true}]}}