{"id":5919,"date":"2026-04-08T16:46:25","date_gmt":"2026-04-08T21:46:25","guid":{"rendered":"https:\/\/tiendasamor.com\/?post_type=product&#038;p=5919"},"modified":"2026-04-08T16:46:25","modified_gmt":"2026-04-08T21:46:25","slug":"pretty-llove-keon","status":"publish","type":"product","link":"https:\/\/tiendasamor.com\/index.php\/producto\/pretty-llove-keon\/","title":{"rendered":"Pretty Llove Keon"},"content":{"rendered":"<p><span dir=\"auto\">Otro dildo fant\u00e1stico de nuestra gama de juguetes sexuales realistas, fabricado con material TPR de aspecto natural y dise\u00f1o de n\u00facleo vertebral. Este dildo realista con forma de pene tiene una cabeza generosa y una piel deslizante para sensaciones adicionales y un realismo extra. Un dildo grande con ventosa en la base para disfrutar de las experiencias m\u00e1s incre\u00edbles en solitario. \u00a1Es una bestia! Su dise\u00f1o de n\u00facleo vertebral te permite encontrar siempre el punto exacto.<\/span><\/p>\n<p>&nbsp;<\/p>\n","protected":false},"excerpt":{"rendered":"<p>Otro dildo fant\u00e1stico de nuestra gama de juguetes sexuales realistas, fabricado con material TPR de aspecto natural y dise\u00f1o de n\u00facleo vertebral. Este dildo realista con forma de pene tiene una cabeza generosa y una piel deslizante para sensaciones adicionales y un realismo extra. Un dildo grande con ventosa en la base para disfrutar de [&hellip;]<\/p>\n","protected":false},"featured_media":5920,"comment_status":"open","ping_status":"closed","template":"","meta":[],"product_brand":[],"product_cat":[29],"product_tag":[],"class_list":{"0":"post-5919","1":"product","2":"type-product","3":"status-publish","4":"has-post-thumbnail","6":"product_cat-consoladores-y-dildos","8":"first","9":"instock","10":"shipping-taxable","11":"purchasable","12":"product-type-simple"},"_links":{"self":[{"href":"https:\/\/tiendasamor.com\/index.php\/wp-json\/wp\/v2\/product\/5919","targetHints":{"allow":["GET"]}}],"collection":[{"href":"https:\/\/tiendasamor.com\/index.php\/wp-json\/wp\/v2\/product"}],"about":[{"href":"https:\/\/tiendasamor.com\/index.php\/wp-json\/wp\/v2\/types\/product"}],"replies":[{"embeddable":true,"href":"https:\/\/tiendasamor.com\/index.php\/wp-json\/wp\/v2\/comments?post=5919"}],"wp:featuredmedia":[{"embeddable":true,"href":"https:\/\/tiendasamor.com\/index.php\/wp-json\/wp\/v2\/media\/5920"}],"wp:attachment":[{"href":"https:\/\/tiendasamor.com\/index.php\/wp-json\/wp\/v2\/media?parent=5919"}],"wp:term":[{"taxonomy":"product_brand","embeddable":true,"href":"https:\/\/tiendasamor.com\/index.php\/wp-json\/wp\/v2\/product_brand?post=5919"},{"taxonomy":"product_cat","embeddable":true,"href":"https:\/\/tiendasamor.com\/index.php\/wp-json\/wp\/v2\/product_cat?post=5919"},{"taxonomy":"product_tag","embeddable":true,"href":"https:\/\/tiendasamor.com\/index.php\/wp-json\/wp\/v2\/product_tag?post=5919"}],"curies":[{"name":"wp","href":"https:\/\/api.w.org\/{rel}","templated":true}]}}