{"id":5897,"date":"2026-04-08T16:12:15","date_gmt":"2026-04-08T21:12:15","guid":{"rendered":"https:\/\/tiendasamor.com\/?post_type=product&#038;p=5897"},"modified":"2026-04-08T16:12:39","modified_gmt":"2026-04-08T21:12:39","slug":"pretty-love-preston-extended-series-con-vibrador","status":"publish","type":"product","link":"https:\/\/tiendasamor.com\/index.php\/producto\/pretty-love-preston-extended-series-con-vibrador\/","title":{"rendered":"Pretty Love Preston Extended Series con Vibrador"},"content":{"rendered":"<p><span dir=\"auto\">Envuelve tu miembro con esta jaula de TPR s\u00faper el\u00e1stica para obtener soporte que mejora la erecci\u00f3n y sensaciones de textura intensas para ambos. Una funda para el pene altamente recomendada que le da a tu pene textura adicional y una apariencia natural. Adem\u00e1s, la base cuenta con un anillo para los test\u00edculos que se ajusta a la base de los mismos, manteniendo el extensor en su lugar y proporcionando efectos que prolongan la erecci\u00f3n.<\/span><\/p>\n<p><u><strong><span dir=\"auto\">CARACTER\u00cdSTICAS<\/span><\/strong><\/u><\/p>\n<ul>\n<li><span dir=\"auto\">Material: TPR<\/span><\/li>\n<li><span dir=\"auto\">Funci\u00f3n: Vibraci\u00f3n<\/span><\/li>\n<li><span dir=\"auto\">Alimentaci\u00f3n: 3 pilas AG9\u00a0<\/span><\/li>\n<\/ul>\n","protected":false},"excerpt":{"rendered":"<p>Envuelve tu miembro con esta jaula de TPR s\u00faper el\u00e1stica para obtener soporte que mejora la erecci\u00f3n y sensaciones de textura intensas para ambos. Una funda para el pene altamente recomendada que le da a tu pene textura adicional y una apariencia natural. Adem\u00e1s, la base cuenta con un anillo para los test\u00edculos que se [&hellip;]<\/p>\n","protected":false},"featured_media":5898,"comment_status":"open","ping_status":"closed","template":"","meta":[],"product_brand":[],"product_cat":[45],"product_tag":[],"class_list":{"0":"post-5897","1":"product","2":"type-product","3":"status-publish","4":"has-post-thumbnail","6":"product_cat-fundas-extensoras","8":"first","9":"instock","10":"shipping-taxable","11":"purchasable","12":"product-type-simple"},"_links":{"self":[{"href":"https:\/\/tiendasamor.com\/index.php\/wp-json\/wp\/v2\/product\/5897","targetHints":{"allow":["GET"]}}],"collection":[{"href":"https:\/\/tiendasamor.com\/index.php\/wp-json\/wp\/v2\/product"}],"about":[{"href":"https:\/\/tiendasamor.com\/index.php\/wp-json\/wp\/v2\/types\/product"}],"replies":[{"embeddable":true,"href":"https:\/\/tiendasamor.com\/index.php\/wp-json\/wp\/v2\/comments?post=5897"}],"wp:featuredmedia":[{"embeddable":true,"href":"https:\/\/tiendasamor.com\/index.php\/wp-json\/wp\/v2\/media\/5898"}],"wp:attachment":[{"href":"https:\/\/tiendasamor.com\/index.php\/wp-json\/wp\/v2\/media?parent=5897"}],"wp:term":[{"taxonomy":"product_brand","embeddable":true,"href":"https:\/\/tiendasamor.com\/index.php\/wp-json\/wp\/v2\/product_brand?post=5897"},{"taxonomy":"product_cat","embeddable":true,"href":"https:\/\/tiendasamor.com\/index.php\/wp-json\/wp\/v2\/product_cat?post=5897"},{"taxonomy":"product_tag","embeddable":true,"href":"https:\/\/tiendasamor.com\/index.php\/wp-json\/wp\/v2\/product_tag?post=5897"}],"curies":[{"name":"wp","href":"https:\/\/api.w.org\/{rel}","templated":true}]}}