{"id":5888,"date":"2026-04-08T15:54:32","date_gmt":"2026-04-08T20:54:32","guid":{"rendered":"https:\/\/tiendasamor.com\/?post_type=product&#038;p=5888"},"modified":"2026-04-08T15:54:32","modified_gmt":"2026-04-08T20:54:32","slug":"penis-sleeve-8-7-funda-con-vibrador","status":"publish","type":"product","link":"https:\/\/tiendasamor.com\/index.php\/producto\/penis-sleeve-8-7-funda-con-vibrador\/","title":{"rendered":"Penis Sleeve 8.7 funda con Vibrador"},"content":{"rendered":"<p>Dise\u00f1ada para una experiencia transformadora, esta funda transparente de alta calidad est\u00e1 dise\u00f1ada para extender la longitud de tu pene hasta 220 mm (8,7 pulgadas) y aumentar su grosor en un impresionante 35 %. Fabricada con TPE seguro para el cuerpo, su forma ergon\u00f3mica garantiza un ajuste c\u00f3modo y seguro que se siente natural. Descubre un nuevo nivel de confianza y una vida \u00edntima m\u00e1s plena.<\/p>\n","protected":false},"excerpt":{"rendered":"<p>Dise\u00f1ada para una experiencia transformadora, esta funda transparente de alta calidad est\u00e1 dise\u00f1ada para extender la longitud de tu pene hasta 220 mm (8,7 pulgadas) y aumentar su grosor en un impresionante 35 %. Fabricada con TPE seguro para el cuerpo, su forma ergon\u00f3mica garantiza un ajuste c\u00f3modo y seguro que se siente natural. Descubre [&hellip;]<\/p>\n","protected":false},"featured_media":5889,"comment_status":"open","ping_status":"closed","template":"","meta":[],"product_brand":[],"product_cat":[45],"product_tag":[],"class_list":{"0":"post-5888","1":"product","2":"type-product","3":"status-publish","4":"has-post-thumbnail","6":"product_cat-fundas-extensoras","8":"first","9":"instock","10":"shipping-taxable","11":"purchasable","12":"product-type-simple"},"_links":{"self":[{"href":"https:\/\/tiendasamor.com\/index.php\/wp-json\/wp\/v2\/product\/5888","targetHints":{"allow":["GET"]}}],"collection":[{"href":"https:\/\/tiendasamor.com\/index.php\/wp-json\/wp\/v2\/product"}],"about":[{"href":"https:\/\/tiendasamor.com\/index.php\/wp-json\/wp\/v2\/types\/product"}],"replies":[{"embeddable":true,"href":"https:\/\/tiendasamor.com\/index.php\/wp-json\/wp\/v2\/comments?post=5888"}],"wp:featuredmedia":[{"embeddable":true,"href":"https:\/\/tiendasamor.com\/index.php\/wp-json\/wp\/v2\/media\/5889"}],"wp:attachment":[{"href":"https:\/\/tiendasamor.com\/index.php\/wp-json\/wp\/v2\/media?parent=5888"}],"wp:term":[{"taxonomy":"product_brand","embeddable":true,"href":"https:\/\/tiendasamor.com\/index.php\/wp-json\/wp\/v2\/product_brand?post=5888"},{"taxonomy":"product_cat","embeddable":true,"href":"https:\/\/tiendasamor.com\/index.php\/wp-json\/wp\/v2\/product_cat?post=5888"},{"taxonomy":"product_tag","embeddable":true,"href":"https:\/\/tiendasamor.com\/index.php\/wp-json\/wp\/v2\/product_tag?post=5888"}],"curies":[{"name":"wp","href":"https:\/\/api.w.org\/{rel}","templated":true}]}}