{"id":5880,"date":"2026-04-08T15:14:28","date_gmt":"2026-04-08T20:14:28","guid":{"rendered":"https:\/\/tiendasamor.com\/?post_type=product&#038;p=5880"},"modified":"2026-04-08T15:45:57","modified_gmt":"2026-04-08T20:45:57","slug":"pretty-love-3-0-adjustable-penis-sleeve-extender","status":"publish","type":"product","link":"https:\/\/tiendasamor.com\/index.php\/producto\/pretty-love-3-0-adjustable-penis-sleeve-extender\/","title":{"rendered":"Pretty Love 3.0 Adjustable Penis Sleeve Extender"},"content":{"rendered":"<p>Esta extensi\u00f3n de TPE premium ultrarrealista te hace m\u00e1s largo y grueso. Te sorprender\u00e1 el realismo del eje con venas y la cabeza pronunciada que termina en una correa para los test\u00edculos que mantiene la extensi\u00f3n firmemente en su lugar. Perfecta para cualquier persona con disfunci\u00f3n er\u00e9ctil o ansiedad de desempe\u00f1o, este eje incluso incluye 3 puntas extensoras extra\u00edbles de 2.5 cm para ayudar a rellenar el interior. Esto significa que tienes un extensor que se adapta a una amplia gama de longitudes y circunferencias de pene, y que se mantiene erguido y en su lugar.<\/p>\n","protected":false},"excerpt":{"rendered":"<p>Esta extensi\u00f3n de TPE premium ultrarrealista te hace m\u00e1s largo y grueso. Te sorprender\u00e1 el realismo del eje con venas y la cabeza pronunciada que termina en una correa para los test\u00edculos que mantiene la extensi\u00f3n firmemente en su lugar. Perfecta para cualquier persona con disfunci\u00f3n er\u00e9ctil o ansiedad de desempe\u00f1o, este eje incluso incluye [&hellip;]<\/p>\n","protected":false},"featured_media":5881,"comment_status":"open","ping_status":"closed","template":"","meta":[],"product_brand":[],"product_cat":[45],"product_tag":[],"class_list":{"0":"post-5880","1":"product","2":"type-product","3":"status-publish","4":"has-post-thumbnail","6":"product_cat-fundas-extensoras","8":"first","9":"instock","10":"shipping-taxable","11":"purchasable","12":"product-type-simple"},"_links":{"self":[{"href":"https:\/\/tiendasamor.com\/index.php\/wp-json\/wp\/v2\/product\/5880","targetHints":{"allow":["GET"]}}],"collection":[{"href":"https:\/\/tiendasamor.com\/index.php\/wp-json\/wp\/v2\/product"}],"about":[{"href":"https:\/\/tiendasamor.com\/index.php\/wp-json\/wp\/v2\/types\/product"}],"replies":[{"embeddable":true,"href":"https:\/\/tiendasamor.com\/index.php\/wp-json\/wp\/v2\/comments?post=5880"}],"wp:featuredmedia":[{"embeddable":true,"href":"https:\/\/tiendasamor.com\/index.php\/wp-json\/wp\/v2\/media\/5881"}],"wp:attachment":[{"href":"https:\/\/tiendasamor.com\/index.php\/wp-json\/wp\/v2\/media?parent=5880"}],"wp:term":[{"taxonomy":"product_brand","embeddable":true,"href":"https:\/\/tiendasamor.com\/index.php\/wp-json\/wp\/v2\/product_brand?post=5880"},{"taxonomy":"product_cat","embeddable":true,"href":"https:\/\/tiendasamor.com\/index.php\/wp-json\/wp\/v2\/product_cat?post=5880"},{"taxonomy":"product_tag","embeddable":true,"href":"https:\/\/tiendasamor.com\/index.php\/wp-json\/wp\/v2\/product_tag?post=5880"}],"curies":[{"name":"wp","href":"https:\/\/api.w.org\/{rel}","templated":true}]}}