{"id":5873,"date":"2026-04-08T12:58:17","date_gmt":"2026-04-08T17:58:17","guid":{"rendered":"https:\/\/tiendasamor.com\/?post_type=product&#038;p=5873"},"modified":"2026-04-08T12:58:17","modified_gmt":"2026-04-08T17:58:17","slug":"extension-sleeve","status":"publish","type":"product","link":"https:\/\/tiendasamor.com\/index.php\/producto\/extension-sleeve\/","title":{"rendered":"Extension Sleeve"},"content":{"rendered":"<p>Suave y el\u00e1stico, libre de ftalatos y l\u00e1tex.<\/p>\n<p>Con textura para una estimulaci\u00f3n intensa.<\/p>\n<p>antial\u00e9rgico y lavable<\/p>\n<p>super suave<\/p>\n<ul>\n<li>Material: TPE<\/li>\n<li>Alto: 15.24cm<\/li>\n<li>Ancho: 3.81cm<\/li>\n<li>Color: transparente<\/li>\n<\/ul>\n","protected":false},"excerpt":{"rendered":"<p>Suave y el\u00e1stico, libre de ftalatos y l\u00e1tex. Con textura para una estimulaci\u00f3n intensa. antial\u00e9rgico y lavable super suave Material: TPE Alto: 15.24cm Ancho: 3.81cm Color: transparente<\/p>\n","protected":false},"featured_media":5874,"comment_status":"open","ping_status":"closed","template":"","meta":[],"product_brand":[],"product_cat":[45],"product_tag":[],"class_list":{"0":"post-5873","1":"product","2":"type-product","3":"status-publish","4":"has-post-thumbnail","6":"product_cat-fundas-extensoras","8":"first","9":"instock","10":"shipping-taxable","11":"purchasable","12":"product-type-simple"},"_links":{"self":[{"href":"https:\/\/tiendasamor.com\/index.php\/wp-json\/wp\/v2\/product\/5873","targetHints":{"allow":["GET"]}}],"collection":[{"href":"https:\/\/tiendasamor.com\/index.php\/wp-json\/wp\/v2\/product"}],"about":[{"href":"https:\/\/tiendasamor.com\/index.php\/wp-json\/wp\/v2\/types\/product"}],"replies":[{"embeddable":true,"href":"https:\/\/tiendasamor.com\/index.php\/wp-json\/wp\/v2\/comments?post=5873"}],"wp:featuredmedia":[{"embeddable":true,"href":"https:\/\/tiendasamor.com\/index.php\/wp-json\/wp\/v2\/media\/5874"}],"wp:attachment":[{"href":"https:\/\/tiendasamor.com\/index.php\/wp-json\/wp\/v2\/media?parent=5873"}],"wp:term":[{"taxonomy":"product_brand","embeddable":true,"href":"https:\/\/tiendasamor.com\/index.php\/wp-json\/wp\/v2\/product_brand?post=5873"},{"taxonomy":"product_cat","embeddable":true,"href":"https:\/\/tiendasamor.com\/index.php\/wp-json\/wp\/v2\/product_cat?post=5873"},{"taxonomy":"product_tag","embeddable":true,"href":"https:\/\/tiendasamor.com\/index.php\/wp-json\/wp\/v2\/product_tag?post=5873"}],"curies":[{"name":"wp","href":"https:\/\/api.w.org\/{rel}","templated":true}]}}