{"id":5870,"date":"2026-04-08T11:57:00","date_gmt":"2026-04-08T16:57:00","guid":{"rendered":"https:\/\/tiendasamor.com\/?post_type=product&#038;p=5870"},"modified":"2026-04-08T11:57:00","modified_gmt":"2026-04-08T16:57:00","slug":"mighty-sleeve-with-ball-loop-skin","status":"publish","type":"product","link":"https:\/\/tiendasamor.com\/index.php\/producto\/mighty-sleeve-with-ball-loop-skin\/","title":{"rendered":"Mighty Sleeve With Ball Loop SKIN"},"content":{"rendered":"<p>El tama\u00f1o importa! A\u00f1ade un total de 5 cm de longitud. Suave extensi\u00f3n de espuelas con una cabeza del pene acentuado. C\u00f3modo y discreto con TPR sin perfume. Una talla para todos 100% adaptable.<\/p>\n<p>Proporcione un placer m\u00e1s sensual con esta funda con espuelas. El potenciador de erecci\u00f3n transl\u00facido est\u00e1 dise\u00f1ado para maximizar el \u00e9xtasis, las dimensiones de gran tama\u00f1o y la satisfacci\u00f3n de estimulaci\u00f3n mutua. Col\u00f3quese la funda y agregue instant\u00e1neamente un total de 2 \u201d\/ 5 cm de longitud, para brindar un disfrute inolvidable y crear m\u00e1s emoci\u00f3n en el dormitorio. La funda con espuelas es f\u00e1cil de usar e ideal para usuarios experimentados o primerizos. La extensi\u00f3n ofrece un ajuste de talla \u00fanica que se recorta f\u00e1cilmente a la talla deseada. La extensi\u00f3n de punta suave est\u00e1 hecha de TPR s\u00faper suave, sin ftalatos y sin perfume, y presenta remolinos de placer sensual y protuberancias texturizadas y teasers para una experiencia er\u00f3tica acentuada. Para disfrutar de las sensaciones intensificadas, utilice siempre un lubricante a base de agua.<\/p>\n<ul>\n<li>Material TPE<\/li>\n<li>Mejora la erecci\u00f3n<br \/>\nRetarda la eyaculaci\u00f3n<br \/>\nSe adapta a pr\u00e1cticamente todas las medidas<br \/>\nSeguro para el cuerpo<br \/>\nLibre de l\u00e1tex<\/li>\n<li>Alto: 22cm<\/li>\n<li>Ancho: 5.5cm<\/li>\n<\/ul>\n<p>&nbsp;<\/p>\n","protected":false},"excerpt":{"rendered":"<p>El tama\u00f1o importa! A\u00f1ade un total de 5 cm de longitud. Suave extensi\u00f3n de espuelas con una cabeza del pene acentuado. C\u00f3modo y discreto con TPR sin perfume. Una talla para todos 100% adaptable. Proporcione un placer m\u00e1s sensual con esta funda con espuelas. El potenciador de erecci\u00f3n transl\u00facido est\u00e1 dise\u00f1ado para maximizar el \u00e9xtasis, [&hellip;]<\/p>\n","protected":false},"featured_media":5871,"comment_status":"open","ping_status":"closed","template":"","meta":[],"product_brand":[],"product_cat":[45],"product_tag":[],"class_list":{"0":"post-5870","1":"product","2":"type-product","3":"status-publish","4":"has-post-thumbnail","6":"product_cat-fundas-extensoras","8":"first","9":"instock","10":"shipping-taxable","11":"purchasable","12":"product-type-simple"},"_links":{"self":[{"href":"https:\/\/tiendasamor.com\/index.php\/wp-json\/wp\/v2\/product\/5870","targetHints":{"allow":["GET"]}}],"collection":[{"href":"https:\/\/tiendasamor.com\/index.php\/wp-json\/wp\/v2\/product"}],"about":[{"href":"https:\/\/tiendasamor.com\/index.php\/wp-json\/wp\/v2\/types\/product"}],"replies":[{"embeddable":true,"href":"https:\/\/tiendasamor.com\/index.php\/wp-json\/wp\/v2\/comments?post=5870"}],"wp:featuredmedia":[{"embeddable":true,"href":"https:\/\/tiendasamor.com\/index.php\/wp-json\/wp\/v2\/media\/5871"}],"wp:attachment":[{"href":"https:\/\/tiendasamor.com\/index.php\/wp-json\/wp\/v2\/media?parent=5870"}],"wp:term":[{"taxonomy":"product_brand","embeddable":true,"href":"https:\/\/tiendasamor.com\/index.php\/wp-json\/wp\/v2\/product_brand?post=5870"},{"taxonomy":"product_cat","embeddable":true,"href":"https:\/\/tiendasamor.com\/index.php\/wp-json\/wp\/v2\/product_cat?post=5870"},{"taxonomy":"product_tag","embeddable":true,"href":"https:\/\/tiendasamor.com\/index.php\/wp-json\/wp\/v2\/product_tag?post=5870"}],"curies":[{"name":"wp","href":"https:\/\/api.w.org\/{rel}","templated":true}]}}