{"id":5864,"date":"2026-04-08T11:42:07","date_gmt":"2026-04-08T16:42:07","guid":{"rendered":"https:\/\/tiendasamor.com\/?post_type=product&#038;p=5864"},"modified":"2026-04-08T11:42:07","modified_gmt":"2026-04-08T16:42:07","slug":"funda-x-tender-mulato-con-bala-vibradora","status":"publish","type":"product","link":"https:\/\/tiendasamor.com\/index.php\/producto\/funda-x-tender-mulato-con-bala-vibradora\/","title":{"rendered":"Funda X-Tender Mulato con Bala Vibradora"},"content":{"rendered":"<p style=\"font-weight: 400\">Funda extensora de pene y bala vibradora, fabricada en material TPE, que proporciona suavidad y realismo, material s\u00faper el\u00e1stico adaptable que se siente como una segunda piel. Incrementa el tama\u00f1o del pene, la funda adem\u00e1s posee un anillo el cual debe colocarse alrededor de los test\u00edculos, prolongando la erecci\u00f3n, retardando la eyaculaci\u00f3n. Adicional a esto intensifica el placer gracias a la bala vibradora.<\/p>\n<p style=\"font-weight: 400\"><b><strong>ESPECIFICACIONES<\/strong><\/b><\/p>\n<p style=\"font-weight: 400\">Largo total: 17 cm \u2013 Largo interno: 12 cm \u2013 Di\u00e1metro externo: 4.8 cm \u2013 Largo aportado: 5 cm &#8211; Pilas: 3 LR44 (incluidas) \u2013 Color: piel mulata<\/p>\n<p style=\"font-weight: 400\"><b><strong>PRECAUCI\u00d3N<\/strong><\/b><\/p>\n<p style=\"font-weight: 400\">-Lubricar el juguete antes de usarlo, idealmente con un lubricante a base de agua, si es que fuese necesario.<\/p>\n<p style=\"font-weight: 400\">-Lavar con agua tibia o limpiar con toallas h\u00famedas de bebe.<\/p>\n<p style=\"font-weight: 400\">-Guardar en lugar limpio y seco.<\/p>\n","protected":false},"excerpt":{"rendered":"<p>Funda extensora de pene y bala vibradora, fabricada en material TPE, que proporciona suavidad y realismo, material s\u00faper el\u00e1stico adaptable que se siente como una segunda piel. Incrementa el tama\u00f1o del pene, la funda adem\u00e1s posee un anillo el cual debe colocarse alrededor de los test\u00edculos, prolongando la erecci\u00f3n, retardando la eyaculaci\u00f3n. Adicional a esto [&hellip;]<\/p>\n","protected":false},"featured_media":5865,"comment_status":"open","ping_status":"closed","template":"","meta":[],"product_brand":[],"product_cat":[45],"product_tag":[],"class_list":{"0":"post-5864","1":"product","2":"type-product","3":"status-publish","4":"has-post-thumbnail","6":"product_cat-fundas-extensoras","8":"first","9":"instock","10":"shipping-taxable","11":"purchasable","12":"product-type-simple"},"_links":{"self":[{"href":"https:\/\/tiendasamor.com\/index.php\/wp-json\/wp\/v2\/product\/5864","targetHints":{"allow":["GET"]}}],"collection":[{"href":"https:\/\/tiendasamor.com\/index.php\/wp-json\/wp\/v2\/product"}],"about":[{"href":"https:\/\/tiendasamor.com\/index.php\/wp-json\/wp\/v2\/types\/product"}],"replies":[{"embeddable":true,"href":"https:\/\/tiendasamor.com\/index.php\/wp-json\/wp\/v2\/comments?post=5864"}],"wp:featuredmedia":[{"embeddable":true,"href":"https:\/\/tiendasamor.com\/index.php\/wp-json\/wp\/v2\/media\/5865"}],"wp:attachment":[{"href":"https:\/\/tiendasamor.com\/index.php\/wp-json\/wp\/v2\/media?parent=5864"}],"wp:term":[{"taxonomy":"product_brand","embeddable":true,"href":"https:\/\/tiendasamor.com\/index.php\/wp-json\/wp\/v2\/product_brand?post=5864"},{"taxonomy":"product_cat","embeddable":true,"href":"https:\/\/tiendasamor.com\/index.php\/wp-json\/wp\/v2\/product_cat?post=5864"},{"taxonomy":"product_tag","embeddable":true,"href":"https:\/\/tiendasamor.com\/index.php\/wp-json\/wp\/v2\/product_tag?post=5864"}],"curies":[{"name":"wp","href":"https:\/\/api.w.org\/{rel}","templated":true}]}}