{"id":5860,"date":"2026-03-10T19:47:46","date_gmt":"2026-03-11T00:47:46","guid":{"rendered":"https:\/\/tiendasamor.com\/?post_type=product&#038;p=5860"},"modified":"2026-03-10T19:47:46","modified_gmt":"2026-03-11T00:47:46","slug":"body-degradado-translucido","status":"publish","type":"product","link":"https:\/\/tiendasamor.com\/index.php\/producto\/body-degradado-translucido\/","title":{"rendered":"Body degradado Translucido"},"content":{"rendered":"<p>Deslumbra en el tocador y resplandece en el desfile. Por s\u00ed solo o combinado con unos vaqueros, este body de estilo halter es un modelo sexy que no pasa desapercibido. Acabado con nuestros tirantes brillantes m\u00e1s nuevos, dise\u00f1ados con un patr\u00f3n sombreado de cristales del mismo color, para un efecto supersexy y glamuroso.<\/p>\n<ul>\n<li>Estilo de una sola pieza<\/li>\n<li>Cuello halter<\/li>\n<li>Encaje de rosas el\u00e1stico<\/li>\n<li>Copas forradas para una mayor cobertura<\/li>\n<li>Aro \u00fanico curvo<\/li>\n<li>Tirantes ajustables<\/li>\n<li>Cierre con corchetes en la parte posterior<\/li>\n<li>Tirantes brillantes con pedrer\u00eda degradada<\/li>\n<li>Adorno de tiras y aberturas<\/li>\n<li>Braguitas asim\u00e9tricas con parte delantera en V<\/li>\n<li>Parte posterior estilo tanga: sin cobertura<\/li>\n<li>Dise\u00f1o parcialmente confeccionado con materiales reciclados<\/li>\n<li>Lavar a mano<\/li>\n<li>Importado<\/li>\n<\/ul>\n","protected":false},"excerpt":{"rendered":"<p>Deslumbra en el tocador y resplandece en el desfile. Por s\u00ed solo o combinado con unos vaqueros, este body de estilo halter es un modelo sexy que no pasa desapercibido. Acabado con nuestros tirantes brillantes m\u00e1s nuevos, dise\u00f1ados con un patr\u00f3n sombreado de cristales del mismo color, para un efecto supersexy y glamuroso. Estilo de [&hellip;]<\/p>\n","protected":false},"featured_media":5862,"comment_status":"open","ping_status":"closed","template":"","meta":[],"product_brand":[],"product_cat":[50],"product_tag":[],"class_list":{"0":"post-5860","1":"product","2":"type-product","3":"status-publish","4":"has-post-thumbnail","6":"product_cat-baby-doll","8":"first","9":"instock","10":"shipping-taxable","11":"purchasable","12":"product-type-simple"},"_links":{"self":[{"href":"https:\/\/tiendasamor.com\/index.php\/wp-json\/wp\/v2\/product\/5860","targetHints":{"allow":["GET"]}}],"collection":[{"href":"https:\/\/tiendasamor.com\/index.php\/wp-json\/wp\/v2\/product"}],"about":[{"href":"https:\/\/tiendasamor.com\/index.php\/wp-json\/wp\/v2\/types\/product"}],"replies":[{"embeddable":true,"href":"https:\/\/tiendasamor.com\/index.php\/wp-json\/wp\/v2\/comments?post=5860"}],"wp:featuredmedia":[{"embeddable":true,"href":"https:\/\/tiendasamor.com\/index.php\/wp-json\/wp\/v2\/media\/5862"}],"wp:attachment":[{"href":"https:\/\/tiendasamor.com\/index.php\/wp-json\/wp\/v2\/media?parent=5860"}],"wp:term":[{"taxonomy":"product_brand","embeddable":true,"href":"https:\/\/tiendasamor.com\/index.php\/wp-json\/wp\/v2\/product_brand?post=5860"},{"taxonomy":"product_cat","embeddable":true,"href":"https:\/\/tiendasamor.com\/index.php\/wp-json\/wp\/v2\/product_cat?post=5860"},{"taxonomy":"product_tag","embeddable":true,"href":"https:\/\/tiendasamor.com\/index.php\/wp-json\/wp\/v2\/product_tag?post=5860"}],"curies":[{"name":"wp","href":"https:\/\/api.w.org\/{rel}","templated":true}]}}