{"id":5843,"date":"2026-03-10T19:09:38","date_gmt":"2026-03-11T00:09:38","guid":{"rendered":"https:\/\/tiendasamor.com\/?post_type=product&#038;p=5843"},"modified":"2026-03-10T19:11:22","modified_gmt":"2026-03-11T00:11:22","slug":"body-balconette-de-encaje","status":"publish","type":"product","link":"https:\/\/tiendasamor.com\/index.php\/producto\/body-balconette-de-encaje\/","title":{"rendered":"Body balconette de encaje"},"content":{"rendered":"<p>El encaje ultrasuave y sexy es el protagonista de este body con aberturas y un dise\u00f1o que se adapta a todas tus curvas y que incorpora un toque de relleno push up para darte un realce suave. P\u00f3ntelo con unos vaqueros y una americana extragrande o \u00fasalo para una noche especial en casa.<\/p>\n<ul>\n<li>Relleno push up ligero con realce ligero<\/li>\n<li>Con aros<\/li>\n<li>Copas balconette<\/li>\n<li>Tirantes ajustables<\/li>\n<li>Cierre posterior con corchetes<\/li>\n<li>El encaje supersuave\u00a0 se mueve contigo<\/li>\n<li>Con un dise\u00f1o mejorado con fibras LYCRA\u00ae ADAPTIV para disfrutar del mejor corte que puedas imaginar<\/li>\n<li>Detalle de florecitas<\/li>\n<li>Espalda descubierta<\/li>\n<li>Panel del refuerzo de algod\u00f3n<\/li>\n<li>Dise\u00f1o parcialmente confeccionado con materiales reciclados<\/li>\n<li>Lavar a mano<\/li>\n<li>Importado<\/li>\n<\/ul>\n","protected":false},"excerpt":{"rendered":"<p>El encaje ultrasuave y sexy es el protagonista de este body con aberturas y un dise\u00f1o que se adapta a todas tus curvas y que incorpora un toque de relleno push up para darte un realce suave. P\u00f3ntelo con unos vaqueros y una americana extragrande o \u00fasalo para una noche especial en casa. Relleno push [&hellip;]<\/p>\n","protected":false},"featured_media":5847,"comment_status":"open","ping_status":"closed","template":"","meta":[],"product_brand":[],"product_cat":[50],"product_tag":[],"class_list":{"0":"post-5843","1":"product","2":"type-product","3":"status-publish","4":"has-post-thumbnail","6":"product_cat-baby-doll","8":"first","9":"instock","10":"shipping-taxable","11":"purchasable","12":"product-type-simple"},"_links":{"self":[{"href":"https:\/\/tiendasamor.com\/index.php\/wp-json\/wp\/v2\/product\/5843","targetHints":{"allow":["GET"]}}],"collection":[{"href":"https:\/\/tiendasamor.com\/index.php\/wp-json\/wp\/v2\/product"}],"about":[{"href":"https:\/\/tiendasamor.com\/index.php\/wp-json\/wp\/v2\/types\/product"}],"replies":[{"embeddable":true,"href":"https:\/\/tiendasamor.com\/index.php\/wp-json\/wp\/v2\/comments?post=5843"}],"wp:featuredmedia":[{"embeddable":true,"href":"https:\/\/tiendasamor.com\/index.php\/wp-json\/wp\/v2\/media\/5847"}],"wp:attachment":[{"href":"https:\/\/tiendasamor.com\/index.php\/wp-json\/wp\/v2\/media?parent=5843"}],"wp:term":[{"taxonomy":"product_brand","embeddable":true,"href":"https:\/\/tiendasamor.com\/index.php\/wp-json\/wp\/v2\/product_brand?post=5843"},{"taxonomy":"product_cat","embeddable":true,"href":"https:\/\/tiendasamor.com\/index.php\/wp-json\/wp\/v2\/product_cat?post=5843"},{"taxonomy":"product_tag","embeddable":true,"href":"https:\/\/tiendasamor.com\/index.php\/wp-json\/wp\/v2\/product_tag?post=5843"}],"curies":[{"name":"wp","href":"https:\/\/api.w.org\/{rel}","templated":true}]}}