{"id":5587,"date":"2026-03-02T19:26:17","date_gmt":"2026-03-03T00:26:17","guid":{"rendered":"https:\/\/tiendasamor.com\/?post_type=product&#038;p=5587"},"modified":"2026-03-02T19:26:17","modified_gmt":"2026-03-03T00:26:17","slug":"pretty-love-knucker","status":"publish","type":"product","link":"https:\/\/tiendasamor.com\/index.php\/producto\/pretty-love-knucker\/","title":{"rendered":"Pretty Love Knucker"},"content":{"rendered":"<p><span dir=\"auto\">Si anhelas noches de excitaci\u00f3n extrema, el Huevo Vibrador de Silicona Pretty Love superar\u00e1 tus expectativas. Con 12 funciones de vibraci\u00f3n, encontrar\u00e1s tu modo favorito para una experiencia placentera y personalizada. T\u00f3malo con calma, ll\u00e9valo a la m\u00e1xima intensidad o d\u00e9jate llevar hasta el cl\u00edmax mientras descubres todo el placer que te ofrece.<\/span><\/p>\n<table border=\"0\" width=\"100%\" cellspacing=\"1\" cellpadding=\"3\" bgcolor=\"#dddddd\">\n<tbody>\n<tr>\n<td align=\"left\" width=\"30%\"><span dir=\"auto\">Funci\u00f3n<\/span><\/td>\n<td align=\"left\" width=\"70%\"><span dir=\"auto\">12 funciones de vibraci\u00f3n Funci\u00f3n de memoria<\/span><\/td>\n<\/tr>\n<tr>\n<td align=\"left\" width=\"30%\"><span dir=\"auto\">Material<\/span><\/td>\n<td align=\"left\" width=\"70%\"><span dir=\"auto\">Silicona<\/span><\/td>\n<\/tr>\n<tr>\n<td align=\"left\" width=\"30%\"><span dir=\"auto\">Fuerza<\/span><\/td>\n<td align=\"left\" width=\"70%\"><span dir=\"auto\">Recargable por USB<\/span><\/td>\n<\/tr>\n<\/tbody>\n<\/table>\n","protected":false},"excerpt":{"rendered":"<p>Si anhelas noches de excitaci\u00f3n extrema, el Huevo Vibrador de Silicona Pretty Love superar\u00e1 tus expectativas. Con 12 funciones de vibraci\u00f3n, encontrar\u00e1s tu modo favorito para una experiencia placentera y personalizada. T\u00f3malo con calma, ll\u00e9valo a la m\u00e1xima intensidad o d\u00e9jate llevar hasta el cl\u00edmax mientras descubres todo el placer que te ofrece. Funci\u00f3n 12 [&hellip;]<\/p>\n","protected":false},"featured_media":5588,"comment_status":"open","ping_status":"closed","template":"","meta":[],"product_brand":[],"product_cat":[44,27],"product_tag":[],"class_list":{"0":"post-5587","1":"product","2":"type-product","3":"status-publish","4":"has-post-thumbnail","6":"product_cat-clitorales","7":"product_cat-vibradores","9":"first","10":"instock","11":"shipping-taxable","12":"purchasable","13":"product-type-simple"},"_links":{"self":[{"href":"https:\/\/tiendasamor.com\/index.php\/wp-json\/wp\/v2\/product\/5587","targetHints":{"allow":["GET"]}}],"collection":[{"href":"https:\/\/tiendasamor.com\/index.php\/wp-json\/wp\/v2\/product"}],"about":[{"href":"https:\/\/tiendasamor.com\/index.php\/wp-json\/wp\/v2\/types\/product"}],"replies":[{"embeddable":true,"href":"https:\/\/tiendasamor.com\/index.php\/wp-json\/wp\/v2\/comments?post=5587"}],"wp:featuredmedia":[{"embeddable":true,"href":"https:\/\/tiendasamor.com\/index.php\/wp-json\/wp\/v2\/media\/5588"}],"wp:attachment":[{"href":"https:\/\/tiendasamor.com\/index.php\/wp-json\/wp\/v2\/media?parent=5587"}],"wp:term":[{"taxonomy":"product_brand","embeddable":true,"href":"https:\/\/tiendasamor.com\/index.php\/wp-json\/wp\/v2\/product_brand?post=5587"},{"taxonomy":"product_cat","embeddable":true,"href":"https:\/\/tiendasamor.com\/index.php\/wp-json\/wp\/v2\/product_cat?post=5587"},{"taxonomy":"product_tag","embeddable":true,"href":"https:\/\/tiendasamor.com\/index.php\/wp-json\/wp\/v2\/product_tag?post=5587"}],"curies":[{"name":"wp","href":"https:\/\/api.w.org\/{rel}","templated":true}]}}