{"id":5573,"date":"2026-03-03T18:36:59","date_gmt":"2026-03-03T23:36:59","guid":{"rendered":"https:\/\/tiendasamor.com\/?post_type=product&#038;p=5573"},"modified":"2026-03-03T18:36:59","modified_gmt":"2026-03-03T23:36:59","slug":"garganta-profunda-sabor-cereza","status":"publish","type":"product","link":"https:\/\/tiendasamor.com\/index.php\/producto\/garganta-profunda-sabor-cereza\/","title":{"rendered":"Garganta Profunda Sabor Cereza"},"content":{"rendered":"<p>\u00bfQuieres cumplir tu fantas\u00eda? Te presentamos un delicioso desensibilizador de garganta para que puedas cumplir tu fetiche o sensaci\u00f3n que tanto deseabas en el sexo oral. Sin reflejo de mordaza ni molestias, solo una experiencia de garganta profunda alucinante. \u00bfLo hab\u00edas visto? Esta deliciosa f\u00f3rmula desensibilizante convierte la buena cabeza en una gran cabeza. Libre de parabenos y az\u00facar. Todo esto, lo puedes tener y disfrutarlo.<\/p>\n<p>Dosis en spray<\/p>\n<p>Anestesia local<\/p>\n<p>Sabor Cereza<\/p>\n","protected":false},"excerpt":{"rendered":"<p>\u00bfQuieres cumplir tu fantas\u00eda? Te presentamos un delicioso desensibilizador de garganta para que puedas cumplir tu fetiche o sensaci\u00f3n que tanto deseabas en el sexo oral. Sin reflejo de mordaza ni molestias, solo una experiencia de garganta profunda alucinante. \u00bfLo hab\u00edas visto? Esta deliciosa f\u00f3rmula desensibilizante convierte la buena cabeza en una gran cabeza. Libre [&hellip;]<\/p>\n","protected":false},"featured_media":5639,"comment_status":"open","ping_status":"closed","template":"","meta":[],"product_brand":[],"product_cat":[65,23],"product_tag":[],"class_list":{"0":"post-5573","1":"product","2":"type-product","3":"status-publish","4":"has-post-thumbnail","6":"product_cat-comestibles","7":"product_cat-lubricantes","9":"first","10":"instock","11":"shipping-taxable","12":"purchasable","13":"product-type-simple"},"_links":{"self":[{"href":"https:\/\/tiendasamor.com\/index.php\/wp-json\/wp\/v2\/product\/5573","targetHints":{"allow":["GET"]}}],"collection":[{"href":"https:\/\/tiendasamor.com\/index.php\/wp-json\/wp\/v2\/product"}],"about":[{"href":"https:\/\/tiendasamor.com\/index.php\/wp-json\/wp\/v2\/types\/product"}],"replies":[{"embeddable":true,"href":"https:\/\/tiendasamor.com\/index.php\/wp-json\/wp\/v2\/comments?post=5573"}],"wp:featuredmedia":[{"embeddable":true,"href":"https:\/\/tiendasamor.com\/index.php\/wp-json\/wp\/v2\/media\/5639"}],"wp:attachment":[{"href":"https:\/\/tiendasamor.com\/index.php\/wp-json\/wp\/v2\/media?parent=5573"}],"wp:term":[{"taxonomy":"product_brand","embeddable":true,"href":"https:\/\/tiendasamor.com\/index.php\/wp-json\/wp\/v2\/product_brand?post=5573"},{"taxonomy":"product_cat","embeddable":true,"href":"https:\/\/tiendasamor.com\/index.php\/wp-json\/wp\/v2\/product_cat?post=5573"},{"taxonomy":"product_tag","embeddable":true,"href":"https:\/\/tiendasamor.com\/index.php\/wp-json\/wp\/v2\/product_tag?post=5573"}],"curies":[{"name":"wp","href":"https:\/\/api.w.org\/{rel}","templated":true}]}}