{"id":5405,"date":"2026-03-10T18:42:10","date_gmt":"2026-03-10T23:42:10","guid":{"rendered":"https:\/\/tiendasamor.com\/?post_type=product&#038;p=5405"},"modified":"2026-03-10T18:42:10","modified_gmt":"2026-03-10T23:42:10","slug":"pretty-love-alexander","status":"publish","type":"product","link":"https:\/\/tiendasamor.com\/index.php\/producto\/pretty-love-alexander\/","title":{"rendered":"Pretty Love Alexander"},"content":{"rendered":"<p><span dir=\"auto\">Combina tu conocimiento \u00edntimo del cuerpo de tu pareja con las sensaciones estimulantes de un vibrador de dedo para despertar la excitaci\u00f3n apasionada con unas pocas caricias. Un fino vibrador de dedo dise\u00f1ado para una estimulaci\u00f3n \u00e1gil, Secret Touching despierta un intenso deseo en el juego.<\/span><\/p>\n<table border=\"0\" width=\"100%\" cellspacing=\"1\" cellpadding=\"3\" bgcolor=\"#dddddd\">\n<tbody>\n<tr>\n<td align=\"left\" width=\"30%\"><span dir=\"auto\">Funci\u00f3n<\/span><\/td>\n<td align=\"left\" width=\"70%\"><span dir=\"auto\">10 funciones de vibraci\u00f3n<\/span><\/td>\n<\/tr>\n<tr>\n<td align=\"left\" width=\"30%\"><span dir=\"auto\">Material<\/span><\/td>\n<td align=\"left\" width=\"70%\"><span dir=\"auto\">Silicona<\/span><\/td>\n<\/tr>\n<tr>\n<td align=\"left\" width=\"30%\"><span dir=\"auto\">Fuerza<\/span><\/td>\n<td align=\"left\" width=\"70%\"><span dir=\"auto\">1 pila AAA<\/span><\/td>\n<\/tr>\n<\/tbody>\n<\/table>\n","protected":false},"excerpt":{"rendered":"<p>Combina tu conocimiento \u00edntimo del cuerpo de tu pareja con las sensaciones estimulantes de un vibrador de dedo para despertar la excitaci\u00f3n apasionada con unas pocas caricias. Un fino vibrador de dedo dise\u00f1ado para una estimulaci\u00f3n \u00e1gil, Secret Touching despierta un intenso deseo en el juego. Funci\u00f3n 10 funciones de vibraci\u00f3n Material Silicona Fuerza 1 [&hellip;]<\/p>\n","protected":false},"featured_media":5827,"comment_status":"open","ping_status":"closed","template":"","meta":[],"product_brand":[],"product_cat":[44],"product_tag":[],"class_list":{"0":"post-5405","1":"product","2":"type-product","3":"status-publish","4":"has-post-thumbnail","6":"product_cat-clitorales","8":"first","9":"instock","10":"shipping-taxable","11":"purchasable","12":"product-type-simple"},"_links":{"self":[{"href":"https:\/\/tiendasamor.com\/index.php\/wp-json\/wp\/v2\/product\/5405","targetHints":{"allow":["GET"]}}],"collection":[{"href":"https:\/\/tiendasamor.com\/index.php\/wp-json\/wp\/v2\/product"}],"about":[{"href":"https:\/\/tiendasamor.com\/index.php\/wp-json\/wp\/v2\/types\/product"}],"replies":[{"embeddable":true,"href":"https:\/\/tiendasamor.com\/index.php\/wp-json\/wp\/v2\/comments?post=5405"}],"wp:featuredmedia":[{"embeddable":true,"href":"https:\/\/tiendasamor.com\/index.php\/wp-json\/wp\/v2\/media\/5827"}],"wp:attachment":[{"href":"https:\/\/tiendasamor.com\/index.php\/wp-json\/wp\/v2\/media?parent=5405"}],"wp:term":[{"taxonomy":"product_brand","embeddable":true,"href":"https:\/\/tiendasamor.com\/index.php\/wp-json\/wp\/v2\/product_brand?post=5405"},{"taxonomy":"product_cat","embeddable":true,"href":"https:\/\/tiendasamor.com\/index.php\/wp-json\/wp\/v2\/product_cat?post=5405"},{"taxonomy":"product_tag","embeddable":true,"href":"https:\/\/tiendasamor.com\/index.php\/wp-json\/wp\/v2\/product_tag?post=5405"}],"curies":[{"name":"wp","href":"https:\/\/api.w.org\/{rel}","templated":true}]}}