{"id":5390,"date":"2026-02-20T19:53:42","date_gmt":"2026-02-21T00:53:42","guid":{"rendered":"https:\/\/tiendasamor.com\/?post_type=product&#038;p=5390"},"modified":"2026-02-20T19:53:42","modified_gmt":"2026-02-21T00:53:42","slug":"gk-power-renegade-power-cage","status":"publish","type":"product","link":"https:\/\/tiendasamor.com\/index.php\/producto\/gk-power-renegade-power-cage\/","title":{"rendered":"GK Power Renegade Power Cage"},"content":{"rendered":"<p>La jaula de energ\u00eda reversible redefine la versatilidad. Dale la vuelta a la jaula y experimenta la superficie texturizada t\u00fa mismo. Tpe es el\u00e1stico, no pegajoso, se juega con el agua y se disfruta con lubricante. F\u00e1cil de poner. F\u00e1cil de limpiar. A\u00f1ade un poco m\u00e1s de facilidad a tus encuentros \u00edntimos<\/p>\n<ul>\n<li>Material: TPE<\/li>\n<li>Largo: 10.7cm<br \/>\nAncho: 3.8cm<br \/>\nSujetador<br \/>\nOrificio para mayor placer en el Glande.<\/li>\n<\/ul>\n","protected":false},"excerpt":{"rendered":"<p>La jaula de energ\u00eda reversible redefine la versatilidad. Dale la vuelta a la jaula y experimenta la superficie texturizada t\u00fa mismo. Tpe es el\u00e1stico, no pegajoso, se juega con el agua y se disfruta con lubricante. F\u00e1cil de poner. F\u00e1cil de limpiar. A\u00f1ade un poco m\u00e1s de facilidad a tus encuentros \u00edntimos Material: TPE Largo: [&hellip;]<\/p>\n","protected":false},"featured_media":5391,"comment_status":"open","ping_status":"closed","template":"","meta":[],"product_brand":[],"product_cat":[36,45],"product_tag":[],"class_list":{"0":"post-5390","1":"product","2":"type-product","3":"status-publish","4":"has-post-thumbnail","6":"product_cat-anillos","7":"product_cat-fundas-extensoras","9":"first","10":"instock","11":"shipping-taxable","12":"purchasable","13":"product-type-simple"},"_links":{"self":[{"href":"https:\/\/tiendasamor.com\/index.php\/wp-json\/wp\/v2\/product\/5390","targetHints":{"allow":["GET"]}}],"collection":[{"href":"https:\/\/tiendasamor.com\/index.php\/wp-json\/wp\/v2\/product"}],"about":[{"href":"https:\/\/tiendasamor.com\/index.php\/wp-json\/wp\/v2\/types\/product"}],"replies":[{"embeddable":true,"href":"https:\/\/tiendasamor.com\/index.php\/wp-json\/wp\/v2\/comments?post=5390"}],"wp:featuredmedia":[{"embeddable":true,"href":"https:\/\/tiendasamor.com\/index.php\/wp-json\/wp\/v2\/media\/5391"}],"wp:attachment":[{"href":"https:\/\/tiendasamor.com\/index.php\/wp-json\/wp\/v2\/media?parent=5390"}],"wp:term":[{"taxonomy":"product_brand","embeddable":true,"href":"https:\/\/tiendasamor.com\/index.php\/wp-json\/wp\/v2\/product_brand?post=5390"},{"taxonomy":"product_cat","embeddable":true,"href":"https:\/\/tiendasamor.com\/index.php\/wp-json\/wp\/v2\/product_cat?post=5390"},{"taxonomy":"product_tag","embeddable":true,"href":"https:\/\/tiendasamor.com\/index.php\/wp-json\/wp\/v2\/product_tag?post=5390"}],"curies":[{"name":"wp","href":"https:\/\/api.w.org\/{rel}","templated":true}]}}