{"id":5369,"date":"2026-02-20T19:17:16","date_gmt":"2026-02-21T00:17:16","guid":{"rendered":"https:\/\/tiendasamor.com\/?post_type=product&#038;p=5369"},"modified":"2026-02-20T19:19:45","modified_gmt":"2026-02-21T00:19:45","slug":"pretty-love-kiwi","status":"publish","type":"product","link":"https:\/\/tiendasamor.com\/index.php\/producto\/pretty-love-kiwi\/","title":{"rendered":"Pretty Love Kiwi"},"content":{"rendered":"<p><span dir=\"auto\">Esta bala met\u00e1lica puede parecer peque\u00f1a, pero ten por seguro que ofrece much\u00edsimo placer en su peque\u00f1o tama\u00f1o. Es perfecta para llevarla en el bolso o en el caj\u00f3n de tu mesita de noche. \u00a1Aunque sea peque\u00f1a, es una bomba de placer! Con 10 modos de vibraci\u00f3n para explorar, usa el bot\u00f3n en la base para descubrir velocidades y patrones que te catapultar\u00e1n a un cl\u00edmax potente y satisfactorio.<\/span><\/p>\n<table border=\"0\" width=\"100%\" cellspacing=\"1\" cellpadding=\"3\" bgcolor=\"#dddddd\">\n<tbody>\n<tr>\n<td align=\"left\" width=\"30%\"><span dir=\"auto\">Funci\u00f3n<\/span><\/td>\n<td align=\"left\" width=\"70%\"><span dir=\"auto\">10 funciones de vibraci\u00f3n<\/span><\/td>\n<\/tr>\n<tr>\n<td align=\"left\" width=\"30%\"><span dir=\"auto\">Material<\/span><\/td>\n<td align=\"left\" width=\"70%\"><span dir=\"auto\">abdominales<\/span><\/td>\n<\/tr>\n<tr>\n<td align=\"left\" width=\"30%\"><span dir=\"auto\">Fuerza<\/span><\/td>\n<td align=\"left\" width=\"70%\"><span dir=\"auto\">Recargable por USB<\/span><\/td>\n<\/tr>\n<\/tbody>\n<\/table>\n","protected":false},"excerpt":{"rendered":"<p>Esta bala met\u00e1lica puede parecer peque\u00f1a, pero ten por seguro que ofrece much\u00edsimo placer en su peque\u00f1o tama\u00f1o. Es perfecta para llevarla en el bolso o en el caj\u00f3n de tu mesita de noche. \u00a1Aunque sea peque\u00f1a, es una bomba de placer! Con 10 modos de vibraci\u00f3n para explorar, usa el bot\u00f3n en la base [&hellip;]<\/p>\n","protected":false},"featured_media":5370,"comment_status":"open","ping_status":"closed","template":"","meta":[],"product_brand":[],"product_cat":[44],"product_tag":[],"class_list":{"0":"post-5369","1":"product","2":"type-product","3":"status-publish","4":"has-post-thumbnail","6":"product_cat-clitorales","8":"first","9":"instock","10":"shipping-taxable","11":"purchasable","12":"product-type-simple"},"_links":{"self":[{"href":"https:\/\/tiendasamor.com\/index.php\/wp-json\/wp\/v2\/product\/5369","targetHints":{"allow":["GET"]}}],"collection":[{"href":"https:\/\/tiendasamor.com\/index.php\/wp-json\/wp\/v2\/product"}],"about":[{"href":"https:\/\/tiendasamor.com\/index.php\/wp-json\/wp\/v2\/types\/product"}],"replies":[{"embeddable":true,"href":"https:\/\/tiendasamor.com\/index.php\/wp-json\/wp\/v2\/comments?post=5369"}],"wp:featuredmedia":[{"embeddable":true,"href":"https:\/\/tiendasamor.com\/index.php\/wp-json\/wp\/v2\/media\/5370"}],"wp:attachment":[{"href":"https:\/\/tiendasamor.com\/index.php\/wp-json\/wp\/v2\/media?parent=5369"}],"wp:term":[{"taxonomy":"product_brand","embeddable":true,"href":"https:\/\/tiendasamor.com\/index.php\/wp-json\/wp\/v2\/product_brand?post=5369"},{"taxonomy":"product_cat","embeddable":true,"href":"https:\/\/tiendasamor.com\/index.php\/wp-json\/wp\/v2\/product_cat?post=5369"},{"taxonomy":"product_tag","embeddable":true,"href":"https:\/\/tiendasamor.com\/index.php\/wp-json\/wp\/v2\/product_tag?post=5369"}],"curies":[{"name":"wp","href":"https:\/\/api.w.org\/{rel}","templated":true}]}}