{"id":5357,"date":"2026-02-20T19:04:17","date_gmt":"2026-02-21T00:04:17","guid":{"rendered":"https:\/\/tiendasamor.com\/?post_type=product&#038;p=5357"},"modified":"2026-02-20T19:04:51","modified_gmt":"2026-02-21T00:04:51","slug":"pretty-love-stefan-2","status":"publish","type":"product","link":"https:\/\/tiendasamor.com\/index.php\/producto\/pretty-love-stefan-2\/","title":{"rendered":"Pretty Love Stefan"},"content":{"rendered":"<p><span dir=\"auto\">Esta bala vibradora puede parecer peque\u00f1a, pero ten por seguro que ofrece much\u00edsimo placer en su peque\u00f1o tama\u00f1o! Puedes colocarla en tus zonas er\u00f3genas favoritas (como el cl\u00edtoris o los pezones) para estimulaci\u00f3n externa o insertarla para masajear tus paredes internas. Dondequiera que la coloques, esta pr\u00e1ctica bala ofrece diversos patrones de vibraci\u00f3n sensuales que te llevar\u00e1n a nuevas cotas de placer.<\/span><\/p>\n<table border=\"0\" width=\"100%\" cellspacing=\"1\" cellpadding=\"3\" bgcolor=\"#dddddd\">\n<tbody>\n<tr>\n<td align=\"left\" width=\"30%\"><span dir=\"auto\">Funci\u00f3n<\/span><\/td>\n<td align=\"left\" width=\"70%\"><span dir=\"auto\">10 funciones de vibraci\u00f3n<\/span><\/td>\n<\/tr>\n<tr>\n<td align=\"left\" width=\"30%\"><span dir=\"auto\">Material<\/span><\/td>\n<td align=\"left\" width=\"70%\"><span dir=\"auto\">abdominales<\/span><\/td>\n<\/tr>\n<tr>\n<td align=\"left\" width=\"30%\"><span dir=\"auto\">Fuerza<\/span><\/td>\n<td align=\"left\" width=\"70%\"><span dir=\"auto\">Recargable por USB<\/span><\/td>\n<\/tr>\n<\/tbody>\n<\/table>\n","protected":false},"excerpt":{"rendered":"<p>Esta bala vibradora puede parecer peque\u00f1a, pero ten por seguro que ofrece much\u00edsimo placer en su peque\u00f1o tama\u00f1o! Puedes colocarla en tus zonas er\u00f3genas favoritas (como el cl\u00edtoris o los pezones) para estimulaci\u00f3n externa o insertarla para masajear tus paredes internas. Dondequiera que la coloques, esta pr\u00e1ctica bala ofrece diversos patrones de vibraci\u00f3n sensuales que [&hellip;]<\/p>\n","protected":false},"featured_media":5358,"comment_status":"open","ping_status":"closed","template":"","meta":[],"product_brand":[],"product_cat":[44],"product_tag":[],"class_list":{"0":"post-5357","1":"product","2":"type-product","3":"status-publish","4":"has-post-thumbnail","6":"product_cat-clitorales","8":"first","9":"instock","10":"shipping-taxable","11":"purchasable","12":"product-type-simple"},"_links":{"self":[{"href":"https:\/\/tiendasamor.com\/index.php\/wp-json\/wp\/v2\/product\/5357","targetHints":{"allow":["GET"]}}],"collection":[{"href":"https:\/\/tiendasamor.com\/index.php\/wp-json\/wp\/v2\/product"}],"about":[{"href":"https:\/\/tiendasamor.com\/index.php\/wp-json\/wp\/v2\/types\/product"}],"replies":[{"embeddable":true,"href":"https:\/\/tiendasamor.com\/index.php\/wp-json\/wp\/v2\/comments?post=5357"}],"wp:featuredmedia":[{"embeddable":true,"href":"https:\/\/tiendasamor.com\/index.php\/wp-json\/wp\/v2\/media\/5358"}],"wp:attachment":[{"href":"https:\/\/tiendasamor.com\/index.php\/wp-json\/wp\/v2\/media?parent=5357"}],"wp:term":[{"taxonomy":"product_brand","embeddable":true,"href":"https:\/\/tiendasamor.com\/index.php\/wp-json\/wp\/v2\/product_brand?post=5357"},{"taxonomy":"product_cat","embeddable":true,"href":"https:\/\/tiendasamor.com\/index.php\/wp-json\/wp\/v2\/product_cat?post=5357"},{"taxonomy":"product_tag","embeddable":true,"href":"https:\/\/tiendasamor.com\/index.php\/wp-json\/wp\/v2\/product_tag?post=5357"}],"curies":[{"name":"wp","href":"https:\/\/api.w.org\/{rel}","templated":true}]}}