{"id":5337,"date":"2026-02-20T18:32:49","date_gmt":"2026-02-20T23:32:49","guid":{"rendered":"https:\/\/tiendasamor.com\/?post_type=product&#038;p=5337"},"modified":"2026-02-20T18:32:49","modified_gmt":"2026-02-20T23:32:49","slug":"crazy-bull-pocket-pussy-nadya","status":"publish","type":"product","link":"https:\/\/tiendasamor.com\/index.php\/producto\/crazy-bull-pocket-pussy-nadya\/","title":{"rendered":"Crazy Bull Pocket Pussy Nadya"},"content":{"rendered":"<p><span dir=\"auto\">Una funda masturbadora de bolsillo y una bala vibradora que se combinan para una experiencia de masturbaci\u00f3n inolvidable. Una funda masturbadora de bolsillo s\u00faper realista y el\u00e1stica con una entrada estrecha y un pasaje acanalado para la mejor experiencia de penetraci\u00f3n. Fabricada con Loveskin, conocida como una de las pieles m\u00e1s realistas de la industria de los juguetes sexuales. <\/span><\/p>\n<p><span dir=\"auto\">Una funda masturbadora de bolsillo que se adapta a tu pene como ninguna otra y est\u00e1 dise\u00f1ada para satisfacer incluso a los usuarios de juguetes sexuales masculinos m\u00e1s exigentes. Inserta la bala vibradora multivelocidad para una estimulaci\u00f3n mejorada y deja que esta vagina cumpla todas tus fantas\u00edas sexuales. Esta incre\u00edble funda masturbadora de bolsillo incluye una bala vibradora multivelocidad, una unidad de control y una muestra de lubricante para una experiencia incre\u00edble.<\/span><\/p>\n<table border=\"0\" width=\"100%\" cellspacing=\"1\" cellpadding=\"3\" bgcolor=\"#dddddd\">\n<tbody>\n<tr>\n<td align=\"left\" width=\"30%\"><span dir=\"auto\">Funci\u00f3n<\/span><\/td>\n<td align=\"left\" width=\"70%\"><span dir=\"auto\">Vibraci\u00f3n Lubricante de agua Agujeros dobles<\/span><\/td>\n<\/tr>\n<tr>\n<td align=\"left\" width=\"30%\"><span dir=\"auto\">Material<\/span><\/td>\n<td align=\"left\" width=\"70%\"><span dir=\"auto\">TPR<\/span><\/td>\n<\/tr>\n<tr>\n<td align=\"left\" width=\"30%\"><span dir=\"auto\">Fuerza<\/span><\/td>\n<td align=\"left\" width=\"70%\"><span dir=\"auto\">2 pilas AA<\/span><\/td>\n<\/tr>\n<\/tbody>\n<\/table>\n","protected":false},"excerpt":{"rendered":"<p>Una funda masturbadora de bolsillo y una bala vibradora que se combinan para una experiencia de masturbaci\u00f3n inolvidable. Una funda masturbadora de bolsillo s\u00faper realista y el\u00e1stica con una entrada estrecha y un pasaje acanalado para la mejor experiencia de penetraci\u00f3n. Fabricada con Loveskin, conocida como una de las pieles m\u00e1s realistas de la industria [&hellip;]<\/p>\n","protected":false},"featured_media":5338,"comment_status":"open","ping_status":"closed","template":"","meta":[],"product_brand":[],"product_cat":[30],"product_tag":[],"class_list":{"0":"post-5337","1":"product","2":"type-product","3":"status-publish","4":"has-post-thumbnail","6":"product_cat-masturbadores","8":"first","9":"instock","10":"shipping-taxable","11":"purchasable","12":"product-type-simple"},"_links":{"self":[{"href":"https:\/\/tiendasamor.com\/index.php\/wp-json\/wp\/v2\/product\/5337","targetHints":{"allow":["GET"]}}],"collection":[{"href":"https:\/\/tiendasamor.com\/index.php\/wp-json\/wp\/v2\/product"}],"about":[{"href":"https:\/\/tiendasamor.com\/index.php\/wp-json\/wp\/v2\/types\/product"}],"replies":[{"embeddable":true,"href":"https:\/\/tiendasamor.com\/index.php\/wp-json\/wp\/v2\/comments?post=5337"}],"wp:featuredmedia":[{"embeddable":true,"href":"https:\/\/tiendasamor.com\/index.php\/wp-json\/wp\/v2\/media\/5338"}],"wp:attachment":[{"href":"https:\/\/tiendasamor.com\/index.php\/wp-json\/wp\/v2\/media?parent=5337"}],"wp:term":[{"taxonomy":"product_brand","embeddable":true,"href":"https:\/\/tiendasamor.com\/index.php\/wp-json\/wp\/v2\/product_brand?post=5337"},{"taxonomy":"product_cat","embeddable":true,"href":"https:\/\/tiendasamor.com\/index.php\/wp-json\/wp\/v2\/product_cat?post=5337"},{"taxonomy":"product_tag","embeddable":true,"href":"https:\/\/tiendasamor.com\/index.php\/wp-json\/wp\/v2\/product_tag?post=5337"}],"curies":[{"name":"wp","href":"https:\/\/api.w.org\/{rel}","templated":true}]}}