{"id":5332,"date":"2026-01-31T19:49:45","date_gmt":"2026-02-01T00:49:45","guid":{"rendered":"https:\/\/tiendasamor.com\/?post_type=product&#038;p=5332"},"modified":"2026-01-31T19:49:45","modified_gmt":"2026-02-01T00:49:45","slug":"dlite-noje-the-swedish-word-for-pleasure","status":"publish","type":"product","link":"https:\/\/tiendasamor.com\/index.php\/producto\/dlite-noje-the-swedish-word-for-pleasure\/","title":{"rendered":"Dlite Noje The Swedish Word For Pleasure"},"content":{"rendered":"<p>Disfrutar\u00e1s de toda la potencia de una varita m\u00e1gica de tama\u00f1o completo, en este peque\u00f1o paquete de 12,7 cm. Delite cuenta con 10 funciones de vibraci\u00f3n profunda y vibrante, con 5 velocidades y 5 ritmos \u00fanicos. Suave como la seda Ultrasilk\u2122 y fabricado con silicona Puria\u2122. Resistente al agua, apto para el ba\u00f1o y la ducha, y f\u00e1cil de limpiar. El cable de carga USB magn\u00e9tico se conecta con un clic y el indicador luminoso te avisa cuando tu juguete est\u00e1 completamente cargado y listo para jugar. \u00a1Delite tambi\u00e9n viene con diferentes cabezales para explorar nuevas sensaciones! Noje significa placer en sueco y el Noje Delite hace honor a su nombre.<\/p>\n<ul>\n<li><span dir=\"auto\">10 modos de vibraci\u00f3n. Impulsado por un potente motor de tungsteno.<\/span><\/li>\n<li><span dir=\"auto\">Incluye 3 accesorios de silicona<\/span><\/li>\n<li><span dir=\"auto\">Clasificaci\u00f3n IPX7 Sumergible a prueba de agua<\/span><\/li>\n<li><span dir=\"auto\">Recargable mediante cable USB magn\u00e9tico incluido<\/span><\/li>\n<li><span dir=\"auto\">Mide 5 pulgadas de largo.<\/span><\/li>\n<\/ul>\n","protected":false},"excerpt":{"rendered":"<p>Disfrutar\u00e1s de toda la potencia de una varita m\u00e1gica de tama\u00f1o completo, en este peque\u00f1o paquete de 12,7 cm. Delite cuenta con 10 funciones de vibraci\u00f3n profunda y vibrante, con 5 velocidades y 5 ritmos \u00fanicos. Suave como la seda Ultrasilk\u2122 y fabricado con silicona Puria\u2122. Resistente al agua, apto para el ba\u00f1o y la [&hellip;]<\/p>\n","protected":false},"featured_media":5333,"comment_status":"open","ping_status":"closed","template":"","meta":[],"product_brand":[],"product_cat":[44],"product_tag":[],"class_list":{"0":"post-5332","1":"product","2":"type-product","3":"status-publish","4":"has-post-thumbnail","6":"product_cat-clitorales","8":"first","9":"instock","10":"shipping-taxable","11":"purchasable","12":"product-type-simple"},"_links":{"self":[{"href":"https:\/\/tiendasamor.com\/index.php\/wp-json\/wp\/v2\/product\/5332","targetHints":{"allow":["GET"]}}],"collection":[{"href":"https:\/\/tiendasamor.com\/index.php\/wp-json\/wp\/v2\/product"}],"about":[{"href":"https:\/\/tiendasamor.com\/index.php\/wp-json\/wp\/v2\/types\/product"}],"replies":[{"embeddable":true,"href":"https:\/\/tiendasamor.com\/index.php\/wp-json\/wp\/v2\/comments?post=5332"}],"wp:featuredmedia":[{"embeddable":true,"href":"https:\/\/tiendasamor.com\/index.php\/wp-json\/wp\/v2\/media\/5333"}],"wp:attachment":[{"href":"https:\/\/tiendasamor.com\/index.php\/wp-json\/wp\/v2\/media?parent=5332"}],"wp:term":[{"taxonomy":"product_brand","embeddable":true,"href":"https:\/\/tiendasamor.com\/index.php\/wp-json\/wp\/v2\/product_brand?post=5332"},{"taxonomy":"product_cat","embeddable":true,"href":"https:\/\/tiendasamor.com\/index.php\/wp-json\/wp\/v2\/product_cat?post=5332"},{"taxonomy":"product_tag","embeddable":true,"href":"https:\/\/tiendasamor.com\/index.php\/wp-json\/wp\/v2\/product_tag?post=5332"}],"curies":[{"name":"wp","href":"https:\/\/api.w.org\/{rel}","templated":true}]}}