{"id":5327,"date":"2026-01-31T18:51:12","date_gmt":"2026-01-31T23:51:12","guid":{"rendered":"https:\/\/tiendasamor.com\/?post_type=product&#038;p=5327"},"modified":"2026-01-31T18:51:12","modified_gmt":"2026-01-31T23:51:12","slug":"fauna-noje-the-swedish-word-for-pleasure","status":"publish","type":"product","link":"https:\/\/tiendasamor.com\/index.php\/producto\/fauna-noje-the-swedish-word-for-pleasure\/","title":{"rendered":"Fauna Noje The Swedish Word For Pleasure"},"content":{"rendered":"<p>Disfrutar\u00e1s de toda la potencia de una varita de placer de tama\u00f1o completo, empaquetada en este peque\u00f1o paquete de 4.75\u2033. La Fauna recargable cuenta con 10 funciones de vibraci\u00f3n profunda y retumbante que consisten en 5 velocidades y 5 ritmos \u00fanicos. Est\u00e1 hecho de pl\u00e1stico ABS seguro, con un 100% Funda de silicona. Resistente al agua, adecuado para jugar en la ba\u00f1era y la ducha, y f\u00e1cil de limpiar. El cable de carga USB magn\u00e9tico se enciende y el indicador luminoso te indica cu\u00e1ndo el juguete est\u00e1 completamente cargado y listo para jugar. Fauna tambi\u00e9n viene con diferentes cabezales de fijaci\u00f3n. para explorar nuevas sensaciones Nje es la palabra sueca para placer y Nje Fauna hace honor a su nombre.<\/p>\n<p>10 modos de vibraci\u00f3n. Impulsado por un motor de tungsteno profundo Rumbly<br \/>\nIncluye 3 accesorios de silicona.<br \/>\nClasificaci\u00f3n IPX7 Sumergible a prueba de agua<br \/>\nRecargable a trav\u00e9s del cable USB magn\u00e9tico incluido<br \/>\nMide un Petite 4,75\u2033 (12,07 cm) de largo, 1,25\u2033 (3,18 cm) de ancho, 4\u2033 (10,16 cm) de circunferencia<\/p>\n","protected":false},"excerpt":{"rendered":"<p>Disfrutar\u00e1s de toda la potencia de una varita de placer de tama\u00f1o completo, empaquetada en este peque\u00f1o paquete de 4.75\u2033. La Fauna recargable cuenta con 10 funciones de vibraci\u00f3n profunda y retumbante que consisten en 5 velocidades y 5 ritmos \u00fanicos. Est\u00e1 hecho de pl\u00e1stico ABS seguro, con un 100% Funda de silicona. Resistente al [&hellip;]<\/p>\n","protected":false},"featured_media":5328,"comment_status":"open","ping_status":"closed","template":"","meta":[],"product_brand":[],"product_cat":[44,27],"product_tag":[],"class_list":{"0":"post-5327","1":"product","2":"type-product","3":"status-publish","4":"has-post-thumbnail","6":"product_cat-clitorales","7":"product_cat-vibradores","9":"first","10":"instock","11":"shipping-taxable","12":"purchasable","13":"product-type-simple"},"_links":{"self":[{"href":"https:\/\/tiendasamor.com\/index.php\/wp-json\/wp\/v2\/product\/5327","targetHints":{"allow":["GET"]}}],"collection":[{"href":"https:\/\/tiendasamor.com\/index.php\/wp-json\/wp\/v2\/product"}],"about":[{"href":"https:\/\/tiendasamor.com\/index.php\/wp-json\/wp\/v2\/types\/product"}],"replies":[{"embeddable":true,"href":"https:\/\/tiendasamor.com\/index.php\/wp-json\/wp\/v2\/comments?post=5327"}],"wp:featuredmedia":[{"embeddable":true,"href":"https:\/\/tiendasamor.com\/index.php\/wp-json\/wp\/v2\/media\/5328"}],"wp:attachment":[{"href":"https:\/\/tiendasamor.com\/index.php\/wp-json\/wp\/v2\/media?parent=5327"}],"wp:term":[{"taxonomy":"product_brand","embeddable":true,"href":"https:\/\/tiendasamor.com\/index.php\/wp-json\/wp\/v2\/product_brand?post=5327"},{"taxonomy":"product_cat","embeddable":true,"href":"https:\/\/tiendasamor.com\/index.php\/wp-json\/wp\/v2\/product_cat?post=5327"},{"taxonomy":"product_tag","embeddable":true,"href":"https:\/\/tiendasamor.com\/index.php\/wp-json\/wp\/v2\/product_tag?post=5327"}],"curies":[{"name":"wp","href":"https:\/\/api.w.org\/{rel}","templated":true}]}}