{"id":5315,"date":"2026-01-31T18:35:25","date_gmt":"2026-01-31T23:35:25","guid":{"rendered":"https:\/\/tiendasamor.com\/?post_type=product&#038;p=5315"},"modified":"2026-01-31T18:35:25","modified_gmt":"2026-01-31T23:35:25","slug":"pretty-love-fairy-boat","status":"publish","type":"product","link":"https:\/\/tiendasamor.com\/index.php\/producto\/pretty-love-fairy-boat\/","title":{"rendered":"Pretty Love Fairy Boat"},"content":{"rendered":"<p><span dir=\"auto\">Acaricia suavemente zonas er\u00f3genas sensibles, masajea m\u00fasculos tensos o acurruca entre amantes. Este lujoso vibrador de cl\u00edtoris est\u00e1 dise\u00f1ado para el placer. Este juguete suave y de forma impecable est\u00e1 dise\u00f1ado ergon\u00f3micamente para acomodarse c\u00f3modamente entre las piernas y, gracias a su estrecho recorrido, es ideal para enviar estimulaciones lujosas sobre la piel. A diferencia de otros juguetes de lujo, este vibrador de cl\u00edtoris es discreto, potente y hermoso, a\u00f1adiendo un toque extra a tu placer y creando una experiencia sensacional que lo envuelve todo. Simplemente ponte el vibrador con tus bragas y contin\u00faa con tus actividades diarias. Cuando te apetezca, enciende el vibrador con el control inal\u00e1mbrico. El silencioso motor vibrar\u00e1 suavemente mientras cuenta con velocidades y configuraciones de vibraci\u00f3n independientes, para que puedas personalizar cada experiencia seg\u00fan tus preferencias. Este incre\u00edble vibrador viene con una bolsa de sat\u00e9n para proteger tu juguete del desgaste, asegurando que el placer nunca termine.<\/span><\/p>\n<table border=\"0\" width=\"100%\" cellspacing=\"1\" cellpadding=\"3\" bgcolor=\"#dddddd\">\n<tbody>\n<tr>\n<td align=\"left\" width=\"30%\"><span dir=\"auto\">Funci\u00f3n<\/span><\/td>\n<td align=\"left\" width=\"70%\"><span dir=\"auto\">12 funciones de vibraci\u00f3n Control remoto inal\u00e1mbrico<\/span><\/td>\n<\/tr>\n<tr>\n<td align=\"left\" width=\"30%\"><span dir=\"auto\">Material<\/span><\/td>\n<td align=\"left\" width=\"70%\"><span dir=\"auto\">Silicona<\/span><\/td>\n<\/tr>\n<tr>\n<td align=\"left\" width=\"30%\"><span dir=\"auto\">Fuerza<\/span><\/td>\n<td align=\"left\" width=\"70%\"><span dir=\"auto\">Recargable por USB + 1 pila AAA<\/span><\/td>\n<\/tr>\n<\/tbody>\n<\/table>\n","protected":false},"excerpt":{"rendered":"<p>Acaricia suavemente zonas er\u00f3genas sensibles, masajea m\u00fasculos tensos o acurruca entre amantes. Este lujoso vibrador de cl\u00edtoris est\u00e1 dise\u00f1ado para el placer. Este juguete suave y de forma impecable est\u00e1 dise\u00f1ado ergon\u00f3micamente para acomodarse c\u00f3modamente entre las piernas y, gracias a su estrecho recorrido, es ideal para enviar estimulaciones lujosas sobre la piel. A diferencia [&hellip;]<\/p>\n","protected":false},"featured_media":5316,"comment_status":"open","ping_status":"closed","template":"","meta":[],"product_brand":[],"product_cat":[44],"product_tag":[],"class_list":{"0":"post-5315","1":"product","2":"type-product","3":"status-publish","4":"has-post-thumbnail","6":"product_cat-clitorales","8":"first","9":"instock","10":"shipping-taxable","11":"purchasable","12":"product-type-simple"},"_links":{"self":[{"href":"https:\/\/tiendasamor.com\/index.php\/wp-json\/wp\/v2\/product\/5315","targetHints":{"allow":["GET"]}}],"collection":[{"href":"https:\/\/tiendasamor.com\/index.php\/wp-json\/wp\/v2\/product"}],"about":[{"href":"https:\/\/tiendasamor.com\/index.php\/wp-json\/wp\/v2\/types\/product"}],"replies":[{"embeddable":true,"href":"https:\/\/tiendasamor.com\/index.php\/wp-json\/wp\/v2\/comments?post=5315"}],"wp:featuredmedia":[{"embeddable":true,"href":"https:\/\/tiendasamor.com\/index.php\/wp-json\/wp\/v2\/media\/5316"}],"wp:attachment":[{"href":"https:\/\/tiendasamor.com\/index.php\/wp-json\/wp\/v2\/media?parent=5315"}],"wp:term":[{"taxonomy":"product_brand","embeddable":true,"href":"https:\/\/tiendasamor.com\/index.php\/wp-json\/wp\/v2\/product_brand?post=5315"},{"taxonomy":"product_cat","embeddable":true,"href":"https:\/\/tiendasamor.com\/index.php\/wp-json\/wp\/v2\/product_cat?post=5315"},{"taxonomy":"product_tag","embeddable":true,"href":"https:\/\/tiendasamor.com\/index.php\/wp-json\/wp\/v2\/product_tag?post=5315"}],"curies":[{"name":"wp","href":"https:\/\/api.w.org\/{rel}","templated":true}]}}