{"id":5307,"date":"2026-01-31T18:26:22","date_gmt":"2026-01-31T23:26:22","guid":{"rendered":"https:\/\/tiendasamor.com\/?post_type=product&#038;p=5307"},"modified":"2026-01-31T18:26:22","modified_gmt":"2026-01-31T23:26:22","slug":"pretty-love-adrian","status":"publish","type":"product","link":"https:\/\/tiendasamor.com\/index.php\/producto\/pretty-love-adrian\/","title":{"rendered":"Pretty Love Adrian"},"content":{"rendered":"<p><span dir=\"auto\">Disfruta de una satisfacci\u00f3n incre\u00edble con este vibrador conejito giratorio, masajeador y estimulante para el cl\u00edtoris. Un vibrador conejito de hermoso dise\u00f1o y totalmente impermeable que incluye bolas de empuje sincronizadas para una gran estimulaci\u00f3n interna y un vibrador de cl\u00edtoris que vibra para un placer org\u00e1smico total. Este vibrador conejito, el m\u00e1s vendido, incluye controles de empuje f\u00e1ciles de usar que te permiten concentrarte en lo que importa.<\/span><\/p>\n<table border=\"0\" width=\"100%\" cellspacing=\"1\" cellpadding=\"3\" bgcolor=\"#dddddd\">\n<tbody>\n<tr>\n<td align=\"left\" width=\"30%\"><span dir=\"auto\">Funci\u00f3n<\/span><\/td>\n<td align=\"left\" width=\"70%\"><span dir=\"auto\">12 funciones de vibraci\u00f3n 4 funciones de rodadura Empuje<\/span><\/td>\n<\/tr>\n<tr>\n<td align=\"left\" width=\"30%\"><span dir=\"auto\">Material<\/span><\/td>\n<td align=\"left\" width=\"70%\"><span dir=\"auto\">Silicona<\/span><\/td>\n<\/tr>\n<tr>\n<td align=\"left\" width=\"30%\"><span dir=\"auto\">Fuerza<\/span><\/td>\n<td align=\"left\" width=\"70%\"><span dir=\"auto\">Recargable por USB<\/span><\/td>\n<\/tr>\n<\/tbody>\n<\/table>\n","protected":false},"excerpt":{"rendered":"<p>Disfruta de una satisfacci\u00f3n incre\u00edble con este vibrador conejito giratorio, masajeador y estimulante para el cl\u00edtoris. Un vibrador conejito de hermoso dise\u00f1o y totalmente impermeable que incluye bolas de empuje sincronizadas para una gran estimulaci\u00f3n interna y un vibrador de cl\u00edtoris que vibra para un placer org\u00e1smico total. Este vibrador conejito, el m\u00e1s vendido, incluye [&hellip;]<\/p>\n","protected":false},"featured_media":5308,"comment_status":"open","ping_status":"closed","template":"","meta":[],"product_brand":[],"product_cat":[44,43,27],"product_tag":[],"class_list":{"0":"post-5307","1":"product","2":"type-product","3":"status-publish","4":"has-post-thumbnail","6":"product_cat-clitorales","7":"product_cat-rabbit","8":"product_cat-vibradores","10":"first","11":"instock","12":"shipping-taxable","13":"purchasable","14":"product-type-simple"},"_links":{"self":[{"href":"https:\/\/tiendasamor.com\/index.php\/wp-json\/wp\/v2\/product\/5307","targetHints":{"allow":["GET"]}}],"collection":[{"href":"https:\/\/tiendasamor.com\/index.php\/wp-json\/wp\/v2\/product"}],"about":[{"href":"https:\/\/tiendasamor.com\/index.php\/wp-json\/wp\/v2\/types\/product"}],"replies":[{"embeddable":true,"href":"https:\/\/tiendasamor.com\/index.php\/wp-json\/wp\/v2\/comments?post=5307"}],"wp:featuredmedia":[{"embeddable":true,"href":"https:\/\/tiendasamor.com\/index.php\/wp-json\/wp\/v2\/media\/5308"}],"wp:attachment":[{"href":"https:\/\/tiendasamor.com\/index.php\/wp-json\/wp\/v2\/media?parent=5307"}],"wp:term":[{"taxonomy":"product_brand","embeddable":true,"href":"https:\/\/tiendasamor.com\/index.php\/wp-json\/wp\/v2\/product_brand?post=5307"},{"taxonomy":"product_cat","embeddable":true,"href":"https:\/\/tiendasamor.com\/index.php\/wp-json\/wp\/v2\/product_cat?post=5307"},{"taxonomy":"product_tag","embeddable":true,"href":"https:\/\/tiendasamor.com\/index.php\/wp-json\/wp\/v2\/product_tag?post=5307"}],"curies":[{"name":"wp","href":"https:\/\/api.w.org\/{rel}","templated":true}]}}