{"id":5262,"date":"2026-01-31T17:35:30","date_gmt":"2026-01-31T22:35:30","guid":{"rendered":"https:\/\/tiendasamor.com\/?post_type=product&#038;p=5262"},"modified":"2026-01-31T17:37:03","modified_gmt":"2026-01-31T22:37:03","slug":"super-emperor","status":"publish","type":"product","link":"https:\/\/tiendasamor.com\/index.php\/producto\/super-emperor\/","title":{"rendered":"Super Emperor"},"content":{"rendered":"<p><span dir=\"auto\">Este enorme dildo realista de 35 cm es uno de los juguetes sexuales favoritos. Cuenta con una cabeza bulbosa, un cuerpo veteado y de textura prominente, y test\u00edculos firmes que garantizan una sensaci\u00f3n realista. El material TPR suave y grueso le confiere una textura de alta calidad. Una vez cubierto con lubricante a base de agua, el dildo tendr\u00e1 un tacto aterciopelado y masajear\u00e1 tus zonas \u00edntimas. Es uno de los dildos TPR m\u00e1s asequibles y de mayor calidad del mercado.<\/span><\/p>\n<table border=\"0\" width=\"100%\" cellspacing=\"1\" cellpadding=\"3\" bgcolor=\"#dddddd\">\n<tbody>\n<tr>\n<td align=\"left\" width=\"30%\"><span dir=\"auto\">Funci\u00f3n<\/span><\/td>\n<td align=\"left\" width=\"70%\"><span dir=\"auto\">Flexible<\/span><\/td>\n<\/tr>\n<tr>\n<td align=\"left\" width=\"30%\"><span dir=\"auto\">Material<\/span><\/td>\n<td align=\"left\" width=\"70%\"><span dir=\"auto\">TPR<\/span><\/td>\n<\/tr>\n<tr>\n<td align=\"left\" width=\"30%\"><span dir=\"auto\">Medidas <\/span><\/td>\n<td align=\"left\" width=\"70%\"><span dir=\"auto\">34 cn Largo Por 6.4 nc de grueso<\/span><\/td>\n<\/tr>\n<\/tbody>\n<\/table>\n","protected":false},"excerpt":{"rendered":"<p>Este enorme dildo realista de 35 cm es uno de los juguetes sexuales favoritos. Cuenta con una cabeza bulbosa, un cuerpo veteado y de textura prominente, y test\u00edculos firmes que garantizan una sensaci\u00f3n realista. El material TPR suave y grueso le confiere una textura de alta calidad. Una vez cubierto con lubricante a base de [&hellip;]<\/p>\n","protected":false},"featured_media":5263,"comment_status":"open","ping_status":"closed","template":"","meta":[],"product_brand":[],"product_cat":[29],"product_tag":[],"class_list":{"0":"post-5262","1":"product","2":"type-product","3":"status-publish","4":"has-post-thumbnail","6":"product_cat-consoladores-y-dildos","8":"first","9":"instock","10":"shipping-taxable","11":"purchasable","12":"product-type-simple"},"_links":{"self":[{"href":"https:\/\/tiendasamor.com\/index.php\/wp-json\/wp\/v2\/product\/5262","targetHints":{"allow":["GET"]}}],"collection":[{"href":"https:\/\/tiendasamor.com\/index.php\/wp-json\/wp\/v2\/product"}],"about":[{"href":"https:\/\/tiendasamor.com\/index.php\/wp-json\/wp\/v2\/types\/product"}],"replies":[{"embeddable":true,"href":"https:\/\/tiendasamor.com\/index.php\/wp-json\/wp\/v2\/comments?post=5262"}],"wp:featuredmedia":[{"embeddable":true,"href":"https:\/\/tiendasamor.com\/index.php\/wp-json\/wp\/v2\/media\/5263"}],"wp:attachment":[{"href":"https:\/\/tiendasamor.com\/index.php\/wp-json\/wp\/v2\/media?parent=5262"}],"wp:term":[{"taxonomy":"product_brand","embeddable":true,"href":"https:\/\/tiendasamor.com\/index.php\/wp-json\/wp\/v2\/product_brand?post=5262"},{"taxonomy":"product_cat","embeddable":true,"href":"https:\/\/tiendasamor.com\/index.php\/wp-json\/wp\/v2\/product_cat?post=5262"},{"taxonomy":"product_tag","embeddable":true,"href":"https:\/\/tiendasamor.com\/index.php\/wp-json\/wp\/v2\/product_tag?post=5262"}],"curies":[{"name":"wp","href":"https:\/\/api.w.org\/{rel}","templated":true}]}}