{"id":5241,"date":"2026-01-31T17:17:10","date_gmt":"2026-01-31T22:17:10","guid":{"rendered":"https:\/\/tiendasamor.com\/?post_type=product&#038;p=5241"},"modified":"2026-01-31T17:17:10","modified_gmt":"2026-01-31T22:17:10","slug":"pretty-love-kammy-4-en-1-multi-function","status":"publish","type":"product","link":"https:\/\/tiendasamor.com\/index.php\/producto\/pretty-love-kammy-4-en-1-multi-function\/","title":{"rendered":"Pretty Love Kammy 4 en 1 Multi function"},"content":{"rendered":"<p><span dir=\"auto\">Triple estimulaci\u00f3n con vibraciones extrapotentes! El Vibrador Triple de Pretty Love es un vibrador conejito elegantemente curvado con estimulador anal que proporciona estimulaci\u00f3n vaginal, clitoriana y anal simult\u00e1nea. Su cabezal cuenta con 7 funciones de vibraci\u00f3n y su eje con 4 bolas giratorias masajea la vagina y, especialmente, el punto G. El sofisticado estimulador del cl\u00edtoris se centra perfectamente en los puntos m\u00e1s sensibles con sus 7 funciones de vibraci\u00f3n, mientras que las bolas flexibles estimulan la zona anal. \u00a1Y al presionar el bot\u00f3n Brust Clamix, obtendr\u00e1s una estimulaci\u00f3n completa en su m\u00e1xima expresi\u00f3n! Su construcci\u00f3n de silicona con una textura sedosa y suave al tacto facilita su inserci\u00f3n y se desliza pr\u00e1cticamente por s\u00ed solo. Se adapta perfectamente a la anatom\u00eda y los movimientos del cuerpo.<\/span><\/p>\n<table border=\"0\" width=\"100%\" cellspacing=\"1\" cellpadding=\"3\" bgcolor=\"#dddddd\">\n<tbody>\n<tr>\n<td align=\"left\" width=\"30%\"><span dir=\"auto\">Funci\u00f3n<\/span><\/td>\n<td align=\"left\" width=\"70%\"><span dir=\"auto\">7 funciones de vibraci\u00f3n, 7 funciones de golpeteo y 4 funciones de balanceo.<\/span><\/td>\n<\/tr>\n<tr>\n<td align=\"left\" width=\"30%\"><span dir=\"auto\">Material<\/span><\/td>\n<td align=\"left\" width=\"70%\"><span dir=\"auto\">Silicona<\/span><\/td>\n<\/tr>\n<tr>\n<td align=\"left\" width=\"30%\"><span dir=\"auto\">Fuerza<\/span><\/td>\n<td align=\"left\" width=\"70%\"><span dir=\"auto\">Carga USB magn\u00e9tica<\/span><\/td>\n<\/tr>\n<\/tbody>\n<\/table>\n","protected":false},"excerpt":{"rendered":"<p>Triple estimulaci\u00f3n con vibraciones extrapotentes! El Vibrador Triple de Pretty Love es un vibrador conejito elegantemente curvado con estimulador anal que proporciona estimulaci\u00f3n vaginal, clitoriana y anal simult\u00e1nea. Su cabezal cuenta con 7 funciones de vibraci\u00f3n y su eje con 4 bolas giratorias masajea la vagina y, especialmente, el punto G. El sofisticado estimulador del [&hellip;]<\/p>\n","protected":false},"featured_media":5243,"comment_status":"open","ping_status":"closed","template":"","meta":[],"product_brand":[],"product_cat":[43,27],"product_tag":[],"class_list":{"0":"post-5241","1":"product","2":"type-product","3":"status-publish","4":"has-post-thumbnail","6":"product_cat-rabbit","7":"product_cat-vibradores","9":"first","10":"instock","11":"shipping-taxable","12":"purchasable","13":"product-type-simple"},"_links":{"self":[{"href":"https:\/\/tiendasamor.com\/index.php\/wp-json\/wp\/v2\/product\/5241","targetHints":{"allow":["GET"]}}],"collection":[{"href":"https:\/\/tiendasamor.com\/index.php\/wp-json\/wp\/v2\/product"}],"about":[{"href":"https:\/\/tiendasamor.com\/index.php\/wp-json\/wp\/v2\/types\/product"}],"replies":[{"embeddable":true,"href":"https:\/\/tiendasamor.com\/index.php\/wp-json\/wp\/v2\/comments?post=5241"}],"wp:featuredmedia":[{"embeddable":true,"href":"https:\/\/tiendasamor.com\/index.php\/wp-json\/wp\/v2\/media\/5243"}],"wp:attachment":[{"href":"https:\/\/tiendasamor.com\/index.php\/wp-json\/wp\/v2\/media?parent=5241"}],"wp:term":[{"taxonomy":"product_brand","embeddable":true,"href":"https:\/\/tiendasamor.com\/index.php\/wp-json\/wp\/v2\/product_brand?post=5241"},{"taxonomy":"product_cat","embeddable":true,"href":"https:\/\/tiendasamor.com\/index.php\/wp-json\/wp\/v2\/product_cat?post=5241"},{"taxonomy":"product_tag","embeddable":true,"href":"https:\/\/tiendasamor.com\/index.php\/wp-json\/wp\/v2\/product_tag?post=5241"}],"curies":[{"name":"wp","href":"https:\/\/api.w.org\/{rel}","templated":true}]}}