{"id":5231,"date":"2026-01-31T17:07:55","date_gmt":"2026-01-31T22:07:55","guid":{"rendered":"https:\/\/tiendasamor.com\/?post_type=product&#038;p=5231"},"modified":"2026-01-31T17:08:29","modified_gmt":"2026-01-31T22:08:29","slug":"pretty-love-kampas-3-en-1-multi-function","status":"publish","type":"product","link":"https:\/\/tiendasamor.com\/index.php\/producto\/pretty-love-kampas-3-en-1-multi-function\/","title":{"rendered":"Pretty Love Kampas 3 en 1 Multi function"},"content":{"rendered":"<p><span dir=\"auto\">Este vibrador conejito recargable cuenta con dos motores que puedes controlar para ofrecerte combinaciones de placer total que te dejar\u00e1n sin aliento. El potente conejito que adorna el brazo del cl\u00edtoris te har\u00e1 cosquillas y estimular\u00e1 tu punto sensible como ning\u00fan otro. La lengua m\u00f3vil en el centro del eje del vibrador te proporciona una sensaci\u00f3n extra durante el juego e incluso cuenta con un bot\u00f3n especial para el cl\u00edmax que activa todos los motores al m\u00e1ximo para una experiencia realmente excitante. \u00a1Recarga la potencia de tu vibrador con el cable de carga magn\u00e9tico, que se coloca solo para una experiencia de uso intuitivo!<\/span><\/p>\n<table border=\"0\" width=\"100%\" cellspacing=\"1\" cellpadding=\"3\" bgcolor=\"#dddddd\">\n<tbody>\n<tr>\n<td align=\"left\" width=\"30%\"><span dir=\"auto\">Funci\u00f3n<\/span><\/td>\n<td align=\"left\" width=\"70%\"><span dir=\"auto\">7 funciones de vibraci\u00f3n 4 configuraciones de lamido<\/span><\/td>\n<\/tr>\n<tr>\n<td align=\"left\" width=\"30%\"><span dir=\"auto\">Material<\/span><\/td>\n<td align=\"left\" width=\"70%\"><span dir=\"auto\">Silicona<\/span><\/td>\n<\/tr>\n<tr>\n<td align=\"left\" width=\"30%\"><span dir=\"auto\">Fuerza<\/span><\/td>\n<td align=\"left\" width=\"70%\"><span dir=\"auto\">Carga USB magn\u00e9tica<\/span><\/td>\n<\/tr>\n<\/tbody>\n<\/table>\n","protected":false},"excerpt":{"rendered":"<p>Este vibrador conejito recargable cuenta con dos motores que puedes controlar para ofrecerte combinaciones de placer total que te dejar\u00e1n sin aliento. El potente conejito que adorna el brazo del cl\u00edtoris te har\u00e1 cosquillas y estimular\u00e1 tu punto sensible como ning\u00fan otro. La lengua m\u00f3vil en el centro del eje del vibrador te proporciona una [&hellip;]<\/p>\n","protected":false},"featured_media":5240,"comment_status":"open","ping_status":"closed","template":"","meta":[],"product_brand":[],"product_cat":[44,43,27],"product_tag":[],"class_list":{"0":"post-5231","1":"product","2":"type-product","3":"status-publish","4":"has-post-thumbnail","6":"product_cat-clitorales","7":"product_cat-rabbit","8":"product_cat-vibradores","10":"first","11":"instock","12":"shipping-taxable","13":"purchasable","14":"product-type-simple"},"_links":{"self":[{"href":"https:\/\/tiendasamor.com\/index.php\/wp-json\/wp\/v2\/product\/5231","targetHints":{"allow":["GET"]}}],"collection":[{"href":"https:\/\/tiendasamor.com\/index.php\/wp-json\/wp\/v2\/product"}],"about":[{"href":"https:\/\/tiendasamor.com\/index.php\/wp-json\/wp\/v2\/types\/product"}],"replies":[{"embeddable":true,"href":"https:\/\/tiendasamor.com\/index.php\/wp-json\/wp\/v2\/comments?post=5231"}],"wp:featuredmedia":[{"embeddable":true,"href":"https:\/\/tiendasamor.com\/index.php\/wp-json\/wp\/v2\/media\/5240"}],"wp:attachment":[{"href":"https:\/\/tiendasamor.com\/index.php\/wp-json\/wp\/v2\/media?parent=5231"}],"wp:term":[{"taxonomy":"product_brand","embeddable":true,"href":"https:\/\/tiendasamor.com\/index.php\/wp-json\/wp\/v2\/product_brand?post=5231"},{"taxonomy":"product_cat","embeddable":true,"href":"https:\/\/tiendasamor.com\/index.php\/wp-json\/wp\/v2\/product_cat?post=5231"},{"taxonomy":"product_tag","embeddable":true,"href":"https:\/\/tiendasamor.com\/index.php\/wp-json\/wp\/v2\/product_tag?post=5231"}],"curies":[{"name":"wp","href":"https:\/\/api.w.org\/{rel}","templated":true}]}}