{"id":5219,"date":"2026-01-31T16:53:49","date_gmt":"2026-01-31T21:53:49","guid":{"rendered":"https:\/\/tiendasamor.com\/?post_type=product&#038;p=5219"},"modified":"2026-01-31T16:53:49","modified_gmt":"2026-01-31T21:53:49","slug":"twinkled-tenderness","status":"publish","type":"product","link":"https:\/\/tiendasamor.com\/index.php\/producto\/twinkled-tenderness\/","title":{"rendered":"TWINKLED TENDERNESS"},"content":{"rendered":"<p>Dise\u00f1ado para el m\u00e1ximo placer, qu\u00e9date en la cama con el Vibrador Conejo Pretty Love. \u00a1El vibrador tiene 7 configuraciones de vibraci\u00f3n, 7 configuraciones de golpeteo y 4 configuraciones de asentimiento! \u00a1Todas estas funciones pueden trabajar juntas para deleitar dos puntos calientes a la vez! Es m\u00e1s, con una sola fila de perlas r\u00edgidas que viajan hacia arriba y hacia abajo en un emocionante masaje \u00edntimo, disfrute de las tres configuraciones de velocidad mientras frota constantemente su sensible punto dulce. Para mayor placer, presione el bot\u00f3n Burst Climax para explorar sus incre\u00edbles y trascendentales orgasmos.<\/p>\n<ul>\n<li>Material: Silicona Medica<\/li>\n<li>4 funciones de cosquillas<\/li>\n<li>4 funciones de balanceo<\/li>\n<li>7 funciones de golpeteo<\/li>\n<li>7 funciones de vibraci\u00f3n<\/li>\n<li>Libre de ftalatos y l\u00e1tex<\/li>\n<li>Impermeable<\/li>\n<li>Recargable: Cable USB Incluido<\/li>\n<li>Largo total: 22.6 cm \u2013 Ancho: 3.5 cm<\/li>\n<\/ul>\n","protected":false},"excerpt":{"rendered":"<p>Dise\u00f1ado para el m\u00e1ximo placer, qu\u00e9date en la cama con el Vibrador Conejo Pretty Love. \u00a1El vibrador tiene 7 configuraciones de vibraci\u00f3n, 7 configuraciones de golpeteo y 4 configuraciones de asentimiento! \u00a1Todas estas funciones pueden trabajar juntas para deleitar dos puntos calientes a la vez! Es m\u00e1s, con una sola fila de perlas r\u00edgidas que [&hellip;]<\/p>\n","protected":false},"featured_media":5220,"comment_status":"open","ping_status":"closed","template":"","meta":[],"product_brand":[],"product_cat":[44,43,27],"product_tag":[],"class_list":{"0":"post-5219","1":"product","2":"type-product","3":"status-publish","4":"has-post-thumbnail","6":"product_cat-clitorales","7":"product_cat-rabbit","8":"product_cat-vibradores","10":"first","11":"instock","12":"shipping-taxable","13":"purchasable","14":"product-type-simple"},"_links":{"self":[{"href":"https:\/\/tiendasamor.com\/index.php\/wp-json\/wp\/v2\/product\/5219","targetHints":{"allow":["GET"]}}],"collection":[{"href":"https:\/\/tiendasamor.com\/index.php\/wp-json\/wp\/v2\/product"}],"about":[{"href":"https:\/\/tiendasamor.com\/index.php\/wp-json\/wp\/v2\/types\/product"}],"replies":[{"embeddable":true,"href":"https:\/\/tiendasamor.com\/index.php\/wp-json\/wp\/v2\/comments?post=5219"}],"wp:featuredmedia":[{"embeddable":true,"href":"https:\/\/tiendasamor.com\/index.php\/wp-json\/wp\/v2\/media\/5220"}],"wp:attachment":[{"href":"https:\/\/tiendasamor.com\/index.php\/wp-json\/wp\/v2\/media?parent=5219"}],"wp:term":[{"taxonomy":"product_brand","embeddable":true,"href":"https:\/\/tiendasamor.com\/index.php\/wp-json\/wp\/v2\/product_brand?post=5219"},{"taxonomy":"product_cat","embeddable":true,"href":"https:\/\/tiendasamor.com\/index.php\/wp-json\/wp\/v2\/product_cat?post=5219"},{"taxonomy":"product_tag","embeddable":true,"href":"https:\/\/tiendasamor.com\/index.php\/wp-json\/wp\/v2\/product_tag?post=5219"}],"curies":[{"name":"wp","href":"https:\/\/api.w.org\/{rel}","templated":true}]}}