{"id":5214,"date":"2026-01-31T16:35:54","date_gmt":"2026-01-31T21:35:54","guid":{"rendered":"https:\/\/tiendasamor.com\/?post_type=product&#038;p=5214"},"modified":"2026-01-31T16:42:05","modified_gmt":"2026-01-31T21:42:05","slug":"cottontail","status":"publish","type":"product","link":"https:\/\/tiendasamor.com\/index.php\/producto\/cottontail\/","title":{"rendered":"Cottontail"},"content":{"rendered":"<p>Seductoramente poderoso, el Hop Cottontail tiene un eje giratorio y 2 puntos de vibraci\u00f3n.\u00a0Las 3 velocidades de giro controladas independientemente y las 7 funciones de vibraci\u00f3n proporcionan una amplia gama de sensaciones.\u00a0El eje giratorio vibra en la punta para mejorar la estimulaci\u00f3n del punto G cuando se combina con el brazo vibratorio del cl\u00edtoris.\u00a0UltraSilk\u2122 suave y fabricado con silicona curada con platino Puria\u2122, Cottontail es suave como la seda y ofrece vibraciones maravillosas.\u00a0Hop Cottontail es seguro para el cuerpo, libre de ftalatos, resistente al agua IPX7 y f\u00e1cil de limpiar.\u00a0USB magn\u00e9tico recargable y no requiere pilas.<\/p>\n<p>Es importante acompa\u00f1ar este juguete con un lubricante a base de agua. Revisa nuestros modelos en la categor\u00eda de\u00a0<strong>cosm\u00e9tica er\u00f3tica.<\/strong><\/p>\n<p>ADVERTENCIA: No utilice aceite mineral o productos a base de aceite, ya que pueden deteriorar el juguete. Utilice \u00fanicamente lubricante a base de agua. Despu\u00e9s del uso, limpie inmediatamente con agua tibia y jab\u00f3n neutro; luego toque suavemente con talco para beb\u00e9s en la superficie y gu\u00e1rdelo en un lugar seco.<\/p>\n<ul>\n<li>Material: Silicona satinada suave y segura para el cuerpo<\/li>\n<li>Recargable mediante cable USB (Incluido)<\/li>\n<li>7 Funciones de vibraci\u00f3n<\/li>\n<li>2 Puntos de vibraci\u00f3n<\/li>\n<li>3 Velocidades de giro lento<\/li>\n<li>Impermeable, sumergible IPX7<\/li>\n<li>Largo total: 20.9 cm \u2013 Insertable: 10.8 cm \u2013 Ancho: 4.4 cm.<\/li>\n<\/ul>\n","protected":false},"excerpt":{"rendered":"<p>Seductoramente poderoso, el Hop Cottontail tiene un eje giratorio y 2 puntos de vibraci\u00f3n.\u00a0Las 3 velocidades de giro controladas independientemente y las 7 funciones de vibraci\u00f3n proporcionan una amplia gama de sensaciones.\u00a0El eje giratorio vibra en la punta para mejorar la estimulaci\u00f3n del punto G cuando se combina con el brazo vibratorio del cl\u00edtoris.\u00a0UltraSilk\u2122 suave [&hellip;]<\/p>\n","protected":false},"featured_media":5216,"comment_status":"open","ping_status":"closed","template":"","meta":[],"product_brand":[],"product_cat":[44,43,27],"product_tag":[],"class_list":{"0":"post-5214","1":"product","2":"type-product","3":"status-publish","4":"has-post-thumbnail","6":"product_cat-clitorales","7":"product_cat-rabbit","8":"product_cat-vibradores","10":"first","11":"instock","12":"shipping-taxable","13":"purchasable","14":"product-type-simple"},"_links":{"self":[{"href":"https:\/\/tiendasamor.com\/index.php\/wp-json\/wp\/v2\/product\/5214","targetHints":{"allow":["GET"]}}],"collection":[{"href":"https:\/\/tiendasamor.com\/index.php\/wp-json\/wp\/v2\/product"}],"about":[{"href":"https:\/\/tiendasamor.com\/index.php\/wp-json\/wp\/v2\/types\/product"}],"replies":[{"embeddable":true,"href":"https:\/\/tiendasamor.com\/index.php\/wp-json\/wp\/v2\/comments?post=5214"}],"wp:featuredmedia":[{"embeddable":true,"href":"https:\/\/tiendasamor.com\/index.php\/wp-json\/wp\/v2\/media\/5216"}],"wp:attachment":[{"href":"https:\/\/tiendasamor.com\/index.php\/wp-json\/wp\/v2\/media?parent=5214"}],"wp:term":[{"taxonomy":"product_brand","embeddable":true,"href":"https:\/\/tiendasamor.com\/index.php\/wp-json\/wp\/v2\/product_brand?post=5214"},{"taxonomy":"product_cat","embeddable":true,"href":"https:\/\/tiendasamor.com\/index.php\/wp-json\/wp\/v2\/product_cat?post=5214"},{"taxonomy":"product_tag","embeddable":true,"href":"https:\/\/tiendasamor.com\/index.php\/wp-json\/wp\/v2\/product_tag?post=5214"}],"curies":[{"name":"wp","href":"https:\/\/api.w.org\/{rel}","templated":true}]}}