{"id":5196,"date":"2026-01-03T19:52:39","date_gmt":"2026-01-04T00:52:39","guid":{"rendered":"https:\/\/tiendasamor.com\/?post_type=product&#038;p=5196"},"modified":"2026-01-03T19:52:39","modified_gmt":"2026-01-04T00:52:39","slug":"mastubador-crazy-bull-scarlet","status":"publish","type":"product","link":"https:\/\/tiendasamor.com\/index.php\/producto\/mastubador-crazy-bull-scarlet\/","title":{"rendered":"Mastubador Crazy Bull Scarlet"},"content":{"rendered":"<p><span dir=\"auto\">Un co\u00f1o incre\u00edblemente realista con detalles y sensaciones realistas. Desl\u00edzate entre sus labios vaginales pintados a mano y siente c\u00f3mo el t\u00fanel del amor, con sus gruesas nervaduras, se aferra a tu pene con cada caricia. Este dulce co\u00f1o puede con todo lo que le des. Puedes colocarlo sobre una mesa para una penetraci\u00f3n intensa o sujetarlo encima y dejar que te cabalgue. Aprieta el agarre para que el co\u00f1o quede a\u00fan m\u00e1s apretado. Suda el masturbador en la cama y luego refr\u00e9scalo con una ducha larga y sensual.<\/span><\/p>\n<table border=\"0\" width=\"100%\" cellspacing=\"1\" cellpadding=\"3\" bgcolor=\"#dddddd\">\n<tbody>\n<tr>\n<td align=\"left\" width=\"30%\"><span dir=\"auto\">Funci\u00f3n<\/span><\/td>\n<td align=\"left\" width=\"70%\"><span dir=\"auto\">Agujeros dobles<\/span><\/td>\n<\/tr>\n<tr>\n<td align=\"left\" width=\"30%\"><span dir=\"auto\">Material<\/span><\/td>\n<td align=\"left\" width=\"70%\"><span dir=\"auto\">TPR<\/span><\/td>\n<\/tr>\n<tr>\n<td align=\"left\" width=\"30%\"><span dir=\"auto\">Impermeable<\/span><\/td>\n<td align=\"left\" width=\"70%\"><span dir=\"auto\">Impermeable<\/span><\/td>\n<\/tr>\n<\/tbody>\n<\/table>\n","protected":false},"excerpt":{"rendered":"<p>Un co\u00f1o incre\u00edblemente realista con detalles y sensaciones realistas. Desl\u00edzate entre sus labios vaginales pintados a mano y siente c\u00f3mo el t\u00fanel del amor, con sus gruesas nervaduras, se aferra a tu pene con cada caricia. Este dulce co\u00f1o puede con todo lo que le des. Puedes colocarlo sobre una mesa para una penetraci\u00f3n intensa [&hellip;]<\/p>\n","protected":false},"featured_media":5197,"comment_status":"open","ping_status":"closed","template":"","meta":[],"product_brand":[],"product_cat":[30],"product_tag":[],"class_list":{"0":"post-5196","1":"product","2":"type-product","3":"status-publish","4":"has-post-thumbnail","6":"product_cat-masturbadores","8":"first","9":"instock","10":"shipping-taxable","11":"purchasable","12":"product-type-simple"},"_links":{"self":[{"href":"https:\/\/tiendasamor.com\/index.php\/wp-json\/wp\/v2\/product\/5196","targetHints":{"allow":["GET"]}}],"collection":[{"href":"https:\/\/tiendasamor.com\/index.php\/wp-json\/wp\/v2\/product"}],"about":[{"href":"https:\/\/tiendasamor.com\/index.php\/wp-json\/wp\/v2\/types\/product"}],"replies":[{"embeddable":true,"href":"https:\/\/tiendasamor.com\/index.php\/wp-json\/wp\/v2\/comments?post=5196"}],"wp:featuredmedia":[{"embeddable":true,"href":"https:\/\/tiendasamor.com\/index.php\/wp-json\/wp\/v2\/media\/5197"}],"wp:attachment":[{"href":"https:\/\/tiendasamor.com\/index.php\/wp-json\/wp\/v2\/media?parent=5196"}],"wp:term":[{"taxonomy":"product_brand","embeddable":true,"href":"https:\/\/tiendasamor.com\/index.php\/wp-json\/wp\/v2\/product_brand?post=5196"},{"taxonomy":"product_cat","embeddable":true,"href":"https:\/\/tiendasamor.com\/index.php\/wp-json\/wp\/v2\/product_cat?post=5196"},{"taxonomy":"product_tag","embeddable":true,"href":"https:\/\/tiendasamor.com\/index.php\/wp-json\/wp\/v2\/product_tag?post=5196"}],"curies":[{"name":"wp","href":"https:\/\/api.w.org\/{rel}","templated":true}]}}