{"id":5188,"date":"2026-01-03T19:39:50","date_gmt":"2026-01-04T00:39:50","guid":{"rendered":"https:\/\/tiendasamor.com\/?post_type=product&#038;p=5188"},"modified":"2026-01-03T19:39:50","modified_gmt":"2026-01-04T00:39:50","slug":"pretty-love-freda","status":"publish","type":"product","link":"https:\/\/tiendasamor.com\/index.php\/producto\/pretty-love-freda\/","title":{"rendered":"Pretty Love Freda"},"content":{"rendered":"<p><span dir=\"auto\">Este vibrador de conejito de silicona suave con 30 funciones est\u00e1 incre\u00edblemente equipado para brindarte un placer intenso noche tras noche. La forma de este elegante y estilizado juguete rosa es suave y curvada, con un cabezal grueso para alcanzar tu punto G interior y un estimulador de cl\u00edtoris conejito m\u00e1s peque\u00f1o y curvado para asegurar orgasmos intensos. El vibrador cuenta con 30 configuraciones de vibraci\u00f3n diferentes para brindarte horas de juego sin fin. Este juguete est\u00e1 hecho con silicona aterciopelada de alta calidad que proporciona una sensaci\u00f3n sedosa y sensual que te dejar\u00e1 completamente satisfecha toda la noche.<\/span><\/p>\n<table border=\"0\" width=\"100%\" cellspacing=\"1\" cellpadding=\"3\" bgcolor=\"#dddddd\">\n<tbody>\n<tr>\n<td align=\"left\" width=\"30%\"><span dir=\"auto\">Funci\u00f3n<\/span><\/td>\n<td align=\"left\" width=\"70%\"><span dir=\"auto\">30 funciones de vibraci\u00f3n<\/span><\/td>\n<\/tr>\n<tr>\n<td align=\"left\" width=\"30%\"><span dir=\"auto\">Material<\/span><\/td>\n<td align=\"left\" width=\"70%\"><span dir=\"auto\">Silicona<\/span><\/td>\n<\/tr>\n<tr>\n<td align=\"left\" width=\"30%\"><span dir=\"auto\">Fuerza<\/span><\/td>\n<td align=\"left\" width=\"70%\"><span dir=\"auto\">2 pilas AAA<\/span><\/td>\n<\/tr>\n<\/tbody>\n<\/table>\n","protected":false},"excerpt":{"rendered":"<p>Este vibrador de conejito de silicona suave con 30 funciones est\u00e1 incre\u00edblemente equipado para brindarte un placer intenso noche tras noche. La forma de este elegante y estilizado juguete rosa es suave y curvada, con un cabezal grueso para alcanzar tu punto G interior y un estimulador de cl\u00edtoris conejito m\u00e1s peque\u00f1o y curvado para [&hellip;]<\/p>\n","protected":false},"featured_media":5189,"comment_status":"open","ping_status":"closed","template":"","meta":[],"product_brand":[],"product_cat":[44,43,27],"product_tag":[],"class_list":{"0":"post-5188","1":"product","2":"type-product","3":"status-publish","4":"has-post-thumbnail","6":"product_cat-clitorales","7":"product_cat-rabbit","8":"product_cat-vibradores","10":"first","11":"instock","12":"shipping-taxable","13":"purchasable","14":"product-type-simple"},"_links":{"self":[{"href":"https:\/\/tiendasamor.com\/index.php\/wp-json\/wp\/v2\/product\/5188","targetHints":{"allow":["GET"]}}],"collection":[{"href":"https:\/\/tiendasamor.com\/index.php\/wp-json\/wp\/v2\/product"}],"about":[{"href":"https:\/\/tiendasamor.com\/index.php\/wp-json\/wp\/v2\/types\/product"}],"replies":[{"embeddable":true,"href":"https:\/\/tiendasamor.com\/index.php\/wp-json\/wp\/v2\/comments?post=5188"}],"wp:featuredmedia":[{"embeddable":true,"href":"https:\/\/tiendasamor.com\/index.php\/wp-json\/wp\/v2\/media\/5189"}],"wp:attachment":[{"href":"https:\/\/tiendasamor.com\/index.php\/wp-json\/wp\/v2\/media?parent=5188"}],"wp:term":[{"taxonomy":"product_brand","embeddable":true,"href":"https:\/\/tiendasamor.com\/index.php\/wp-json\/wp\/v2\/product_brand?post=5188"},{"taxonomy":"product_cat","embeddable":true,"href":"https:\/\/tiendasamor.com\/index.php\/wp-json\/wp\/v2\/product_cat?post=5188"},{"taxonomy":"product_tag","embeddable":true,"href":"https:\/\/tiendasamor.com\/index.php\/wp-json\/wp\/v2\/product_tag?post=5188"}],"curies":[{"name":"wp","href":"https:\/\/api.w.org\/{rel}","templated":true}]}}