{"id":5182,"date":"2026-01-03T19:27:06","date_gmt":"2026-01-04T00:27:06","guid":{"rendered":"https:\/\/tiendasamor.com\/?post_type=product&#038;p=5182"},"modified":"2026-01-03T19:27:07","modified_gmt":"2026-01-04T00:27:07","slug":"plug-anal-evil-rose-s","status":"publish","type":"product","link":"https:\/\/tiendasamor.com\/index.php\/producto\/plug-anal-evil-rose-s\/","title":{"rendered":"Plug anal Evil Rose S"},"content":{"rendered":"<p>Fabricados con materiales resistentes y seguros, estos plugs cuentan con un acabado suave que garantiza comodidad y durabilidad. Cada modelo est\u00e1 decorado con piedras brillantes en distintos dise\u00f1os, transformando un accesorio \u00edntimo en una pieza sensual y sofisticada.<\/p>\n<p>Disponibles en tallas\u00a0<strong>S, M y L<\/strong>, son ideales tanto para quienes quieren iniciarse como para los m\u00e1s experimentados.<\/p>\n<ul>\n<li>Metal de alta calidad y seguro.<\/li>\n<li>Acabado suave y c\u00f3modo.<\/li>\n<li>Piedras brillantes en varios dise\u00f1os.<\/li>\n<li>F\u00e1cil de limpiar e higienizar.<\/li>\n<li>Largo: 7 cm Ancho: 2.7 cm<\/li>\n<\/ul>\n","protected":false},"excerpt":{"rendered":"<p>Fabricados con materiales resistentes y seguros, estos plugs cuentan con un acabado suave que garantiza comodidad y durabilidad. Cada modelo est\u00e1 decorado con piedras brillantes en distintos dise\u00f1os, transformando un accesorio \u00edntimo en una pieza sensual y sofisticada. Disponibles en tallas\u00a0S, M y L, son ideales tanto para quienes quieren iniciarse como para los m\u00e1s [&hellip;]<\/p>\n","protected":false},"featured_media":5183,"comment_status":"open","ping_status":"closed","template":"","meta":[],"product_brand":[],"product_cat":[35],"product_tag":[],"class_list":{"0":"post-5182","1":"product","2":"type-product","3":"status-publish","4":"has-post-thumbnail","6":"product_cat-anales","8":"first","9":"instock","10":"shipping-taxable","11":"purchasable","12":"product-type-simple"},"_links":{"self":[{"href":"https:\/\/tiendasamor.com\/index.php\/wp-json\/wp\/v2\/product\/5182","targetHints":{"allow":["GET"]}}],"collection":[{"href":"https:\/\/tiendasamor.com\/index.php\/wp-json\/wp\/v2\/product"}],"about":[{"href":"https:\/\/tiendasamor.com\/index.php\/wp-json\/wp\/v2\/types\/product"}],"replies":[{"embeddable":true,"href":"https:\/\/tiendasamor.com\/index.php\/wp-json\/wp\/v2\/comments?post=5182"}],"wp:featuredmedia":[{"embeddable":true,"href":"https:\/\/tiendasamor.com\/index.php\/wp-json\/wp\/v2\/media\/5183"}],"wp:attachment":[{"href":"https:\/\/tiendasamor.com\/index.php\/wp-json\/wp\/v2\/media?parent=5182"}],"wp:term":[{"taxonomy":"product_brand","embeddable":true,"href":"https:\/\/tiendasamor.com\/index.php\/wp-json\/wp\/v2\/product_brand?post=5182"},{"taxonomy":"product_cat","embeddable":true,"href":"https:\/\/tiendasamor.com\/index.php\/wp-json\/wp\/v2\/product_cat?post=5182"},{"taxonomy":"product_tag","embeddable":true,"href":"https:\/\/tiendasamor.com\/index.php\/wp-json\/wp\/v2\/product_tag?post=5182"}],"curies":[{"name":"wp","href":"https:\/\/api.w.org\/{rel}","templated":true}]}}