{"id":5151,"date":"2026-01-02T19:45:17","date_gmt":"2026-01-03T00:45:17","guid":{"rendered":"https:\/\/tiendasamor.com\/?post_type=product&#038;p=5151"},"modified":"2026-01-02T19:45:17","modified_gmt":"2026-01-03T00:45:17","slug":"au-naturel-big-john-11-5","status":"publish","type":"product","link":"https:\/\/tiendasamor.com\/index.php\/producto\/au-naturel-big-john-11-5\/","title":{"rendered":"AU NATUREL \u2013 BIG JOHN \u2013 11.5"},"content":{"rendered":"<p>El Big John de Au Naturel te permite explorar tus deseos, con sus capas ultra realistas Sensa Feel. Con tecnolog\u00eda FlexiShaft, para un consolador erecto pero a\u00fan as\u00ed suave y flexible para adaptarse a tu cuerpo para que puedas montarlo m\u00e1s fuerte. Cada detalle, desde la firmeza hasta la textura de la piel y las venas, est\u00e1 cuidadosamente elaborado para lograr el m\u00e1ximo efecto realista, todo para tu placer. Big John ofrece una circunferencia de gran tama\u00f1o y una longitud adicional, con una cabeza redondeada y c\u00f3nica para una inserci\u00f3n m\u00e1s f\u00e1cil. Su fuerte base de ventosa se adherir\u00e1 a casi cualquier superficie lisa y es compatible con arn\u00e9s.<\/p>\n<p>&nbsp;<\/p>\n<p>\u00a1Es f\u00e1cil de limpiar! Solo l\u00e1velo con agua tibia y jab\u00f3n, o con su limpiador de juguetes favorito, antes y despu\u00e9s de cada uso. Seque con una toalla suave antes de guardarlo. Refresque su inversi\u00f3n con nuestro polvo renovador de juguetes Blush. Disfrute de la tranquilidad ya que los productos Blush siempre son probados en laboratorios externos para garantizar su seguridad. Nuestro producto cumple con las normas de seguridad Prop65 de EE. UU. y REACH de la UE. Tenga cuidado con lo que pone en su cuerpo.<\/p>\n<p>&nbsp;<\/p>\n<p><strong>Caracteristicas:<\/strong><\/p>\n<p>&nbsp;<\/p>\n<p>* Ca\u00f1a de doble densidad Sensa Feel. Capa exterior ultra suave. Interior firme.<br \/>\n* Hecho a mano para un producto excepcional que satisface sus antojos m\u00e1s profundos.<br \/>\n* Tecnolog\u00eda FlexiShaft. Erguido pero flexible para adaptarse a su cuerpo.<br \/>\n* Base con ventosa resistente para jugar con las manos libres. Compatible con arn\u00e9s.<br \/>\n* 11,5\u2033 de largo x 9,25\u2033 insertable x 2,5\u2033 de ancho. Lubricante h\u00edbrido a base de agua, seguro.<br \/>\n* Color: Beige<br \/>\n* Material: TPE<br \/>\n* Longitud (pulgadas): insertable 9,25, 11,5\u2033<br \/>\n* Circunferencia (pulgadas): 7,85\u2033<\/p>\n","protected":false},"excerpt":{"rendered":"<p>El Big John de Au Naturel te permite explorar tus deseos, con sus capas ultra realistas Sensa Feel. Con tecnolog\u00eda FlexiShaft, para un consolador erecto pero a\u00fan as\u00ed suave y flexible para adaptarse a tu cuerpo para que puedas montarlo m\u00e1s fuerte. Cada detalle, desde la firmeza hasta la textura de la piel y las [&hellip;]<\/p>\n","protected":false},"featured_media":5152,"comment_status":"open","ping_status":"closed","template":"","meta":[],"product_brand":[],"product_cat":[29],"product_tag":[],"class_list":{"0":"post-5151","1":"product","2":"type-product","3":"status-publish","4":"has-post-thumbnail","6":"product_cat-consoladores-y-dildos","8":"first","9":"instock","10":"shipping-taxable","11":"purchasable","12":"product-type-simple"},"_links":{"self":[{"href":"https:\/\/tiendasamor.com\/index.php\/wp-json\/wp\/v2\/product\/5151","targetHints":{"allow":["GET"]}}],"collection":[{"href":"https:\/\/tiendasamor.com\/index.php\/wp-json\/wp\/v2\/product"}],"about":[{"href":"https:\/\/tiendasamor.com\/index.php\/wp-json\/wp\/v2\/types\/product"}],"replies":[{"embeddable":true,"href":"https:\/\/tiendasamor.com\/index.php\/wp-json\/wp\/v2\/comments?post=5151"}],"wp:featuredmedia":[{"embeddable":true,"href":"https:\/\/tiendasamor.com\/index.php\/wp-json\/wp\/v2\/media\/5152"}],"wp:attachment":[{"href":"https:\/\/tiendasamor.com\/index.php\/wp-json\/wp\/v2\/media?parent=5151"}],"wp:term":[{"taxonomy":"product_brand","embeddable":true,"href":"https:\/\/tiendasamor.com\/index.php\/wp-json\/wp\/v2\/product_brand?post=5151"},{"taxonomy":"product_cat","embeddable":true,"href":"https:\/\/tiendasamor.com\/index.php\/wp-json\/wp\/v2\/product_cat?post=5151"},{"taxonomy":"product_tag","embeddable":true,"href":"https:\/\/tiendasamor.com\/index.php\/wp-json\/wp\/v2\/product_tag?post=5151"}],"curies":[{"name":"wp","href":"https:\/\/api.w.org\/{rel}","templated":true}]}}