{"id":5123,"date":"2025-12-18T20:11:13","date_gmt":"2025-12-19T01:11:13","guid":{"rendered":"https:\/\/tiendasamor.com\/?post_type=product&#038;p=5123"},"modified":"2025-12-18T20:11:13","modified_gmt":"2025-12-19T01:11:13","slug":"masturbador-anal-pink-butt-vibrating","status":"publish","type":"product","link":"https:\/\/tiendasamor.com\/index.php\/producto\/masturbador-anal-pink-butt-vibrating\/","title":{"rendered":"Masturbador Anal Pink Butt Vibrating"},"content":{"rendered":"<p><span dir=\"auto\">Este masturbador anal masculino est\u00e1 hecho de TPR de tacto realista, tiene una funda interna acanalada y cubierta de n\u00f3dulos que proporciona sensaciones incre\u00edbles. Viene con 7 potentes velocidades de vibraci\u00f3n para mayor satisfacci\u00f3n. Envuelto en una carcasa exterior compacta, discreta y ligera, este masturbador te da mayor control sobre tu masturbaci\u00f3n<\/span><\/p>\n<table border=\"0\" width=\"100%\" cellspacing=\"1\" cellpadding=\"3\" bgcolor=\"#dddddd\">\n<tbody>\n<tr>\n<td align=\"left\" width=\"30%\"><span dir=\"auto\">Funci\u00f3n<\/span><\/td>\n<td align=\"left\" width=\"70%\"><span dir=\"auto\">7 funciones de vibraci\u00f3n<\/span><\/td>\n<\/tr>\n<tr>\n<td align=\"left\" width=\"30%\"><span dir=\"auto\">Material<\/span><\/td>\n<td align=\"left\" width=\"70%\"><span dir=\"auto\">TPR<\/span><\/td>\n<\/tr>\n<tr>\n<td align=\"left\" width=\"30%\"><span dir=\"auto\">Alimentaci\u00f3n<\/span><\/td>\n<td align=\"left\" width=\"70%\"><span dir=\"auto\">3 pilas AAA<\/span><\/td>\n<\/tr>\n<\/tbody>\n<\/table>\n","protected":false},"excerpt":{"rendered":"<p>Este masturbador anal masculino est\u00e1 hecho de TPR de tacto realista, tiene una funda interna acanalada y cubierta de n\u00f3dulos que proporciona sensaciones incre\u00edbles. Viene con 7 potentes velocidades de vibraci\u00f3n para mayor satisfacci\u00f3n. Envuelto en una carcasa exterior compacta, discreta y ligera, este masturbador te da mayor control sobre tu masturbaci\u00f3n Funci\u00f3n 7 funciones [&hellip;]<\/p>\n","protected":false},"featured_media":5124,"comment_status":"open","ping_status":"closed","template":"","meta":[],"product_brand":[],"product_cat":[30,47],"product_tag":[],"class_list":{"0":"post-5123","1":"product","2":"type-product","3":"status-publish","4":"has-post-thumbnail","6":"product_cat-masturbadores","7":"product_cat-munecas","9":"first","10":"instock","11":"shipping-taxable","12":"purchasable","13":"product-type-simple"},"_links":{"self":[{"href":"https:\/\/tiendasamor.com\/index.php\/wp-json\/wp\/v2\/product\/5123","targetHints":{"allow":["GET"]}}],"collection":[{"href":"https:\/\/tiendasamor.com\/index.php\/wp-json\/wp\/v2\/product"}],"about":[{"href":"https:\/\/tiendasamor.com\/index.php\/wp-json\/wp\/v2\/types\/product"}],"replies":[{"embeddable":true,"href":"https:\/\/tiendasamor.com\/index.php\/wp-json\/wp\/v2\/comments?post=5123"}],"wp:featuredmedia":[{"embeddable":true,"href":"https:\/\/tiendasamor.com\/index.php\/wp-json\/wp\/v2\/media\/5124"}],"wp:attachment":[{"href":"https:\/\/tiendasamor.com\/index.php\/wp-json\/wp\/v2\/media?parent=5123"}],"wp:term":[{"taxonomy":"product_brand","embeddable":true,"href":"https:\/\/tiendasamor.com\/index.php\/wp-json\/wp\/v2\/product_brand?post=5123"},{"taxonomy":"product_cat","embeddable":true,"href":"https:\/\/tiendasamor.com\/index.php\/wp-json\/wp\/v2\/product_cat?post=5123"},{"taxonomy":"product_tag","embeddable":true,"href":"https:\/\/tiendasamor.com\/index.php\/wp-json\/wp\/v2\/product_tag?post=5123"}],"curies":[{"name":"wp","href":"https:\/\/api.w.org\/{rel}","templated":true}]}}