{"id":5114,"date":"2025-12-18T19:52:40","date_gmt":"2025-12-19T00:52:40","guid":{"rendered":"https:\/\/tiendasamor.com\/?post_type=product&#038;p=5114"},"modified":"2025-12-18T19:53:24","modified_gmt":"2025-12-19T00:53:24","slug":"ultra-passionate-harness-multi-speed-vibration","status":"publish","type":"product","link":"https:\/\/tiendasamor.com\/index.php\/producto\/ultra-passionate-harness-multi-speed-vibration\/","title":{"rendered":"Ultra Passionate Harness Multi-Speed Vibration"},"content":{"rendered":"<p><span dir=\"auto\">Lleva tu juego de penetraci\u00f3n al siguiente nivel y disfruta de una sesi\u00f3n con nuestro fabuloso arn\u00e9s de placer. El delicioso eje de este consolador con arn\u00e9s vibrador est\u00e1 veteado y cuenta con una cabeza perfectamente formada para proporcionarte la m\u00e1xima estimulaci\u00f3n y penetraci\u00f3n. Con el impresionante consolador realista de piel s\u00faper suave y realista, disfrutar\u00e1s al m\u00e1ximo. Viene completo con un consolador con arn\u00e9s, un arn\u00e9s el\u00e1stico grueso, c\u00f3modo y ajustable, y un vibrador potente pero silencioso. Un consolador con arn\u00e9s vibrador favorito que ofrece un valor incre\u00edble y proporciona plena satisfacci\u00f3n<\/span><\/p>\n<table border=\"0\" width=\"100%\" cellspacing=\"1\" cellpadding=\"3\" bgcolor=\"#dddddd\">\n<tbody>\n<tr>\n<td align=\"left\" width=\"30%\"><span dir=\"auto\">Funci\u00f3n<\/span><\/td>\n<td align=\"left\" width=\"70%\"><span dir=\"auto\">Vibraci\u00f3n<\/span><\/td>\n<\/tr>\n<tr>\n<td align=\"left\" width=\"30%\"><span dir=\"auto\">Material<\/span><\/td>\n<td align=\"left\" width=\"70%\"><span dir=\"auto\">TPR ABS PU Nailon<\/span><\/td>\n<\/tr>\n<tr>\n<td align=\"left\" width=\"30%\"><span dir=\"auto\">Alimentaci\u00f3n<\/span><\/td>\n<td align=\"left\" width=\"70%\"><span dir=\"auto\">2 pilas AA<\/span><\/td>\n<\/tr>\n<\/tbody>\n<\/table>\n","protected":false},"excerpt":{"rendered":"<p>Lleva tu juego de penetraci\u00f3n al siguiente nivel y disfruta de una sesi\u00f3n con nuestro fabuloso arn\u00e9s de placer. El delicioso eje de este consolador con arn\u00e9s vibrador est\u00e1 veteado y cuenta con una cabeza perfectamente formada para proporcionarte la m\u00e1xima estimulaci\u00f3n y penetraci\u00f3n. Con el impresionante consolador realista de piel s\u00faper suave y realista, [&hellip;]<\/p>\n","protected":false},"featured_media":5115,"comment_status":"open","ping_status":"closed","template":"","meta":[],"product_brand":[],"product_cat":[29,27],"product_tag":[],"class_list":{"0":"post-5114","1":"product","2":"type-product","3":"status-publish","4":"has-post-thumbnail","6":"product_cat-consoladores-y-dildos","7":"product_cat-vibradores","9":"first","10":"instock","11":"shipping-taxable","12":"purchasable","13":"product-type-simple"},"_links":{"self":[{"href":"https:\/\/tiendasamor.com\/index.php\/wp-json\/wp\/v2\/product\/5114","targetHints":{"allow":["GET"]}}],"collection":[{"href":"https:\/\/tiendasamor.com\/index.php\/wp-json\/wp\/v2\/product"}],"about":[{"href":"https:\/\/tiendasamor.com\/index.php\/wp-json\/wp\/v2\/types\/product"}],"replies":[{"embeddable":true,"href":"https:\/\/tiendasamor.com\/index.php\/wp-json\/wp\/v2\/comments?post=5114"}],"wp:featuredmedia":[{"embeddable":true,"href":"https:\/\/tiendasamor.com\/index.php\/wp-json\/wp\/v2\/media\/5115"}],"wp:attachment":[{"href":"https:\/\/tiendasamor.com\/index.php\/wp-json\/wp\/v2\/media?parent=5114"}],"wp:term":[{"taxonomy":"product_brand","embeddable":true,"href":"https:\/\/tiendasamor.com\/index.php\/wp-json\/wp\/v2\/product_brand?post=5114"},{"taxonomy":"product_cat","embeddable":true,"href":"https:\/\/tiendasamor.com\/index.php\/wp-json\/wp\/v2\/product_cat?post=5114"},{"taxonomy":"product_tag","embeddable":true,"href":"https:\/\/tiendasamor.com\/index.php\/wp-json\/wp\/v2\/product_tag?post=5114"}],"curies":[{"name":"wp","href":"https:\/\/api.w.org\/{rel}","templated":true}]}}