{"id":5105,"date":"2025-12-18T19:37:48","date_gmt":"2025-12-19T00:37:48","guid":{"rendered":"https:\/\/tiendasamor.com\/?post_type=product&#038;p=5105"},"modified":"2025-12-18T19:38:27","modified_gmt":"2025-12-19T00:38:27","slug":"ultra-passionate-harness-double-heads-strap-on","status":"publish","type":"product","link":"https:\/\/tiendasamor.com\/index.php\/producto\/ultra-passionate-harness-double-heads-strap-on\/","title":{"rendered":"Ultra Passionate Harness Double-heads Strap on"},"content":{"rendered":"<p><span dir=\"auto\">Lleva tu juego de penetraci\u00f3n al siguiente nivel y disfruta de una sesi\u00f3n con nuestro fabuloso arn\u00e9s de doble penetraci\u00f3n femenino. Este arn\u00e9s est\u00e1 hecho para satisfacer tanto a tu pareja como a ti misma con su consolador m\u00e1s peque\u00f1o colocado en el panel interior para estimular a quien lo usa, y luego el consolador exterior con cuentas y curvado proporciona un magn\u00edfico masaje del punto G. Perfecto para parejas lesbianas, este juguete est\u00e1 repleto de poder de penetraci\u00f3n y ser\u00e1 una nueva y divertida adici\u00f3n a tu colecci\u00f3n de arn\u00e9s<\/span><\/p>\n<table border=\"0\" width=\"100%\" cellspacing=\"1\" cellpadding=\"3\" bgcolor=\"#dddddd\">\n<tbody>\n<tr>\n<td align=\"left\" width=\"30%\"><span dir=\"auto\">Funci\u00f3n<\/span><\/td>\n<td align=\"left\" width=\"70%\"><span dir=\"auto\">Vibraci\u00f3n<\/span><\/td>\n<\/tr>\n<tr>\n<td align=\"left\" width=\"30%\"><span dir=\"auto\">Material<\/span><\/td>\n<td align=\"left\" width=\"70%\"><span dir=\"auto\">TPR ABS PU Nailon<\/span><\/td>\n<\/tr>\n<tr>\n<td align=\"left\" width=\"30%\"><span dir=\"auto\">Alimentaci\u00f3n<\/span><\/td>\n<td align=\"left\" width=\"70%\"><span dir=\"auto\">2 pilas AA<\/span><\/td>\n<\/tr>\n<\/tbody>\n<\/table>\n","protected":false},"excerpt":{"rendered":"<p>Lleva tu juego de penetraci\u00f3n al siguiente nivel y disfruta de una sesi\u00f3n con nuestro fabuloso arn\u00e9s de doble penetraci\u00f3n femenino. Este arn\u00e9s est\u00e1 hecho para satisfacer tanto a tu pareja como a ti misma con su consolador m\u00e1s peque\u00f1o colocado en el panel interior para estimular a quien lo usa, y luego el consolador [&hellip;]<\/p>\n","protected":false},"featured_media":5106,"comment_status":"open","ping_status":"closed","template":"","meta":[],"product_brand":[],"product_cat":[29,27],"product_tag":[],"class_list":{"0":"post-5105","1":"product","2":"type-product","3":"status-publish","4":"has-post-thumbnail","6":"product_cat-consoladores-y-dildos","7":"product_cat-vibradores","9":"first","10":"instock","11":"shipping-taxable","12":"purchasable","13":"product-type-simple"},"_links":{"self":[{"href":"https:\/\/tiendasamor.com\/index.php\/wp-json\/wp\/v2\/product\/5105","targetHints":{"allow":["GET"]}}],"collection":[{"href":"https:\/\/tiendasamor.com\/index.php\/wp-json\/wp\/v2\/product"}],"about":[{"href":"https:\/\/tiendasamor.com\/index.php\/wp-json\/wp\/v2\/types\/product"}],"replies":[{"embeddable":true,"href":"https:\/\/tiendasamor.com\/index.php\/wp-json\/wp\/v2\/comments?post=5105"}],"wp:featuredmedia":[{"embeddable":true,"href":"https:\/\/tiendasamor.com\/index.php\/wp-json\/wp\/v2\/media\/5106"}],"wp:attachment":[{"href":"https:\/\/tiendasamor.com\/index.php\/wp-json\/wp\/v2\/media?parent=5105"}],"wp:term":[{"taxonomy":"product_brand","embeddable":true,"href":"https:\/\/tiendasamor.com\/index.php\/wp-json\/wp\/v2\/product_brand?post=5105"},{"taxonomy":"product_cat","embeddable":true,"href":"https:\/\/tiendasamor.com\/index.php\/wp-json\/wp\/v2\/product_cat?post=5105"},{"taxonomy":"product_tag","embeddable":true,"href":"https:\/\/tiendasamor.com\/index.php\/wp-json\/wp\/v2\/product_tag?post=5105"}],"curies":[{"name":"wp","href":"https:\/\/api.w.org\/{rel}","templated":true}]}}