{"id":5096,"date":"2025-12-18T19:17:10","date_gmt":"2025-12-19T00:17:10","guid":{"rendered":"https:\/\/tiendasamor.com\/?post_type=product&#038;p=5096"},"modified":"2025-12-18T19:17:10","modified_gmt":"2025-12-19T00:17:10","slug":"vibrador-con-app-pretty-love-ethan","status":"publish","type":"product","link":"https:\/\/tiendasamor.com\/index.php\/producto\/vibrador-con-app-pretty-love-ethan\/","title":{"rendered":"Vibrador con App Pretty Love Ethan"},"content":{"rendered":"<p>Este masajeador de dise\u00f1o elegante satisfar\u00e1 tus deseos m\u00e1s profundos y har\u00e1 realidad todas tus fantas\u00edas con conejos. Este vibrador tiene dos motores para que puedas controlar d\u00f3nde prefieres m\u00e1s placer y hacer diferentes movimientos a la vez. Dise\u00f1ado para despertar tus fantas\u00edas y satisfacer tu mente, cuerpo y alma, este bonito conejo rosa es perfecto para jugar en solitario. \u00bfPor qu\u00e9 no lo incorporas a tu vida amorosa y le presentas a tu pareja la diversi\u00f3n de los juguetes sexuales en el dormitorio? Nunca querr\u00e1s volver atr\u00e1s. Con 12 vibraciones en el eje, est\u00e1s preparada para horas de orgasmos explosivos. Aumenta la intensidad lentamente y avanza hasta los niveles m\u00e1s fuertes para una noche de \u00e9xtasis placentero.<br \/>\nPara m\u00e1s diversi\u00f3n, hay m\u00e1s formas de jugar gracias a la aplicaci\u00f3n gratuita Prettylove. La aplicaci\u00f3n desbloquea emocionantes funciones de juguetes a trav\u00e9s de tu tel\u00e9fono.<\/p>\n<p>&nbsp;<\/p>\n","protected":false},"excerpt":{"rendered":"<p>Este masajeador de dise\u00f1o elegante satisfar\u00e1 tus deseos m\u00e1s profundos y har\u00e1 realidad todas tus fantas\u00edas con conejos. Este vibrador tiene dos motores para que puedas controlar d\u00f3nde prefieres m\u00e1s placer y hacer diferentes movimientos a la vez. Dise\u00f1ado para despertar tus fantas\u00edas y satisfacer tu mente, cuerpo y alma, este bonito conejo rosa es [&hellip;]<\/p>\n","protected":false},"featured_media":5097,"comment_status":"open","ping_status":"closed","template":"","meta":[],"product_brand":[],"product_cat":[43,62,27],"product_tag":[],"class_list":{"0":"post-5096","1":"product","2":"type-product","3":"status-publish","4":"has-post-thumbnail","6":"product_cat-rabbit","7":"product_cat-regalos","8":"product_cat-vibradores","10":"first","11":"instock","12":"shipping-taxable","13":"purchasable","14":"product-type-simple"},"_links":{"self":[{"href":"https:\/\/tiendasamor.com\/index.php\/wp-json\/wp\/v2\/product\/5096","targetHints":{"allow":["GET"]}}],"collection":[{"href":"https:\/\/tiendasamor.com\/index.php\/wp-json\/wp\/v2\/product"}],"about":[{"href":"https:\/\/tiendasamor.com\/index.php\/wp-json\/wp\/v2\/types\/product"}],"replies":[{"embeddable":true,"href":"https:\/\/tiendasamor.com\/index.php\/wp-json\/wp\/v2\/comments?post=5096"}],"wp:featuredmedia":[{"embeddable":true,"href":"https:\/\/tiendasamor.com\/index.php\/wp-json\/wp\/v2\/media\/5097"}],"wp:attachment":[{"href":"https:\/\/tiendasamor.com\/index.php\/wp-json\/wp\/v2\/media?parent=5096"}],"wp:term":[{"taxonomy":"product_brand","embeddable":true,"href":"https:\/\/tiendasamor.com\/index.php\/wp-json\/wp\/v2\/product_brand?post=5096"},{"taxonomy":"product_cat","embeddable":true,"href":"https:\/\/tiendasamor.com\/index.php\/wp-json\/wp\/v2\/product_cat?post=5096"},{"taxonomy":"product_tag","embeddable":true,"href":"https:\/\/tiendasamor.com\/index.php\/wp-json\/wp\/v2\/product_tag?post=5096"}],"curies":[{"name":"wp","href":"https:\/\/api.w.org\/{rel}","templated":true}]}}