{"id":5088,"date":"2025-12-18T18:56:56","date_gmt":"2025-12-18T23:56:56","guid":{"rendered":"https:\/\/tiendasamor.com\/?post_type=product&#038;p=5088"},"modified":"2025-12-18T18:56:56","modified_gmt":"2025-12-18T23:56:56","slug":"vibrador-pretty-love-arnd","status":"publish","type":"product","link":"https:\/\/tiendasamor.com\/index.php\/producto\/vibrador-pretty-love-arnd\/","title":{"rendered":"Vibrador Pretty Love Arnd"},"content":{"rendered":"<p><span dir=\"auto\">Experimenta el placer de un juguete sexual como ning\u00fan otro con el vibrador de conejo PRETTY LOVE. Con la forma del cl\u00e1sico vibrador de conejo, pero d\u00e1ndole la vuelta, este vibrador estimula el cl\u00edtoris y el punto G simult\u00e1neamente con una potente vibraci\u00f3n y un movimiento de empuje que imita el sexo real<\/span><\/p>\n<table border=\"0\" width=\"100%\" cellspacing=\"1\" cellpadding=\"3\" bgcolor=\"#dddddd\">\n<tbody>\n<tr>\n<td align=\"left\" width=\"30%\"><span dir=\"auto\">Funci\u00f3n<\/span><\/td>\n<td align=\"left\" width=\"70%\"><span dir=\"auto\">10 funciones de vibraci\u00f3n<\/span><\/td>\n<\/tr>\n<tr>\n<td align=\"left\" width=\"30%\"><span dir=\"auto\">Material<\/span><\/td>\n<td align=\"left\" width=\"70%\"><span dir=\"auto\">Silicona<\/span><\/td>\n<\/tr>\n<tr>\n<td align=\"left\" width=\"30%\"><span dir=\"auto\">Alimentaci\u00f3n<\/span><\/td>\n<td align=\"left\" width=\"70%\"><span dir=\"auto\">1 pila AAA<\/span><\/td>\n<\/tr>\n<\/tbody>\n<\/table>\n","protected":false},"excerpt":{"rendered":"<p>Experimenta el placer de un juguete sexual como ning\u00fan otro con el vibrador de conejo PRETTY LOVE. Con la forma del cl\u00e1sico vibrador de conejo, pero d\u00e1ndole la vuelta, este vibrador estimula el cl\u00edtoris y el punto G simult\u00e1neamente con una potente vibraci\u00f3n y un movimiento de empuje que imita el sexo real Funci\u00f3n 10 [&hellip;]<\/p>\n","protected":false},"featured_media":5089,"comment_status":"open","ping_status":"closed","template":"","meta":[],"product_brand":[],"product_cat":[44,43,27],"product_tag":[],"class_list":{"0":"post-5088","1":"product","2":"type-product","3":"status-publish","4":"has-post-thumbnail","6":"product_cat-clitorales","7":"product_cat-rabbit","8":"product_cat-vibradores","10":"first","11":"instock","12":"shipping-taxable","13":"purchasable","14":"product-type-simple"},"_links":{"self":[{"href":"https:\/\/tiendasamor.com\/index.php\/wp-json\/wp\/v2\/product\/5088","targetHints":{"allow":["GET"]}}],"collection":[{"href":"https:\/\/tiendasamor.com\/index.php\/wp-json\/wp\/v2\/product"}],"about":[{"href":"https:\/\/tiendasamor.com\/index.php\/wp-json\/wp\/v2\/types\/product"}],"replies":[{"embeddable":true,"href":"https:\/\/tiendasamor.com\/index.php\/wp-json\/wp\/v2\/comments?post=5088"}],"wp:featuredmedia":[{"embeddable":true,"href":"https:\/\/tiendasamor.com\/index.php\/wp-json\/wp\/v2\/media\/5089"}],"wp:attachment":[{"href":"https:\/\/tiendasamor.com\/index.php\/wp-json\/wp\/v2\/media?parent=5088"}],"wp:term":[{"taxonomy":"product_brand","embeddable":true,"href":"https:\/\/tiendasamor.com\/index.php\/wp-json\/wp\/v2\/product_brand?post=5088"},{"taxonomy":"product_cat","embeddable":true,"href":"https:\/\/tiendasamor.com\/index.php\/wp-json\/wp\/v2\/product_cat?post=5088"},{"taxonomy":"product_tag","embeddable":true,"href":"https:\/\/tiendasamor.com\/index.php\/wp-json\/wp\/v2\/product_tag?post=5088"}],"curies":[{"name":"wp","href":"https:\/\/api.w.org\/{rel}","templated":true}]}}