{"id":5069,"date":"2025-12-18T18:32:55","date_gmt":"2025-12-18T23:32:55","guid":{"rendered":"https:\/\/tiendasamor.com\/?post_type=product&#038;p=5069"},"modified":"2025-12-18T18:33:28","modified_gmt":"2025-12-18T23:33:28","slug":"funda-pretty-love-lionel","status":"publish","type":"product","link":"https:\/\/tiendasamor.com\/index.php\/producto\/funda-pretty-love-lionel\/","title":{"rendered":"Funda Pretty Love Lionel"},"content":{"rendered":"<p><span dir=\"auto\">La funda de alargamiento Spearhead a\u00f1ade grosor adicional a cualquier pene. Impresiona a tu pareja durante horas con una mayor duraci\u00f3n. Con la correa envuelta alrededor de los test\u00edculos, prolongar\u00e1s la eyaculaci\u00f3n hasta el pico m\u00e1s explosivo que jam\u00e1s hayas imaginado<\/span><\/p>\n<table border=\"0\" width=\"100%\" cellspacing=\"1\" cellpadding=\"3\" bgcolor=\"#dddddd\">\n<tbody>\n<tr>\n<td align=\"left\" width=\"30%\"><span dir=\"auto\">Material<\/span><\/td>\n<td align=\"left\" width=\"70%\"><span dir=\"auto\">Silicona<\/span><\/td>\n<\/tr>\n<tr>\n<td align=\"left\" width=\"30%\"><span dir=\"auto\">Resistente al agua<\/span><\/td>\n<td align=\"left\" width=\"70%\"><span dir=\"auto\">Resistente al agua<\/span><\/td>\n<\/tr>\n<\/tbody>\n<\/table>\n","protected":false},"excerpt":{"rendered":"<p>La funda de alargamiento Spearhead a\u00f1ade grosor adicional a cualquier pene. Impresiona a tu pareja durante horas con una mayor duraci\u00f3n. Con la correa envuelta alrededor de los test\u00edculos, prolongar\u00e1s la eyaculaci\u00f3n hasta el pico m\u00e1s explosivo que jam\u00e1s hayas imaginado Material Silicona Resistente al agua Resistente al agua<\/p>\n","protected":false},"featured_media":5070,"comment_status":"open","ping_status":"closed","template":"","meta":[],"product_brand":[],"product_cat":[45,46],"product_tag":[],"class_list":{"0":"post-5069","1":"product","2":"type-product","3":"status-publish","4":"has-post-thumbnail","6":"product_cat-fundas-extensoras","7":"product_cat-protesis","9":"first","10":"instock","11":"shipping-taxable","12":"purchasable","13":"product-type-simple"},"_links":{"self":[{"href":"https:\/\/tiendasamor.com\/index.php\/wp-json\/wp\/v2\/product\/5069","targetHints":{"allow":["GET"]}}],"collection":[{"href":"https:\/\/tiendasamor.com\/index.php\/wp-json\/wp\/v2\/product"}],"about":[{"href":"https:\/\/tiendasamor.com\/index.php\/wp-json\/wp\/v2\/types\/product"}],"replies":[{"embeddable":true,"href":"https:\/\/tiendasamor.com\/index.php\/wp-json\/wp\/v2\/comments?post=5069"}],"wp:featuredmedia":[{"embeddable":true,"href":"https:\/\/tiendasamor.com\/index.php\/wp-json\/wp\/v2\/media\/5070"}],"wp:attachment":[{"href":"https:\/\/tiendasamor.com\/index.php\/wp-json\/wp\/v2\/media?parent=5069"}],"wp:term":[{"taxonomy":"product_brand","embeddable":true,"href":"https:\/\/tiendasamor.com\/index.php\/wp-json\/wp\/v2\/product_brand?post=5069"},{"taxonomy":"product_cat","embeddable":true,"href":"https:\/\/tiendasamor.com\/index.php\/wp-json\/wp\/v2\/product_cat?post=5069"},{"taxonomy":"product_tag","embeddable":true,"href":"https:\/\/tiendasamor.com\/index.php\/wp-json\/wp\/v2\/product_tag?post=5069"}],"curies":[{"name":"wp","href":"https:\/\/api.w.org\/{rel}","templated":true}]}}