{"id":5049,"date":"2025-12-18T18:14:33","date_gmt":"2025-12-18T23:14:33","guid":{"rendered":"https:\/\/tiendasamor.com\/?post_type=product&#038;p=5049"},"modified":"2025-12-18T18:14:33","modified_gmt":"2025-12-18T23:14:33","slug":"masturbador-vaginal-y-anal-crazy-bull-tiffany","status":"publish","type":"product","link":"https:\/\/tiendasamor.com\/index.php\/producto\/masturbador-vaginal-y-anal-crazy-bull-tiffany\/","title":{"rendered":"Masturbador vaginal y anal Crazy Bull Tiffany"},"content":{"rendered":"<p><span dir=\"auto\">Este juguete representa a una\u00a0<\/span><b><span dir=\"auto\">encantadora mujer madura<\/span><\/b><span dir=\"auto\">\u00a0con\u00a0<\/span><b><span dir=\"auto\">curvas perfectas<\/span><\/b><span dir=\"auto\">\u00a0, dise\u00f1ada para brindar una\u00a0<\/span><b><span dir=\"auto\">experiencia realista y profundamente satisfactoria<\/span><\/b><span dir=\"auto\">\u00a0.<\/span><br \/>\n<span dir=\"auto\">Una\u00a0<\/span><b><span dir=\"auto\">mu\u00f1eca sexual de tama\u00f1o natural<\/span><\/b><span dir=\"auto\">\u00a0con una\u00a0<\/span><b><span dir=\"auto\">forma femenina realista<\/span><\/b><span dir=\"auto\">\u00a0, con\u00a0<\/span><b><span dir=\"auto\">grandes pechos redondos<\/span><\/b><span dir=\"auto\">\u00a0, un\u00a0<\/span><b><span dir=\"auto\">trasero firme y el\u00e1stico<\/span><\/b><span dir=\"auto\">\u00a0, y una\u00a0<\/span><b><span dir=\"auto\">cintura delgada<\/span><\/b><span dir=\"auto\">\u00a0para un realismo irresistible.<\/span><br \/>\n<span dir=\"auto\">Su\u00a0<\/span><b><span dir=\"auto\">estructura interna<\/span><\/b><span dir=\"auto\">\u00a0permite\u00a0<\/span><b><span dir=\"auto\">piernas extra\u00edbles y ajustables<\/span><\/b><span dir=\"auto\">\u00a0para que puedas colocarla como\u00a0<\/span><b><span dir=\"auto\">desees<\/span><\/b><span dir=\"auto\">\u00a0.<\/span><br \/>\n<span dir=\"auto\">Esta\u00a0<\/span><b><span dir=\"auto\">mu\u00f1eca sexual realista<\/span><\/b><span dir=\"auto\">\u00a0est\u00e1 dise\u00f1ada para brindar\u00a0<\/span><b><span dir=\"auto\">sensaciones aut\u00e9nticas y la m\u00e1xima satisfacci\u00f3n<\/span><\/b><span dir=\"auto\">\u00a0.<\/span><\/p>\n<ul class=\"second-list-ui \">\n<li>\n<div class=\"name-ui\"><span dir=\"auto\">Peso neto\u00a0<\/span>5,5 kilos<\/div>\n<\/li>\n<\/ul>\n","protected":false},"excerpt":{"rendered":"<p>Este juguete representa a una\u00a0encantadora mujer madura\u00a0con\u00a0curvas perfectas\u00a0, dise\u00f1ada para brindar una\u00a0experiencia realista y profundamente satisfactoria\u00a0. Una\u00a0mu\u00f1eca sexual de tama\u00f1o natural\u00a0con una\u00a0forma femenina realista\u00a0, con\u00a0grandes pechos redondos\u00a0, un\u00a0trasero firme y el\u00e1stico\u00a0, y una\u00a0cintura delgada\u00a0para un realismo irresistible. Su\u00a0estructura interna\u00a0permite\u00a0piernas extra\u00edbles y ajustables\u00a0para que puedas colocarla como\u00a0desees\u00a0. Esta\u00a0mu\u00f1eca sexual realista\u00a0est\u00e1 dise\u00f1ada para brindar\u00a0sensaciones aut\u00e9nticas y la [&hellip;]<\/p>\n","protected":false},"featured_media":5051,"comment_status":"open","ping_status":"closed","template":"","meta":[],"product_brand":[],"product_cat":[30,47],"product_tag":[],"class_list":{"0":"post-5049","1":"product","2":"type-product","3":"status-publish","4":"has-post-thumbnail","6":"product_cat-masturbadores","7":"product_cat-munecas","9":"first","10":"instock","11":"shipping-taxable","12":"purchasable","13":"product-type-simple"},"_links":{"self":[{"href":"https:\/\/tiendasamor.com\/index.php\/wp-json\/wp\/v2\/product\/5049","targetHints":{"allow":["GET"]}}],"collection":[{"href":"https:\/\/tiendasamor.com\/index.php\/wp-json\/wp\/v2\/product"}],"about":[{"href":"https:\/\/tiendasamor.com\/index.php\/wp-json\/wp\/v2\/types\/product"}],"replies":[{"embeddable":true,"href":"https:\/\/tiendasamor.com\/index.php\/wp-json\/wp\/v2\/comments?post=5049"}],"wp:featuredmedia":[{"embeddable":true,"href":"https:\/\/tiendasamor.com\/index.php\/wp-json\/wp\/v2\/media\/5051"}],"wp:attachment":[{"href":"https:\/\/tiendasamor.com\/index.php\/wp-json\/wp\/v2\/media?parent=5049"}],"wp:term":[{"taxonomy":"product_brand","embeddable":true,"href":"https:\/\/tiendasamor.com\/index.php\/wp-json\/wp\/v2\/product_brand?post=5049"},{"taxonomy":"product_cat","embeddable":true,"href":"https:\/\/tiendasamor.com\/index.php\/wp-json\/wp\/v2\/product_cat?post=5049"},{"taxonomy":"product_tag","embeddable":true,"href":"https:\/\/tiendasamor.com\/index.php\/wp-json\/wp\/v2\/product_tag?post=5049"}],"curies":[{"name":"wp","href":"https:\/\/api.w.org\/{rel}","templated":true}]}}