{"id":5039,"date":"2025-12-18T17:32:15","date_gmt":"2025-12-18T22:32:15","guid":{"rendered":"https:\/\/tiendasamor.com\/?post_type=product&#038;p=5039"},"modified":"2025-12-18T17:42:13","modified_gmt":"2025-12-18T22:42:13","slug":"jenga-love-and-sex","status":"publish","type":"product","link":"https:\/\/tiendasamor.com\/index.php\/producto\/jenga-love-and-sex\/","title":{"rendered":"Jenga Love And Sex"},"content":{"rendered":"<p>Edad: 18+<br \/>\nCantidad de jugadores: 2<br \/>\nDuraci\u00f3n: 10-60 min.<br \/>\nIdioma: espa\u00f1ol<br \/>\nCategor\u00eda: juego para adultos, para dos, de habilidad<\/p>\n<p>Jenga Love and Sex, \u00a1un juego que empieza en la mesa y termina en la cama!<\/p>\n<p>Love and Sex es el juego de jenga para parejas que quieren salir de la rutina y explorar nuevos niveles de intimidad y diversi\u00f3n. Con este juego ambos descubrir\u00e1n su lado m\u00e1s rom\u00e1ntico y atrevido. Lo \u00fanico que necesitan es una bebida para compartir y dar rienda suelta a sus deseos m\u00e1s \u00edntimos.<\/p>\n<p>Reglas:<\/p>\n<ol>\n<li>Arma la torre con los retos mirando hacia abajo e inicia la partida el m\u00e1s joven.<\/li>\n<li>Toma un bloque usando solo una mano y ret\u00edralo con mucho cuidado para no tumbar la torre.<\/li>\n<li>Cada bloque tiene un reto que deber\u00e1s leerlo en voz alta y cumplirlo, en caso no est\u00e9s dispuesto a cumplirlo, deber\u00e1s tomar un shot de castigo.<\/li>\n<li>Luego coloca el bloque en la parte superior De la Torre con el reto mirando hacia abajo.<\/li>\n<li>Quien derr\u00edbele la torre con el reto ser\u00e1 el perdedor y deber\u00e1 pagar un castigo, el castigo ser\u00e1 cumplir la fantas\u00eda del ganador.<\/li>\n<\/ol>\n<p>Si se quedaron con ganas de hacer m\u00e1s travesuras, solo armen la torre y empiecen de nuevo.<\/p>\n","protected":false},"excerpt":{"rendered":"<p>Edad: 18+ Cantidad de jugadores: 2 Duraci\u00f3n: 10-60 min. Idioma: espa\u00f1ol Categor\u00eda: juego para adultos, para dos, de habilidad Jenga Love and Sex, \u00a1un juego que empieza en la mesa y termina en la cama! Love and Sex es el juego de jenga para parejas que quieren salir de la rutina y explorar nuevos niveles [&hellip;]<\/p>\n","protected":false},"featured_media":5040,"comment_status":"open","ping_status":"closed","template":"","meta":[],"product_brand":[],"product_cat":[20,18,59,62],"product_tag":[],"class_list":{"0":"post-5039","1":"product","2":"type-product","3":"status-publish","4":"has-post-thumbnail","6":"product_cat-bondage","7":"product_cat-juguetes","8":"product_cat-kama-sutra","9":"product_cat-regalos","11":"first","12":"instock","13":"shipping-taxable","14":"purchasable","15":"product-type-simple"},"_links":{"self":[{"href":"https:\/\/tiendasamor.com\/index.php\/wp-json\/wp\/v2\/product\/5039","targetHints":{"allow":["GET"]}}],"collection":[{"href":"https:\/\/tiendasamor.com\/index.php\/wp-json\/wp\/v2\/product"}],"about":[{"href":"https:\/\/tiendasamor.com\/index.php\/wp-json\/wp\/v2\/types\/product"}],"replies":[{"embeddable":true,"href":"https:\/\/tiendasamor.com\/index.php\/wp-json\/wp\/v2\/comments?post=5039"}],"wp:featuredmedia":[{"embeddable":true,"href":"https:\/\/tiendasamor.com\/index.php\/wp-json\/wp\/v2\/media\/5040"}],"wp:attachment":[{"href":"https:\/\/tiendasamor.com\/index.php\/wp-json\/wp\/v2\/media?parent=5039"}],"wp:term":[{"taxonomy":"product_brand","embeddable":true,"href":"https:\/\/tiendasamor.com\/index.php\/wp-json\/wp\/v2\/product_brand?post=5039"},{"taxonomy":"product_cat","embeddable":true,"href":"https:\/\/tiendasamor.com\/index.php\/wp-json\/wp\/v2\/product_cat?post=5039"},{"taxonomy":"product_tag","embeddable":true,"href":"https:\/\/tiendasamor.com\/index.php\/wp-json\/wp\/v2\/product_tag?post=5039"}],"curies":[{"name":"wp","href":"https:\/\/api.w.org\/{rel}","templated":true}]}}