{"id":5019,"date":"2025-12-11T17:17:52","date_gmt":"2025-12-11T22:17:52","guid":{"rendered":"https:\/\/tiendasamor.com\/?post_type=product&#038;p=5019"},"modified":"2025-12-11T17:40:47","modified_gmt":"2025-12-11T22:40:47","slug":"pretty-love-olman-10-funciones","status":"publish","type":"product","link":"https:\/\/tiendasamor.com\/index.php\/producto\/pretty-love-olman-10-funciones\/","title":{"rendered":"Pretty Love Olman 10 funciones"},"content":{"rendered":"<p>Este plug anal con luz LED intermitente presenta diferentes patrones de luz para experimentar una serie de cambios de color. Su silicona suave y elegante forma una punta c\u00f3nica que se adapta f\u00e1cilmente a todos los niveles de experiencia. Su v\u00e1stago estrecho lo hace perfecto para un uso prolongado, ya sea para una rave o para una cita. \u00a1Sorprende a tu pareja cuando se apaguen las luces en casa! Con un peso c\u00f3modo, este vibrador anal ofrece potentes vibraciones que te permiten usar diferentes vibraciones para una estimulaci\u00f3n de suave a intensa. Se carga magn\u00e9ticamente y es f\u00e1cil de limpiar<\/p>\n<table border=\"0\" width=\"100%\" cellspacing=\"1\" cellpadding=\"3\" bgcolor=\"#dddddd\">\n<tbody>\n<tr>\n<td align=\"left\" width=\"30%\"><span dir=\"auto\">Funci\u00f3n<\/span><\/td>\n<td align=\"left\" width=\"70%\"><span dir=\"auto\">10 funciones de vibraci\u00f3n<\/span><\/td>\n<\/tr>\n<tr>\n<td align=\"left\" width=\"30%\"><span dir=\"auto\">Material<\/span><\/td>\n<td align=\"left\" width=\"70%\"><span dir=\"auto\">Silicona<\/span><\/td>\n<\/tr>\n<tr>\n<td align=\"left\" width=\"30%\"><span dir=\"auto\">Fuerza<\/span><\/td>\n<td align=\"left\" width=\"70%\"><span dir=\"auto\">Carga USB magn\u00e9tica<\/span><\/td>\n<\/tr>\n<\/tbody>\n<\/table>\n","protected":false},"excerpt":{"rendered":"<p>Este plug anal con luz LED intermitente presenta diferentes patrones de luz para experimentar una serie de cambios de color. Su silicona suave y elegante forma una punta c\u00f3nica que se adapta f\u00e1cilmente a todos los niveles de experiencia. Su v\u00e1stago estrecho lo hace perfecto para un uso prolongado, ya sea para una rave o [&hellip;]<\/p>\n","protected":false},"featured_media":5027,"comment_status":"open","ping_status":"closed","template":"","meta":[],"product_brand":[],"product_cat":[35],"product_tag":[],"class_list":{"0":"post-5019","1":"product","2":"type-product","3":"status-publish","4":"has-post-thumbnail","6":"product_cat-anales","8":"first","9":"instock","10":"shipping-taxable","11":"purchasable","12":"product-type-simple"},"_links":{"self":[{"href":"https:\/\/tiendasamor.com\/index.php\/wp-json\/wp\/v2\/product\/5019","targetHints":{"allow":["GET"]}}],"collection":[{"href":"https:\/\/tiendasamor.com\/index.php\/wp-json\/wp\/v2\/product"}],"about":[{"href":"https:\/\/tiendasamor.com\/index.php\/wp-json\/wp\/v2\/types\/product"}],"replies":[{"embeddable":true,"href":"https:\/\/tiendasamor.com\/index.php\/wp-json\/wp\/v2\/comments?post=5019"}],"wp:featuredmedia":[{"embeddable":true,"href":"https:\/\/tiendasamor.com\/index.php\/wp-json\/wp\/v2\/media\/5027"}],"wp:attachment":[{"href":"https:\/\/tiendasamor.com\/index.php\/wp-json\/wp\/v2\/media?parent=5019"}],"wp:term":[{"taxonomy":"product_brand","embeddable":true,"href":"https:\/\/tiendasamor.com\/index.php\/wp-json\/wp\/v2\/product_brand?post=5019"},{"taxonomy":"product_cat","embeddable":true,"href":"https:\/\/tiendasamor.com\/index.php\/wp-json\/wp\/v2\/product_cat?post=5019"},{"taxonomy":"product_tag","embeddable":true,"href":"https:\/\/tiendasamor.com\/index.php\/wp-json\/wp\/v2\/product_tag?post=5019"}],"curies":[{"name":"wp","href":"https:\/\/api.w.org\/{rel}","templated":true}]}}