{"id":5011,"date":"2025-12-11T15:59:00","date_gmt":"2025-12-11T20:59:00","guid":{"rendered":"https:\/\/tiendasamor.com\/?post_type=product&#038;p=5011"},"modified":"2025-12-11T15:59:00","modified_gmt":"2025-12-11T20:59:00","slug":"oral-vaginal-2-en-1","status":"publish","type":"product","link":"https:\/\/tiendasamor.com\/index.php\/producto\/oral-vaginal-2-en-1\/","title":{"rendered":"Oral &amp; Vaginal 2 en 1"},"content":{"rendered":"<p>\u00a1Disfrute de este modelo de doble placer que le har\u00e1 temblar las rodillas todas las noches con la funda de masturbador masculino superel\u00e1stica!<\/p>\n<p>&nbsp;<\/p>\n<p>Este masturbador ultrarrealista 2 en 1 est\u00e1 hecho de TPE suave como la seda y tiene un pasaje incre\u00edblemente estrecho con un di\u00e1metro de casi cero, lo que lo hace sentir como una garganta real y una vagina realista. La textura \u00fanica en forma de S en el interior te ofrece estimulaci\u00f3n adicional mientras te empujas entre sus labios realistas y sobre su lengua extendida . \u00a1No olvides agregar mucho lubricante a base de agua para una experiencia resbaladiza y llena de saliva!<\/p>\n<p>&nbsp;<\/p>\n<p>Es muy f\u00e1cil de limpiar gracias a su dise\u00f1o abierto, que puede enjuagar con agua tibia y limpiador de juguetes para preparar su masturbador para la pr\u00f3xima vez. El material superel\u00e1stico se adapta perfectamente a tu cuerpo y tambi\u00e9n se puede apretar para una mayor tensi\u00f3n mientras recorres, con un exterior acanalado para un agarre seguro incluso en los paseos m\u00e1s salvajes\u2026<\/p>\n<p>&nbsp;<\/p>\n<p>Caracter\u00edsticas principales de Funda de masturbador masculino superel\u00e1stica para sexo oral:<\/p>\n<p>&nbsp;<\/p>\n<p>\u2013 Dise\u00f1o realista con nariz, labios y lengua extendida.<br \/>\n\u2013 Textura \u00fanica en forma de S en el interior para m\u00e1s estimulaci\u00f3n.<br \/>\n\u2013 Dise\u00f1o de t\u00fanel abierto para facilitar la limpieza.<br \/>\n\u2013 Ajuste ce\u00f1ido para una experiencia de caricias super apretada.<br \/>\n\u2013 Material TPE suave similar a la piel que se siente como el verdadero negocio.<br \/>\n\u2013 Exterior acanalado para un agarre seguro<\/p>\n<p>\u2013 17 cm \/ 6,7\u2033 de largo<br \/>\n\u2013 10 cm \/ 3,95\u2033 de ancho<\/p>\n<p>\u2013 Silicona Tipo Piel.<\/p>\n","protected":false},"excerpt":{"rendered":"<p>\u00a1Disfrute de este modelo de doble placer que le har\u00e1 temblar las rodillas todas las noches con la funda de masturbador masculino superel\u00e1stica! &nbsp; Este masturbador ultrarrealista 2 en 1 est\u00e1 hecho de TPE suave como la seda y tiene un pasaje incre\u00edblemente estrecho con un di\u00e1metro de casi cero, lo que lo hace sentir [&hellip;]<\/p>\n","protected":false},"featured_media":5012,"comment_status":"open","ping_status":"closed","template":"","meta":[],"product_brand":[],"product_cat":[30],"product_tag":[],"class_list":{"0":"post-5011","1":"product","2":"type-product","3":"status-publish","4":"has-post-thumbnail","6":"product_cat-masturbadores","8":"first","9":"instock","10":"shipping-taxable","11":"purchasable","12":"product-type-simple"},"_links":{"self":[{"href":"https:\/\/tiendasamor.com\/index.php\/wp-json\/wp\/v2\/product\/5011","targetHints":{"allow":["GET"]}}],"collection":[{"href":"https:\/\/tiendasamor.com\/index.php\/wp-json\/wp\/v2\/product"}],"about":[{"href":"https:\/\/tiendasamor.com\/index.php\/wp-json\/wp\/v2\/types\/product"}],"replies":[{"embeddable":true,"href":"https:\/\/tiendasamor.com\/index.php\/wp-json\/wp\/v2\/comments?post=5011"}],"wp:featuredmedia":[{"embeddable":true,"href":"https:\/\/tiendasamor.com\/index.php\/wp-json\/wp\/v2\/media\/5012"}],"wp:attachment":[{"href":"https:\/\/tiendasamor.com\/index.php\/wp-json\/wp\/v2\/media?parent=5011"}],"wp:term":[{"taxonomy":"product_brand","embeddable":true,"href":"https:\/\/tiendasamor.com\/index.php\/wp-json\/wp\/v2\/product_brand?post=5011"},{"taxonomy":"product_cat","embeddable":true,"href":"https:\/\/tiendasamor.com\/index.php\/wp-json\/wp\/v2\/product_cat?post=5011"},{"taxonomy":"product_tag","embeddable":true,"href":"https:\/\/tiendasamor.com\/index.php\/wp-json\/wp\/v2\/product_tag?post=5011"}],"curies":[{"name":"wp","href":"https:\/\/api.w.org\/{rel}","templated":true}]}}