{"id":5006,"date":"2025-12-04T17:47:32","date_gmt":"2025-12-04T22:47:32","guid":{"rendered":"https:\/\/tiendasamor.com\/?post_type=product&#038;p=5006"},"modified":"2025-12-04T17:47:32","modified_gmt":"2025-12-04T22:47:32","slug":"romance-mind-blowing-miracles-2","status":"publish","type":"product","link":"https:\/\/tiendasamor.com\/index.php\/producto\/romance-mind-blowing-miracles-2\/","title":{"rendered":"ROMANCE Mind-blowing miracles"},"content":{"rendered":"<p><strong>ROMANCE<\/strong>\u00a0es una marca elegante que ofrece una amplia gama de productos dedicados exclusivamente a todos los aspectos de la salud \u00edntima de la mujer. El surtido se compone de varios productos, incluidos vibradores para los dedos, productos para estimular el cl\u00edtoris, huevos vibradores y muchos m\u00e1s productos de inspiraci\u00f3n discretos pero potentes.<\/p>\n<p>Los juguetes sexuales\u00a0<strong>ROMANCE\u00a0<\/strong>est\u00e1n fabricados en silicona muy fina, regal\u00e1ndole a tu amante un regalo de amor, dise\u00f1os y expresiones de amor modernos y vanguardistas. Los dedos siempre deben usarse para acariciar y provocar los puntos sensibles de nuestro cuerpo.<\/p>\n<p>Y los productos\u00a0<strong>ROMANCE\u00a0<\/strong>ser\u00e1n la elecci\u00f3n perfecta para a\u00f1adir emoci\u00f3n a tus momentos \u00edntimos. \u00a1Que estos productos de atractivo sexual acompa\u00f1en tus momentos de felicidad sexual!<\/p>\n<ul>\n<li>Funci\u00f3n: 7\u00a0funciones de pulsaciones<\/li>\n<li>Carga: Carga magnetica<\/li>\n<li>Material: ABS de silicona<\/li>\n<li>Impermeable<\/li>\n<li>Color: Rosa<\/li>\n<\/ul>\n","protected":false},"excerpt":{"rendered":"<p>ROMANCE\u00a0es una marca elegante que ofrece una amplia gama de productos dedicados exclusivamente a todos los aspectos de la salud \u00edntima de la mujer. El surtido se compone de varios productos, incluidos vibradores para los dedos, productos para estimular el cl\u00edtoris, huevos vibradores y muchos m\u00e1s productos de inspiraci\u00f3n discretos pero potentes. Los juguetes sexuales\u00a0ROMANCE\u00a0est\u00e1n [&hellip;]<\/p>\n","protected":false},"featured_media":5010,"comment_status":"open","ping_status":"closed","template":"","meta":[],"product_brand":[],"product_cat":[44],"product_tag":[],"class_list":{"0":"post-5006","1":"product","2":"type-product","3":"status-publish","4":"has-post-thumbnail","6":"product_cat-clitorales","8":"first","9":"instock","10":"shipping-taxable","11":"purchasable","12":"product-type-simple"},"_links":{"self":[{"href":"https:\/\/tiendasamor.com\/index.php\/wp-json\/wp\/v2\/product\/5006","targetHints":{"allow":["GET"]}}],"collection":[{"href":"https:\/\/tiendasamor.com\/index.php\/wp-json\/wp\/v2\/product"}],"about":[{"href":"https:\/\/tiendasamor.com\/index.php\/wp-json\/wp\/v2\/types\/product"}],"replies":[{"embeddable":true,"href":"https:\/\/tiendasamor.com\/index.php\/wp-json\/wp\/v2\/comments?post=5006"}],"wp:featuredmedia":[{"embeddable":true,"href":"https:\/\/tiendasamor.com\/index.php\/wp-json\/wp\/v2\/media\/5010"}],"wp:attachment":[{"href":"https:\/\/tiendasamor.com\/index.php\/wp-json\/wp\/v2\/media?parent=5006"}],"wp:term":[{"taxonomy":"product_brand","embeddable":true,"href":"https:\/\/tiendasamor.com\/index.php\/wp-json\/wp\/v2\/product_brand?post=5006"},{"taxonomy":"product_cat","embeddable":true,"href":"https:\/\/tiendasamor.com\/index.php\/wp-json\/wp\/v2\/product_cat?post=5006"},{"taxonomy":"product_tag","embeddable":true,"href":"https:\/\/tiendasamor.com\/index.php\/wp-json\/wp\/v2\/product_tag?post=5006"}],"curies":[{"name":"wp","href":"https:\/\/api.w.org\/{rel}","templated":true}]}}