{"id":4993,"date":"2025-11-13T20:09:32","date_gmt":"2025-11-14T01:09:32","guid":{"rendered":"https:\/\/tiendasamor.com\/?post_type=product&#038;p=4993"},"modified":"2025-11-13T20:10:00","modified_gmt":"2025-11-14T01:10:00","slug":"penis-pump-the-best-enlargement-system","status":"publish","type":"product","link":"https:\/\/tiendasamor.com\/index.php\/producto\/penis-pump-the-best-enlargement-system\/","title":{"rendered":"Penis Pump The Best Enlargement System"},"content":{"rendered":"<p>Bomba de pene autom\u00e1tica con bater\u00eda La presi\u00f3n\/succi\u00f3n negativa ayuda a relajar las c\u00e9lulas del m\u00fasculo liso, lo que permite que la esponja se hinche.<\/p>\n<p>Despu\u00e9s de que la esponja se expande, la sangre arterial fluye hacia adentro para acelerar la hiperemia de la esponja y aumenta la dureza de su pene.<\/p>\n<p>Cuanto m\u00e1s esponja es Inflado, m\u00e1s s\u00f3lido ser\u00e1 su pene y m\u00e1s crecer\u00e1.<\/p>\n<p>La presi\u00f3n del aire aumentar\u00e1 su cuerpo cavernoso, con baja presi\u00f3n de vac\u00edo en el cilindro, su cuerpo cavernoso se ejercitar\u00e1 de manera f\u00edsica segura.<\/p>\n<p>El dise\u00f1o universal se adapta a todos.<\/p>\n<p>Caracter\u00edsticas<\/p>\n<ul>\n<li>2 niveles de succi\u00f3n.<\/li>\n<li>Pilas f\u00e1ciles de cambiar, requiere 3 AAA no incluidas.<\/li>\n<li>La bomba de pene autom\u00e1tica hace todo el trabajo por usted.<\/li>\n<li>M\u00e1s silencioso de usar que la mayor\u00eda de las bombas motorizadas.<\/li>\n<li>Bomba desmontable para f\u00e1cil limpieza.<\/li>\n<li>El potente motor crea una succi\u00f3n r\u00e1pida.<\/li>\n<\/ul>\n","protected":false},"excerpt":{"rendered":"<p>Bomba de pene autom\u00e1tica con bater\u00eda La presi\u00f3n\/succi\u00f3n negativa ayuda a relajar las c\u00e9lulas del m\u00fasculo liso, lo que permite que la esponja se hinche. Despu\u00e9s de que la esponja se expande, la sangre arterial fluye hacia adentro para acelerar la hiperemia de la esponja y aumenta la dureza de su pene. Cuanto m\u00e1s esponja [&hellip;]<\/p>\n","protected":false},"featured_media":4994,"comment_status":"open","ping_status":"closed","template":"","meta":[],"product_brand":[],"product_cat":[38],"product_tag":[],"class_list":{"0":"post-4993","1":"product","2":"type-product","3":"status-publish","4":"has-post-thumbnail","6":"product_cat-bomba-de-succion","8":"first","9":"instock","10":"shipping-taxable","11":"purchasable","12":"product-type-simple"},"_links":{"self":[{"href":"https:\/\/tiendasamor.com\/index.php\/wp-json\/wp\/v2\/product\/4993","targetHints":{"allow":["GET"]}}],"collection":[{"href":"https:\/\/tiendasamor.com\/index.php\/wp-json\/wp\/v2\/product"}],"about":[{"href":"https:\/\/tiendasamor.com\/index.php\/wp-json\/wp\/v2\/types\/product"}],"replies":[{"embeddable":true,"href":"https:\/\/tiendasamor.com\/index.php\/wp-json\/wp\/v2\/comments?post=4993"}],"wp:featuredmedia":[{"embeddable":true,"href":"https:\/\/tiendasamor.com\/index.php\/wp-json\/wp\/v2\/media\/4994"}],"wp:attachment":[{"href":"https:\/\/tiendasamor.com\/index.php\/wp-json\/wp\/v2\/media?parent=4993"}],"wp:term":[{"taxonomy":"product_brand","embeddable":true,"href":"https:\/\/tiendasamor.com\/index.php\/wp-json\/wp\/v2\/product_brand?post=4993"},{"taxonomy":"product_cat","embeddable":true,"href":"https:\/\/tiendasamor.com\/index.php\/wp-json\/wp\/v2\/product_cat?post=4993"},{"taxonomy":"product_tag","embeddable":true,"href":"https:\/\/tiendasamor.com\/index.php\/wp-json\/wp\/v2\/product_tag?post=4993"}],"curies":[{"name":"wp","href":"https:\/\/api.w.org\/{rel}","templated":true}]}}